{"id":3230,"date":"2025-02-06T16:45:39","date_gmt":"2025-02-06T16:45:39","guid":{"rendered":"https:\/\/kastenkidz.com\/product\/spele-man-ir-darzeni-un-ogas\/"},"modified":"2025-02-11T17:05:51","modified_gmt":"2025-02-11T17:05:51","slug":"spele-man-ir-darzeni-un-ogas","status":"publish","type":"product","link":"https:\/\/kastenkidz.com\/lv\/products\/spele-man-ir-darzeni-un-ogas\/","title":{"rendered":"Sp\u0113le &#8220;Man ir d\u0101rze\u0146i un ogas&#8221;"},"content":{"rendered":"<p>\u201eMan ir\u201d d\u0101rze\u0146i un aug\u013ci\u00a0\u2013 t\u0101 ir sp\u0113le un vienlaikus darb\u012bba, kas pal\u012bdz\u0113s atpaz\u012bt un iem\u0101c\u012bties bie\u017e\u0101k sastopamos aug\u013cus un d\u0101rze\u0146us.<br \/>\nSp\u0113les noteikumi: sp\u0113l\u0113t\u0101jiem izdala visas kart\u012btes. Izv\u0113las b\u0113rnu, kur\u0161 s\u0101ks sp\u0113li. Sp\u0113l\u0113t\u0101jam ska\u013ci j\u0101saka \u201eKam ir\u201d un j\u0101nosauc zem\u0101k eso\u0161ais att\u0113ls (piem\u0113ram, gur\u0137is). P\u0113c tam p\u0101r\u0113jie sp\u0113l\u0113t\u0101ji p\u0101rbauda, vai uz vi\u0146u kart\u012bt\u0113m ir gur\u0137is. B\u0113rnam ar gur\u0137i uz kart\u012btes j\u0101pasaka \u201eMan ir gur\u0137is\u201d un j\u0101jaut\u0101 citiem b\u0113rniem \u201eKam ir\u201d tas, kas zem\u0101k eso\u0161aj\u0101 att\u0113l\u0101 (piem\u0113ram, ananass). B\u0113rns noliek kart\u012bti, un, ja vi\u0146am nav vair\u0101k kart\u012b\u0161u, beidz sp\u0113li. Citi b\u0113rni mekl\u0113 kart\u012bt\u0113s ananasu, l\u012bdz k\u0101ds to atrod&#8230; Sp\u0113le beidzas, kad vairs nav kart\u012b\u0161u.<\/p>\n<p>Komplekt\u0101cija: 24\u00a0kart\u012btes ar aug\u013ciem un d\u0101rze\u0146iem. <\/p>\n","protected":false},"excerpt":{"rendered":"<p>\u201eMan ir\u201d d\u0101rze\u0146i un aug\u013ci\u00a0\u2013 t\u0101 ir sp\u0113le un vienlaikus darb\u012bba, kas pal\u012bdz\u0113s atpaz\u012bt un iem\u0101c\u012bties bie\u017e\u0101k sastopamos aug\u013cus un d\u0101rze\u0146us. Sp\u0113les noteikumi: sp\u0113l\u0113t\u0101jiem izdala visas kart\u012btes. Izv\u0113las b\u0113rnu, kur\u0161 s\u0101ks sp\u0113li. Sp\u0113l\u0113t\u0101jam ska\u013ci j\u0101saka \u201eKam ir\u201d un j\u0101nosauc zem\u0101k eso\u0161ais att\u0113ls (piem\u0113ram, gur\u0137is). P\u0113c tam p\u0101r\u0113jie sp\u0113l\u0113t\u0101ji p\u0101rbauda, vai uz vi\u0146u kart\u012bt\u0113m ir gur\u0137is. [&hellip;]<\/p>\n","protected":false},"featured_media":3232,"comment_status":"closed","ping_status":"closed","template":"","meta":{"_acf_changed":false,"site-sidebar-layout":"default","site-content-layout":"","ast-site-content-layout":"default","site-content-style":"default","site-sidebar-style":"default","ast-global-header-display":"","ast-banner-title-visibility":"","ast-main-header-display":"","ast-hfb-above-header-display":"","ast-hfb-below-header-display":"","ast-hfb-mobile-header-display":"","site-post-title":"","ast-breadcrumbs-content":"","ast-featured-img":"","footer-sml-layout":"","ast-disable-related-posts":"","theme-transparent-header-meta":"default","adv-header-id-meta":"","stick-header-meta":"default","header-above-stick-meta":"","header-main-stick-meta":"","header-below-stick-meta":"","astra-migrate-meta-layouts":"set","ast-page-background-enabled":"default","ast-page-background-meta":{"desktop":{"background-color":"","background-image":"","background-repeat":"repeat","background-position":"center center","background-size":"auto","background-attachment":"scroll","background-type":"","background-media":"","overlay-type":"","overlay-color":"","overlay-opacity":"","overlay-gradient":""},"tablet":{"background-color":"","background-image":"","background-repeat":"repeat","background-position":"center center","background-size":"auto","background-attachment":"scroll","background-type":"","background-media":"","overlay-type":"","overlay-color":"","overlay-opacity":"","overlay-gradient":""},"mobile":{"background-color":"","background-image":"","background-repeat":"repeat","background-position":"center center","background-size":"auto","background-attachment":"scroll","background-type":"","background-media":"","overlay-type":"","overlay-color":"","overlay-opacity":"","overlay-gradient":""}},"ast-content-background-meta":{"desktop":{"background-color":"var(--ast-global-color-5)","background-image":"","background-repeat":"repeat","background-position":"center center","background-size":"auto","background-attachment":"scroll","background-type":"","background-media":"","overlay-type":"","overlay-color":"","overlay-opacity":"","overlay-gradient":""},"tablet":{"background-color":"var(--ast-global-color-5)","background-image":"","background-repeat":"repeat","background-position":"center center","background-size":"auto","background-attachment":"scroll","background-type":"","background-media":"","overlay-type":"","overlay-color":"","overlay-opacity":"","overlay-gradient":""},"mobile":{"background-color":"var(--ast-global-color-5)","background-image":"","background-repeat":"repeat","background-position":"center center","background-size":"auto","background-attachment":"scroll","background-type":"","background-media":"","overlay-type":"","overlay-color":"","overlay-opacity":"","overlay-gradient":""}}},"product_brand":[],"product_cat":[77],"product_tag":[],"class_list":{"0":"post-3230","1":"product","2":"type-product","3":"status-publish","4":"has-post-thumbnail","6":"product_cat-speles","7":"desktop-align-center","8":"tablet-align-left","9":"mobile-align-center","10":"ast-product-gallery-layout-first-image-large","11":"ast-product-gallery-with-no-image","12":"ast-product-tabs-layout-horizontal","14":"first","15":"instock","16":"sale","17":"downloadable","18":"virtual","19":"sold-individually","20":"purchasable","21":"product-type-simple"},"acf":[],"_links":{"self":[{"href":"https:\/\/kastenkidz.com\/lv\/wp-json\/wp\/v2\/product\/3230","targetHints":{"allow":["GET"]}}],"collection":[{"href":"https:\/\/kastenkidz.com\/lv\/wp-json\/wp\/v2\/product"}],"about":[{"href":"https:\/\/kastenkidz.com\/lv\/wp-json\/wp\/v2\/types\/product"}],"replies":[{"embeddable":true,"href":"https:\/\/kastenkidz.com\/lv\/wp-json\/wp\/v2\/comments?post=3230"}],"wp:featuredmedia":[{"embeddable":true,"href":"https:\/\/kastenkidz.com\/lv\/wp-json\/wp\/v2\/media\/3232"}],"wp:attachment":[{"href":"https:\/\/kastenkidz.com\/lv\/wp-json\/wp\/v2\/media?parent=3230"}],"wp:term":[{"taxonomy":"product_brand","embeddable":true,"href":"https:\/\/kastenkidz.com\/lv\/wp-json\/wp\/v2\/product_brand?post=3230"},{"taxonomy":"product_cat","embeddable":true,"href":"https:\/\/kastenkidz.com\/lv\/wp-json\/wp\/v2\/product_cat?post=3230"},{"taxonomy":"product_tag","embeddable":true,"href":"https:\/\/kastenkidz.com\/lv\/wp-json\/wp\/v2\/product_tag?post=3230"}],"curies":[{"name":"wp","href":"https:\/\/api.w.org\/{rel}","templated":true}]}}