{"id":3224,"date":"2025-02-06T16:45:39","date_gmt":"2025-02-06T16:45:39","guid":{"rendered":"https:\/\/kastenkidz.com\/product\/atpazisti-emocijas\/"},"modified":"2025-02-11T17:03:26","modified_gmt":"2025-02-11T17:03:26","slug":"atpazisti-emocijas","status":"publish","type":"product","link":"https:\/\/kastenkidz.com\/lv\/products\/atpazisti-emocijas\/","title":{"rendered":"Atpaz\u012bsti emocijas"},"content":{"rendered":"<p>Emociju atpaz\u012b\u0161anas sp\u0113le pal\u012bdz saprast savas un citu emocijas.<br \/>\nIesp\u0113jam\u0101s sp\u0113les:<br \/>\n1. Uzmini emociju. Izvelciet vienu emociju kart\u012bti, uzman\u012bgi to izp\u0113tiet; kad saprotat, k\u0101da emocija att\u0113lota, past\u0101stiet, kad j\u016btaties l\u012bdz\u012bgi.<\/p>\n<p>2. Att\u0113lo emociju bez v\u0101rdiem. Dal\u012bbnieki izvelk emociju kart\u012bti, klus\u012bb\u0101 izlasa emocijas nosaukumu, m\u0113\u0123ina to att\u0113lot, citiem dal\u012bbniekiem j\u0101uzmin att\u0113lot\u0101 emocija.<br \/>\nPiem\u0113rota sp\u0113l\u0113\u0161anai pa p\u0101riem un grup\u0101s.<\/p>\n<p>Komplekt\u0101cija: 24 emociju kart\u012btes. <\/p>\n","protected":false},"excerpt":{"rendered":"<p>Emociju atpaz\u012b\u0161anas sp\u0113le pal\u012bdz saprast savas un citu emocijas. Iesp\u0113jam\u0101s sp\u0113les: 1. Uzmini emociju. Izvelciet vienu emociju kart\u012bti, uzman\u012bgi to izp\u0113tiet; kad saprotat, k\u0101da emocija att\u0113lota, past\u0101stiet, kad j\u016btaties l\u012bdz\u012bgi. 2. Att\u0113lo emociju bez v\u0101rdiem. Dal\u012bbnieki izvelk emociju kart\u012bti, klus\u012bb\u0101 izlasa emocijas nosaukumu, m\u0113\u0123ina to att\u0113lot, citiem dal\u012bbniekiem j\u0101uzmin att\u0113lot\u0101 emocija. Piem\u0113rota sp\u0113l\u0113\u0161anai pa p\u0101riem [&hellip;]<\/p>\n","protected":false},"featured_media":3226,"comment_status":"closed","ping_status":"closed","template":"","meta":{"_acf_changed":false,"site-sidebar-layout":"default","site-content-layout":"","ast-site-content-layout":"default","site-content-style":"default","site-sidebar-style":"default","ast-global-header-display":"","ast-banner-title-visibility":"","ast-main-header-display":"","ast-hfb-above-header-display":"","ast-hfb-below-header-display":"","ast-hfb-mobile-header-display":"","site-post-title":"","ast-breadcrumbs-content":"","ast-featured-img":"","footer-sml-layout":"","ast-disable-related-posts":"","theme-transparent-header-meta":"default","adv-header-id-meta":"","stick-header-meta":"default","header-above-stick-meta":"","header-main-stick-meta":"","header-below-stick-meta":"","astra-migrate-meta-layouts":"set","ast-page-background-enabled":"default","ast-page-background-meta":{"desktop":{"background-color":"","background-image":"","background-repeat":"repeat","background-position":"center center","background-size":"auto","background-attachment":"scroll","background-type":"","background-media":"","overlay-type":"","overlay-color":"","overlay-opacity":"","overlay-gradient":""},"tablet":{"background-color":"","background-image":"","background-repeat":"repeat","background-position":"center center","background-size":"auto","background-attachment":"scroll","background-type":"","background-media":"","overlay-type":"","overlay-color":"","overlay-opacity":"","overlay-gradient":""},"mobile":{"background-color":"","background-image":"","background-repeat":"repeat","background-position":"center center","background-size":"auto","background-attachment":"scroll","background-type":"","background-media":"","overlay-type":"","overlay-color":"","overlay-opacity":"","overlay-gradient":""}},"ast-content-background-meta":{"desktop":{"background-color":"var(--ast-global-color-5)","background-image":"","background-repeat":"repeat","background-position":"center center","background-size":"auto","background-attachment":"scroll","background-type":"","background-media":"","overlay-type":"","overlay-color":"","overlay-opacity":"","overlay-gradient":""},"tablet":{"background-color":"var(--ast-global-color-5)","background-image":"","background-repeat":"repeat","background-position":"center center","background-size":"auto","background-attachment":"scroll","background-type":"","background-media":"","overlay-type":"","overlay-color":"","overlay-opacity":"","overlay-gradient":""},"mobile":{"background-color":"var(--ast-global-color-5)","background-image":"","background-repeat":"repeat","background-position":"center center","background-size":"auto","background-attachment":"scroll","background-type":"","background-media":"","overlay-type":"","overlay-color":"","overlay-opacity":"","overlay-gradient":""}}},"product_brand":[],"product_cat":[75],"product_tag":[],"class_list":{"0":"post-3224","1":"product","2":"type-product","3":"status-publish","4":"has-post-thumbnail","6":"product_cat-puzles-un-kartis","7":"desktop-align-center","8":"tablet-align-left","9":"mobile-align-center","10":"ast-product-gallery-layout-first-image-large","11":"ast-product-tabs-layout-horizontal","13":"first","14":"instock","15":"sale","16":"downloadable","17":"virtual","18":"sold-individually","19":"purchasable","20":"product-type-simple"},"acf":[],"_links":{"self":[{"href":"https:\/\/kastenkidz.com\/lv\/wp-json\/wp\/v2\/product\/3224","targetHints":{"allow":["GET"]}}],"collection":[{"href":"https:\/\/kastenkidz.com\/lv\/wp-json\/wp\/v2\/product"}],"about":[{"href":"https:\/\/kastenkidz.com\/lv\/wp-json\/wp\/v2\/types\/product"}],"replies":[{"embeddable":true,"href":"https:\/\/kastenkidz.com\/lv\/wp-json\/wp\/v2\/comments?post=3224"}],"wp:featuredmedia":[{"embeddable":true,"href":"https:\/\/kastenkidz.com\/lv\/wp-json\/wp\/v2\/media\/3226"}],"wp:attachment":[{"href":"https:\/\/kastenkidz.com\/lv\/wp-json\/wp\/v2\/media?parent=3224"}],"wp:term":[{"taxonomy":"product_brand","embeddable":true,"href":"https:\/\/kastenkidz.com\/lv\/wp-json\/wp\/v2\/product_brand?post=3224"},{"taxonomy":"product_cat","embeddable":true,"href":"https:\/\/kastenkidz.com\/lv\/wp-json\/wp\/v2\/product_cat?post=3224"},{"taxonomy":"product_tag","embeddable":true,"href":"https:\/\/kastenkidz.com\/lv\/wp-json\/wp\/v2\/product_tag?post=3224"}],"curies":[{"name":"wp","href":"https:\/\/api.w.org\/{rel}","templated":true}]}}