{"id":3214,"date":"2025-02-06T16:45:39","date_gmt":"2025-02-06T16:45:39","guid":{"rendered":"https:\/\/kastenkidz.com\/product\/figuru-un-krasu-atpazisanas-spele\/"},"modified":"2025-02-11T19:12:19","modified_gmt":"2025-02-11T19:12:19","slug":"figuru-un-krasu-atpazisanas-spele","status":"publish","type":"product","link":"https:\/\/kastenkidz.com\/lv\/products\/figuru-un-krasu-atpazisanas-spele\/","title":{"rendered":"Fig\u016bru un kr\u0101su atpaz\u012b\u0161anas sp\u0113le"},"content":{"rendered":"<p>Lieliska galda sp\u0113le maziem b\u0113rniem. \u0160\u012b motiv\u0113jo\u0161\u0101 sp\u0113le ir v\u0113rsta uz kr\u0101su, \u0123eometrisku fig\u016bru un simbolu apguvi vai prasmju nostiprin\u0101\u0161anu.<br \/>\nHaizivs baro\u0161ana, ieb\u0101\u017eot zivi tie\u0161i t\u0101s \u017eok\u013cos, ir ne tikai prieks mazajiem, bet ar\u012b sniedz gandar\u012bjumu.<br \/>\nZiv\u012bm j\u0101atbilst sp\u0113les laik\u0101 izvilkto kart\u012b\u0161u fig\u016brai un kr\u0101sai!<br \/>\nLai laba mak\u0161\u0137er\u0113\u0161ana! <\/p>\n","protected":false},"excerpt":{"rendered":"<p>Lieliska galda sp\u0113le maziem b\u0113rniem. \u0160\u012b motiv\u0113jo\u0161\u0101 sp\u0113le ir v\u0113rsta uz kr\u0101su, \u0123eometrisku fig\u016bru un simbolu apguvi vai prasmju nostiprin\u0101\u0161anu. Haizivs baro\u0161ana, ieb\u0101\u017eot zivi tie\u0161i t\u0101s \u017eok\u013cos, ir ne tikai prieks mazajiem, bet ar\u012b sniedz gandar\u012bjumu. Ziv\u012bm j\u0101atbilst sp\u0113les laik\u0101 izvilkto kart\u012b\u0161u fig\u016brai un kr\u0101sai! Lai laba mak\u0161\u0137er\u0113\u0161ana!<\/p>\n","protected":false},"featured_media":3216,"comment_status":"closed","ping_status":"closed","template":"","meta":{"_acf_changed":false,"site-sidebar-layout":"default","site-content-layout":"","ast-site-content-layout":"default","site-content-style":"default","site-sidebar-style":"default","ast-global-header-display":"","ast-banner-title-visibility":"","ast-main-header-display":"","ast-hfb-above-header-display":"","ast-hfb-below-header-display":"","ast-hfb-mobile-header-display":"","site-post-title":"","ast-breadcrumbs-content":"","ast-featured-img":"","footer-sml-layout":"","ast-disable-related-posts":"","theme-transparent-header-meta":"default","adv-header-id-meta":"","stick-header-meta":"default","header-above-stick-meta":"","header-main-stick-meta":"","header-below-stick-meta":"","astra-migrate-meta-layouts":"set","ast-page-background-enabled":"default","ast-page-background-meta":{"desktop":{"background-color":"","background-image":"","background-repeat":"repeat","background-position":"center center","background-size":"auto","background-attachment":"scroll","background-type":"","background-media":"","overlay-type":"","overlay-color":"","overlay-opacity":"","overlay-gradient":""},"tablet":{"background-color":"","background-image":"","background-repeat":"repeat","background-position":"center center","background-size":"auto","background-attachment":"scroll","background-type":"","background-media":"","overlay-type":"","overlay-color":"","overlay-opacity":"","overlay-gradient":""},"mobile":{"background-color":"","background-image":"","background-repeat":"repeat","background-position":"center center","background-size":"auto","background-attachment":"scroll","background-type":"","background-media":"","overlay-type":"","overlay-color":"","overlay-opacity":"","overlay-gradient":""}},"ast-content-background-meta":{"desktop":{"background-color":"var(--ast-global-color-5)","background-image":"","background-repeat":"repeat","background-position":"center center","background-size":"auto","background-attachment":"scroll","background-type":"","background-media":"","overlay-type":"","overlay-color":"","overlay-opacity":"","overlay-gradient":""},"tablet":{"background-color":"var(--ast-global-color-5)","background-image":"","background-repeat":"repeat","background-position":"center center","background-size":"auto","background-attachment":"scroll","background-type":"","background-media":"","overlay-type":"","overlay-color":"","overlay-opacity":"","overlay-gradient":""},"mobile":{"background-color":"var(--ast-global-color-5)","background-image":"","background-repeat":"repeat","background-position":"center center","background-size":"auto","background-attachment":"scroll","background-type":"","background-media":"","overlay-type":"","overlay-color":"","overlay-opacity":"","overlay-gradient":""}}},"product_brand":[],"product_cat":[77],"product_tag":[],"class_list":{"0":"post-3214","1":"product","2":"type-product","3":"status-publish","4":"has-post-thumbnail","6":"product_cat-speles","7":"desktop-align-center","8":"tablet-align-left","9":"mobile-align-center","10":"ast-product-gallery-layout-first-image-large","11":"ast-product-gallery-with-no-image","12":"ast-product-tabs-layout-horizontal","14":"first","15":"instock","16":"sale","17":"downloadable","18":"virtual","19":"sold-individually","20":"purchasable","21":"product-type-simple"},"acf":[],"_links":{"self":[{"href":"https:\/\/kastenkidz.com\/lv\/wp-json\/wp\/v2\/product\/3214","targetHints":{"allow":["GET"]}}],"collection":[{"href":"https:\/\/kastenkidz.com\/lv\/wp-json\/wp\/v2\/product"}],"about":[{"href":"https:\/\/kastenkidz.com\/lv\/wp-json\/wp\/v2\/types\/product"}],"replies":[{"embeddable":true,"href":"https:\/\/kastenkidz.com\/lv\/wp-json\/wp\/v2\/comments?post=3214"}],"wp:featuredmedia":[{"embeddable":true,"href":"https:\/\/kastenkidz.com\/lv\/wp-json\/wp\/v2\/media\/3216"}],"wp:attachment":[{"href":"https:\/\/kastenkidz.com\/lv\/wp-json\/wp\/v2\/media?parent=3214"}],"wp:term":[{"taxonomy":"product_brand","embeddable":true,"href":"https:\/\/kastenkidz.com\/lv\/wp-json\/wp\/v2\/product_brand?post=3214"},{"taxonomy":"product_cat","embeddable":true,"href":"https:\/\/kastenkidz.com\/lv\/wp-json\/wp\/v2\/product_cat?post=3214"},{"taxonomy":"product_tag","embeddable":true,"href":"https:\/\/kastenkidz.com\/lv\/wp-json\/wp\/v2\/product_tag?post=3214"}],"curies":[{"name":"wp","href":"https:\/\/api.w.org\/{rel}","templated":true}]}}