{"id":3208,"date":"2025-02-06T16:45:39","date_gmt":"2025-02-06T16:45:39","guid":{"rendered":"https:\/\/kastenkidz.com\/product\/izglitibas-riks-publisks-privats\/"},"modified":"2025-02-11T17:22:56","modified_gmt":"2025-02-11T17:22:56","slug":"izglitibas-riks-publisks-privats","status":"publish","type":"product","link":"https:\/\/kastenkidz.com\/lv\/products\/izglitibas-riks-publisks-privats\/","title":{"rendered":"Izgl\u012btojo\u0161s r\u012bks &#8220;Publiskais un Priv\u0101tais&#8221;"},"content":{"rendered":"<p>M\u0101c\u012bbu l\u012bdzeklis iem\u0101c\u012bs b\u0113rnam at\u0161\u0137irt publiskus objektus un vietas no priv\u0101tiem, \u0123imenes locek\u013cus no pazi\u0146\u0101m, cilv\u0113kus, kuri var pal\u012bdz\u0113t sabiedr\u012bbai, no tiem, kuri mekl\u0113 labumu sev.<br \/>\nLai lab\u0101k uztvertu inform\u0101ciju, \u013caujiet b\u0113rnam att\u0113lus ar pareizo atbildi savienot ar bulti\u0146\u0101m.<br \/>\nApspriediet j\u0113dzienus \u201ePUBLISKS UN PRIV\u0100TS\u201d (koplietojami un person\u012bgi priek\u0161meti, vietas) un cilv\u0113ku grupas (sazi\u0146as noteikumi ar katras grupas cilv\u0113kiem). <\/p>\n<p>Komplekt\u0101cija: 4 lapas. <\/p>\n","protected":false},"excerpt":{"rendered":"<p>M\u0101c\u012bbu l\u012bdzeklis iem\u0101c\u012bs b\u0113rnam at\u0161\u0137irt publiskus objektus un vietas no priv\u0101tiem, \u0123imenes locek\u013cus no pazi\u0146\u0101m, cilv\u0113kus, kuri var pal\u012bdz\u0113t sabiedr\u012bbai, no tiem, kuri mekl\u0113 labumu sev. Lai lab\u0101k uztvertu inform\u0101ciju, \u013caujiet b\u0113rnam att\u0113lus ar pareizo atbildi savienot ar bulti\u0146\u0101m. Apspriediet j\u0113dzienus \u201ePUBLISKS UN PRIV\u0100TS\u201d (koplietojami un person\u012bgi priek\u0161meti, vietas) un cilv\u0113ku grupas (sazi\u0146as noteikumi ar [&hellip;]<\/p>\n","protected":false},"featured_media":3210,"comment_status":"closed","ping_status":"closed","template":"","meta":{"_acf_changed":false,"site-sidebar-layout":"default","site-content-layout":"","ast-site-content-layout":"default","site-content-style":"default","site-sidebar-style":"default","ast-global-header-display":"","ast-banner-title-visibility":"","ast-main-header-display":"","ast-hfb-above-header-display":"","ast-hfb-below-header-display":"","ast-hfb-mobile-header-display":"","site-post-title":"","ast-breadcrumbs-content":"","ast-featured-img":"","footer-sml-layout":"","ast-disable-related-posts":"","theme-transparent-header-meta":"default","adv-header-id-meta":"","stick-header-meta":"default","header-above-stick-meta":"","header-main-stick-meta":"","header-below-stick-meta":"","astra-migrate-meta-layouts":"set","ast-page-background-enabled":"default","ast-page-background-meta":{"desktop":{"background-color":"","background-image":"","background-repeat":"repeat","background-position":"center center","background-size":"auto","background-attachment":"scroll","background-type":"","background-media":"","overlay-type":"","overlay-color":"","overlay-opacity":"","overlay-gradient":""},"tablet":{"background-color":"","background-image":"","background-repeat":"repeat","background-position":"center center","background-size":"auto","background-attachment":"scroll","background-type":"","background-media":"","overlay-type":"","overlay-color":"","overlay-opacity":"","overlay-gradient":""},"mobile":{"background-color":"","background-image":"","background-repeat":"repeat","background-position":"center center","background-size":"auto","background-attachment":"scroll","background-type":"","background-media":"","overlay-type":"","overlay-color":"","overlay-opacity":"","overlay-gradient":""}},"ast-content-background-meta":{"desktop":{"background-color":"var(--ast-global-color-5)","background-image":"","background-repeat":"repeat","background-position":"center center","background-size":"auto","background-attachment":"scroll","background-type":"","background-media":"","overlay-type":"","overlay-color":"","overlay-opacity":"","overlay-gradient":""},"tablet":{"background-color":"var(--ast-global-color-5)","background-image":"","background-repeat":"repeat","background-position":"center center","background-size":"auto","background-attachment":"scroll","background-type":"","background-media":"","overlay-type":"","overlay-color":"","overlay-opacity":"","overlay-gradient":""},"mobile":{"background-color":"var(--ast-global-color-5)","background-image":"","background-repeat":"repeat","background-position":"center center","background-size":"auto","background-attachment":"scroll","background-type":"","background-media":"","overlay-type":"","overlay-color":"","overlay-opacity":"","overlay-gradient":""}}},"product_brand":[],"product_cat":[78],"product_tag":[],"class_list":{"0":"post-3208","1":"product","2":"type-product","3":"status-publish","4":"has-post-thumbnail","6":"product_cat-skirosana","7":"desktop-align-center","8":"tablet-align-left","9":"mobile-align-center","10":"ast-product-gallery-layout-first-image-large","11":"ast-product-tabs-layout-horizontal","13":"first","14":"instock","15":"sale","16":"downloadable","17":"virtual","18":"sold-individually","19":"purchasable","20":"product-type-simple"},"acf":[],"_links":{"self":[{"href":"https:\/\/kastenkidz.com\/lv\/wp-json\/wp\/v2\/product\/3208","targetHints":{"allow":["GET"]}}],"collection":[{"href":"https:\/\/kastenkidz.com\/lv\/wp-json\/wp\/v2\/product"}],"about":[{"href":"https:\/\/kastenkidz.com\/lv\/wp-json\/wp\/v2\/types\/product"}],"replies":[{"embeddable":true,"href":"https:\/\/kastenkidz.com\/lv\/wp-json\/wp\/v2\/comments?post=3208"}],"wp:featuredmedia":[{"embeddable":true,"href":"https:\/\/kastenkidz.com\/lv\/wp-json\/wp\/v2\/media\/3210"}],"wp:attachment":[{"href":"https:\/\/kastenkidz.com\/lv\/wp-json\/wp\/v2\/media?parent=3208"}],"wp:term":[{"taxonomy":"product_brand","embeddable":true,"href":"https:\/\/kastenkidz.com\/lv\/wp-json\/wp\/v2\/product_brand?post=3208"},{"taxonomy":"product_cat","embeddable":true,"href":"https:\/\/kastenkidz.com\/lv\/wp-json\/wp\/v2\/product_cat?post=3208"},{"taxonomy":"product_tag","embeddable":true,"href":"https:\/\/kastenkidz.com\/lv\/wp-json\/wp\/v2\/product_tag?post=3208"}],"curies":[{"name":"wp","href":"https:\/\/api.w.org\/{rel}","templated":true}]}}