{"id":3192,"date":"2025-02-06T16:45:39","date_gmt":"2025-02-06T16:45:39","guid":{"rendered":"https:\/\/kastenkidz.com\/product\/matematikas-uzdevumi-pirmsskolas-vecuma-berniem\/"},"modified":"2025-02-11T17:18:58","modified_gmt":"2025-02-11T17:18:58","slug":"matematikas-uzdevumi-pirmsskolas-vecuma-berniem","status":"publish","type":"product","link":"https:\/\/kastenkidz.com\/lv\/products\/matematikas-uzdevumi-pirmsskolas-vecuma-berniem\/","title":{"rendered":"Matem\u0101tikas uzdevumi pirmsskolas vecuma b\u0113rniem"},"content":{"rendered":"<p>Darba burtn\u012bca pirmsskolas vecuma b\u0113rniem, kas pal\u012bdz\u0113s nostiprin\u0101t j\u016bsu b\u0113rna matem\u0101tisk\u0101s prasmes. Izpildot uzdevumus, j\u016bsu b\u0113rns:<br \/>\n&#8211; b\u016bs apguvis prasmi sal\u012bdzin\u0101t lietu grupas;<br \/>\n&#8211; b\u016bs ieguvis izpratni par skait\u013cu strukt\u016bru;<br \/>\n&#8211; b\u016bs ieguvis izpratni par j\u0113dzieniem \u201evair\u0101k\u201d, \u201emaz\u0101k\u201d un \u201evien\u0101ds\u201d;<br \/>\n&#8211; iem\u0101c\u012bsies at\u0146emt un saskait\u012bt;<br \/>\n&#8211; iegaum\u0113s aritm\u0113tisk\u0101s z\u012bmes. <\/p>\n<p>Komplekt\u0101cija: 20 lapas \u2013 20 uzdevumi. <\/p>\n","protected":false},"excerpt":{"rendered":"<p>Darba burtn\u012bca pirmsskolas vecuma b\u0113rniem, kas pal\u012bdz\u0113s nostiprin\u0101t j\u016bsu b\u0113rna matem\u0101tisk\u0101s prasmes. Izpildot uzdevumus, j\u016bsu b\u0113rns: &#8211; b\u016bs apguvis prasmi sal\u012bdzin\u0101t lietu grupas; &#8211; b\u016bs ieguvis izpratni par skait\u013cu strukt\u016bru; &#8211; b\u016bs ieguvis izpratni par j\u0113dzieniem \u201evair\u0101k\u201d, \u201emaz\u0101k\u201d un \u201evien\u0101ds\u201d; &#8211; iem\u0101c\u012bsies at\u0146emt un saskait\u012bt; &#8211; iegaum\u0113s aritm\u0113tisk\u0101s z\u012bmes. Komplekt\u0101cija: 20 lapas \u2013 20 uzdevumi.<\/p>\n","protected":false},"featured_media":3194,"comment_status":"closed","ping_status":"closed","template":"","meta":{"_acf_changed":false,"site-sidebar-layout":"default","site-content-layout":"","ast-site-content-layout":"default","site-content-style":"default","site-sidebar-style":"default","ast-global-header-display":"","ast-banner-title-visibility":"","ast-main-header-display":"","ast-hfb-above-header-display":"","ast-hfb-below-header-display":"","ast-hfb-mobile-header-display":"","site-post-title":"","ast-breadcrumbs-content":"","ast-featured-img":"","footer-sml-layout":"","ast-disable-related-posts":"","theme-transparent-header-meta":"default","adv-header-id-meta":"","stick-header-meta":"default","header-above-stick-meta":"","header-main-stick-meta":"","header-below-stick-meta":"","astra-migrate-meta-layouts":"set","ast-page-background-enabled":"default","ast-page-background-meta":{"desktop":{"background-color":"","background-image":"","background-repeat":"repeat","background-position":"center center","background-size":"auto","background-attachment":"scroll","background-type":"","background-media":"","overlay-type":"","overlay-color":"","overlay-opacity":"","overlay-gradient":""},"tablet":{"background-color":"","background-image":"","background-repeat":"repeat","background-position":"center center","background-size":"auto","background-attachment":"scroll","background-type":"","background-media":"","overlay-type":"","overlay-color":"","overlay-opacity":"","overlay-gradient":""},"mobile":{"background-color":"","background-image":"","background-repeat":"repeat","background-position":"center center","background-size":"auto","background-attachment":"scroll","background-type":"","background-media":"","overlay-type":"","overlay-color":"","overlay-opacity":"","overlay-gradient":""}},"ast-content-background-meta":{"desktop":{"background-color":"var(--ast-global-color-5)","background-image":"","background-repeat":"repeat","background-position":"center center","background-size":"auto","background-attachment":"scroll","background-type":"","background-media":"","overlay-type":"","overlay-color":"","overlay-opacity":"","overlay-gradient":""},"tablet":{"background-color":"var(--ast-global-color-5)","background-image":"","background-repeat":"repeat","background-position":"center center","background-size":"auto","background-attachment":"scroll","background-type":"","background-media":"","overlay-type":"","overlay-color":"","overlay-opacity":"","overlay-gradient":""},"mobile":{"background-color":"var(--ast-global-color-5)","background-image":"","background-repeat":"repeat","background-position":"center center","background-size":"auto","background-attachment":"scroll","background-type":"","background-media":"","overlay-type":"","overlay-color":"","overlay-opacity":"","overlay-gradient":""}}},"product_brand":[],"product_cat":[76],"product_tag":[],"class_list":{"0":"post-3192","1":"product","2":"type-product","3":"status-publish","4":"has-post-thumbnail","6":"product_cat-matematika","7":"desktop-align-center","8":"tablet-align-left","9":"mobile-align-center","10":"ast-product-gallery-layout-first-image-large","11":"ast-product-tabs-layout-horizontal","13":"first","14":"instock","15":"sale","16":"downloadable","17":"virtual","18":"sold-individually","19":"purchasable","20":"product-type-simple"},"acf":[],"_links":{"self":[{"href":"https:\/\/kastenkidz.com\/lv\/wp-json\/wp\/v2\/product\/3192","targetHints":{"allow":["GET"]}}],"collection":[{"href":"https:\/\/kastenkidz.com\/lv\/wp-json\/wp\/v2\/product"}],"about":[{"href":"https:\/\/kastenkidz.com\/lv\/wp-json\/wp\/v2\/types\/product"}],"replies":[{"embeddable":true,"href":"https:\/\/kastenkidz.com\/lv\/wp-json\/wp\/v2\/comments?post=3192"}],"wp:featuredmedia":[{"embeddable":true,"href":"https:\/\/kastenkidz.com\/lv\/wp-json\/wp\/v2\/media\/3194"}],"wp:attachment":[{"href":"https:\/\/kastenkidz.com\/lv\/wp-json\/wp\/v2\/media?parent=3192"}],"wp:term":[{"taxonomy":"product_brand","embeddable":true,"href":"https:\/\/kastenkidz.com\/lv\/wp-json\/wp\/v2\/product_brand?post=3192"},{"taxonomy":"product_cat","embeddable":true,"href":"https:\/\/kastenkidz.com\/lv\/wp-json\/wp\/v2\/product_cat?post=3192"},{"taxonomy":"product_tag","embeddable":true,"href":"https:\/\/kastenkidz.com\/lv\/wp-json\/wp\/v2\/product_tag?post=3192"}],"curies":[{"name":"wp","href":"https:\/\/api.w.org\/{rel}","templated":true}]}}