{"id":3180,"date":"2025-02-06T16:45:39","date_gmt":"2025-02-06T16:45:39","guid":{"rendered":"https:\/\/kastenkidz.com\/product\/atminas-un-runas-prasmju-attistibas-spele\/"},"modified":"2025-02-11T17:04:43","modified_gmt":"2025-02-11T17:04:43","slug":"atminas-un-runas-prasmju-attistibas-spele","status":"publish","type":"product","link":"https:\/\/kastenkidz.com\/lv\/products\/atminas-un-runas-prasmju-attistibas-spele\/","title":{"rendered":"Atmi\u0146as un runas prasmju att\u012bst\u012bbas sp\u0113le"},"content":{"rendered":"<p>Jautra atmi\u0146as un runas prasmju att\u012bst\u012bbas sp\u0113le \u201eSuns Puka\u201d.<br \/>\nAtt\u0113lu kart\u012bt\u0113s redzamas da\u017e\u0101das vietas, kur var atrasties suns Puka un vi\u0146a m\u012b\u013c\u0101kais kauls un pu\u0137e. Piem\u0113ram, uz sola, blakus tam vai zem t\u0101. Sp\u0113l\u0113t\u0101jam uz \u012bsu br\u012bdi tiek par\u0101d\u012bta kart\u012bte, un vi\u0146am j\u0101atceras, kur kart\u012bt\u0113 tika par\u0101d\u012bts suns Puka, vi\u0146a kauls un pu\u0137e. P\u0113c tam sp\u0113l\u0113t\u0101jam j\u0101saliek atbilsto\u0161a kompoz\u012bcija un j\u0101past\u0101sta, ko vi\u0146\u0161 redz\u0113ja kart\u012bt\u0113. <\/p>\n<p>Komplekt\u0101cija:<br \/>\n1 galven\u0101 sp\u0113les lapa,<br \/>\n3 uzdevumu varo\u0146i (suns, pu\u0137e un kauls),<br \/>\n24 kart\u012btes. <\/p>\n","protected":false},"excerpt":{"rendered":"<p>Jautra atmi\u0146as un runas prasmju att\u012bst\u012bbas sp\u0113le \u201eSuns Puka\u201d. Att\u0113lu kart\u012bt\u0113s redzamas da\u017e\u0101das vietas, kur var atrasties suns Puka un vi\u0146a m\u012b\u013c\u0101kais kauls un pu\u0137e. Piem\u0113ram, uz sola, blakus tam vai zem t\u0101. Sp\u0113l\u0113t\u0101jam uz \u012bsu br\u012bdi tiek par\u0101d\u012bta kart\u012bte, un vi\u0146am j\u0101atceras, kur kart\u012bt\u0113 tika par\u0101d\u012bts suns Puka, vi\u0146a kauls un pu\u0137e. P\u0113c tam [&hellip;]<\/p>\n","protected":false},"featured_media":3182,"comment_status":"closed","ping_status":"closed","template":"","meta":{"_acf_changed":false,"site-sidebar-layout":"default","site-content-layout":"","ast-site-content-layout":"default","site-content-style":"default","site-sidebar-style":"default","ast-global-header-display":"","ast-banner-title-visibility":"","ast-main-header-display":"","ast-hfb-above-header-display":"","ast-hfb-below-header-display":"","ast-hfb-mobile-header-display":"","site-post-title":"","ast-breadcrumbs-content":"","ast-featured-img":"","footer-sml-layout":"","ast-disable-related-posts":"","theme-transparent-header-meta":"default","adv-header-id-meta":"","stick-header-meta":"default","header-above-stick-meta":"","header-main-stick-meta":"","header-below-stick-meta":"","astra-migrate-meta-layouts":"set","ast-page-background-enabled":"default","ast-page-background-meta":{"desktop":{"background-color":"","background-image":"","background-repeat":"repeat","background-position":"center center","background-size":"auto","background-attachment":"scroll","background-type":"","background-media":"","overlay-type":"","overlay-color":"","overlay-opacity":"","overlay-gradient":""},"tablet":{"background-color":"","background-image":"","background-repeat":"repeat","background-position":"center center","background-size":"auto","background-attachment":"scroll","background-type":"","background-media":"","overlay-type":"","overlay-color":"","overlay-opacity":"","overlay-gradient":""},"mobile":{"background-color":"","background-image":"","background-repeat":"repeat","background-position":"center center","background-size":"auto","background-attachment":"scroll","background-type":"","background-media":"","overlay-type":"","overlay-color":"","overlay-opacity":"","overlay-gradient":""}},"ast-content-background-meta":{"desktop":{"background-color":"var(--ast-global-color-5)","background-image":"","background-repeat":"repeat","background-position":"center center","background-size":"auto","background-attachment":"scroll","background-type":"","background-media":"","overlay-type":"","overlay-color":"","overlay-opacity":"","overlay-gradient":""},"tablet":{"background-color":"var(--ast-global-color-5)","background-image":"","background-repeat":"repeat","background-position":"center center","background-size":"auto","background-attachment":"scroll","background-type":"","background-media":"","overlay-type":"","overlay-color":"","overlay-opacity":"","overlay-gradient":""},"mobile":{"background-color":"var(--ast-global-color-5)","background-image":"","background-repeat":"repeat","background-position":"center center","background-size":"auto","background-attachment":"scroll","background-type":"","background-media":"","overlay-type":"","overlay-color":"","overlay-opacity":"","overlay-gradient":""}}},"product_brand":[],"product_cat":[79,77],"product_tag":[],"class_list":{"0":"post-3180","1":"product","2":"type-product","3":"status-publish","4":"has-post-thumbnail","6":"product_cat-atmina-un-uzmaniba","7":"product_cat-speles","8":"desktop-align-center","9":"tablet-align-left","10":"mobile-align-center","11":"ast-product-gallery-layout-first-image-large","12":"ast-product-tabs-layout-horizontal","14":"first","15":"instock","16":"sale","17":"downloadable","18":"virtual","19":"sold-individually","20":"purchasable","21":"product-type-simple"},"acf":[],"_links":{"self":[{"href":"https:\/\/kastenkidz.com\/lv\/wp-json\/wp\/v2\/product\/3180","targetHints":{"allow":["GET"]}}],"collection":[{"href":"https:\/\/kastenkidz.com\/lv\/wp-json\/wp\/v2\/product"}],"about":[{"href":"https:\/\/kastenkidz.com\/lv\/wp-json\/wp\/v2\/types\/product"}],"replies":[{"embeddable":true,"href":"https:\/\/kastenkidz.com\/lv\/wp-json\/wp\/v2\/comments?post=3180"}],"wp:featuredmedia":[{"embeddable":true,"href":"https:\/\/kastenkidz.com\/lv\/wp-json\/wp\/v2\/media\/3182"}],"wp:attachment":[{"href":"https:\/\/kastenkidz.com\/lv\/wp-json\/wp\/v2\/media?parent=3180"}],"wp:term":[{"taxonomy":"product_brand","embeddable":true,"href":"https:\/\/kastenkidz.com\/lv\/wp-json\/wp\/v2\/product_brand?post=3180"},{"taxonomy":"product_cat","embeddable":true,"href":"https:\/\/kastenkidz.com\/lv\/wp-json\/wp\/v2\/product_cat?post=3180"},{"taxonomy":"product_tag","embeddable":true,"href":"https:\/\/kastenkidz.com\/lv\/wp-json\/wp\/v2\/product_tag?post=3180"}],"curies":[{"name":"wp","href":"https:\/\/api.w.org\/{rel}","templated":true}]}}