{"id":3136,"date":"2025-02-06T16:45:36","date_gmt":"2025-02-06T16:45:36","guid":{"rendered":"https:\/\/kastenkidz.com\/product\/dzivnieku-miklas\/"},"modified":"2025-02-11T17:26:19","modified_gmt":"2025-02-11T17:26:19","slug":"dzivnieku-miklas","status":"publish","type":"product","link":"https:\/\/kastenkidz.com\/lv\/products\/dzivnieku-miklas\/","title":{"rendered":"Dz\u012bvnieku m\u012bklas"},"content":{"rendered":"<p>Sp\u0113les-m\u012bklas m\u0113r\u0137is ir ar bulti\u0146u pal\u012bdz\u012bbu atrast pazudu\u0161os dz\u012bvniekus sp\u0113les kart\u012bt\u0113s. To var izdar\u012bt, sekojot bulti\u0146\u0101m uz kart\u012bt\u0113m. Izv\u0113lies vienu no kart\u012bt\u0113m, atrodi taj\u0101 att\u0113loto dz\u012bvnieku tabul\u0101 un seko bulti\u0146\u0101m uz kart\u012btes, lai p\u0101rietu pie n\u0101kam\u0101 dz\u012bvnieka tabul\u0101. <\/p>\n<p>Komplekt\u0101cija: 7 A4 form\u0101ta lapas.<br \/>\nDz\u012bvnieku tabula, 16 puzles kart\u012btes ar dz\u012bvniekiem, 16 kart\u012btes ar bulti\u0146\u0101m. <\/p>\n","protected":false},"excerpt":{"rendered":"<p>Sp\u0113les-m\u012bklas m\u0113r\u0137is ir ar bulti\u0146u pal\u012bdz\u012bbu atrast pazudu\u0161os dz\u012bvniekus sp\u0113les kart\u012bt\u0113s. To var izdar\u012bt, sekojot bulti\u0146\u0101m uz kart\u012bt\u0113m. Izv\u0113lies vienu no kart\u012bt\u0113m, atrodi taj\u0101 att\u0113loto dz\u012bvnieku tabul\u0101 un seko bulti\u0146\u0101m uz kart\u012btes, lai p\u0101rietu pie n\u0101kam\u0101 dz\u012bvnieka tabul\u0101. Komplekt\u0101cija: 7 A4 form\u0101ta lapas. Dz\u012bvnieku tabula, 16 puzles kart\u012btes ar dz\u012bvniekiem, 16 kart\u012btes ar bulti\u0146\u0101m.<\/p>\n","protected":false},"featured_media":3138,"comment_status":"closed","ping_status":"closed","template":"","meta":{"_acf_changed":false,"site-sidebar-layout":"default","site-content-layout":"","ast-site-content-layout":"default","site-content-style":"default","site-sidebar-style":"default","ast-global-header-display":"","ast-banner-title-visibility":"","ast-main-header-display":"","ast-hfb-above-header-display":"","ast-hfb-below-header-display":"","ast-hfb-mobile-header-display":"","site-post-title":"","ast-breadcrumbs-content":"","ast-featured-img":"","footer-sml-layout":"","ast-disable-related-posts":"","theme-transparent-header-meta":"default","adv-header-id-meta":"","stick-header-meta":"default","header-above-stick-meta":"","header-main-stick-meta":"","header-below-stick-meta":"","astra-migrate-meta-layouts":"set","ast-page-background-enabled":"default","ast-page-background-meta":{"desktop":{"background-color":"","background-image":"","background-repeat":"repeat","background-position":"center center","background-size":"auto","background-attachment":"scroll","background-type":"","background-media":"","overlay-type":"","overlay-color":"","overlay-opacity":"","overlay-gradient":""},"tablet":{"background-color":"","background-image":"","background-repeat":"repeat","background-position":"center center","background-size":"auto","background-attachment":"scroll","background-type":"","background-media":"","overlay-type":"","overlay-color":"","overlay-opacity":"","overlay-gradient":""},"mobile":{"background-color":"","background-image":"","background-repeat":"repeat","background-position":"center center","background-size":"auto","background-attachment":"scroll","background-type":"","background-media":"","overlay-type":"","overlay-color":"","overlay-opacity":"","overlay-gradient":""}},"ast-content-background-meta":{"desktop":{"background-color":"var(--ast-global-color-5)","background-image":"","background-repeat":"repeat","background-position":"center center","background-size":"auto","background-attachment":"scroll","background-type":"","background-media":"","overlay-type":"","overlay-color":"","overlay-opacity":"","overlay-gradient":""},"tablet":{"background-color":"var(--ast-global-color-5)","background-image":"","background-repeat":"repeat","background-position":"center center","background-size":"auto","background-attachment":"scroll","background-type":"","background-media":"","overlay-type":"","overlay-color":"","overlay-opacity":"","overlay-gradient":""},"mobile":{"background-color":"var(--ast-global-color-5)","background-image":"","background-repeat":"repeat","background-position":"center center","background-size":"auto","background-attachment":"scroll","background-type":"","background-media":"","overlay-type":"","overlay-color":"","overlay-opacity":"","overlay-gradient":""}}},"product_brand":[],"product_cat":[79],"product_tag":[],"class_list":{"0":"post-3136","1":"product","2":"type-product","3":"status-publish","4":"has-post-thumbnail","6":"product_cat-atmina-un-uzmaniba","7":"desktop-align-center","8":"tablet-align-left","9":"mobile-align-center","10":"ast-product-gallery-layout-first-image-large","11":"ast-product-gallery-with-no-image","12":"ast-product-tabs-layout-horizontal","14":"first","15":"instock","16":"sale","17":"downloadable","18":"virtual","19":"sold-individually","20":"purchasable","21":"product-type-simple"},"acf":[],"_links":{"self":[{"href":"https:\/\/kastenkidz.com\/lv\/wp-json\/wp\/v2\/product\/3136","targetHints":{"allow":["GET"]}}],"collection":[{"href":"https:\/\/kastenkidz.com\/lv\/wp-json\/wp\/v2\/product"}],"about":[{"href":"https:\/\/kastenkidz.com\/lv\/wp-json\/wp\/v2\/types\/product"}],"replies":[{"embeddable":true,"href":"https:\/\/kastenkidz.com\/lv\/wp-json\/wp\/v2\/comments?post=3136"}],"wp:featuredmedia":[{"embeddable":true,"href":"https:\/\/kastenkidz.com\/lv\/wp-json\/wp\/v2\/media\/3138"}],"wp:attachment":[{"href":"https:\/\/kastenkidz.com\/lv\/wp-json\/wp\/v2\/media?parent=3136"}],"wp:term":[{"taxonomy":"product_brand","embeddable":true,"href":"https:\/\/kastenkidz.com\/lv\/wp-json\/wp\/v2\/product_brand?post=3136"},{"taxonomy":"product_cat","embeddable":true,"href":"https:\/\/kastenkidz.com\/lv\/wp-json\/wp\/v2\/product_cat?post=3136"},{"taxonomy":"product_tag","embeddable":true,"href":"https:\/\/kastenkidz.com\/lv\/wp-json\/wp\/v2\/product_tag?post=3136"}],"curies":[{"name":"wp","href":"https:\/\/api.w.org\/{rel}","templated":true}]}}