{"id":3130,"date":"2025-02-06T16:45:36","date_gmt":"2025-02-06T16:45:36","guid":{"rendered":"https:\/\/kastenkidz.com\/product\/spele-skiro-un-pasaki\/"},"modified":"2026-01-09T13:13:27","modified_gmt":"2026-01-09T13:13:27","slug":"spele-skiro-un-pasaki","status":"publish","type":"product","link":"https:\/\/kastenkidz.com\/lv\/products\/spele-skiro-un-pasaki\/","title":{"rendered":"Sp\u0113le &#8220;\u0160\u0137iro un pasaki&#8221;"},"content":{"rendered":"<p>Sp\u0113les \u201e\u0160\u0137iro un nosauc\u201d komplekt\u0101 ietilpst: 4 plak\u0101ti (aug\u013ci un d\u0101rze\u0146i, ap\u0123\u0113rbi, \u0137erme\u0146a da\u013cas, m\u0113beles) un 36 att\u0113lu kart\u012btes.<br \/>\nNoteikumi: Sp\u0113les s\u0101kum\u0101 kart\u012btes tiek novietotas ar att\u0113lu uz leju. Sp\u0113l\u0113t\u0101js pa\u0146em kart\u012bti un to par\u0101da. Redzot att\u0113lu uz kart\u012btes, to pareizi nosauc un novieto attiec\u012bgaj\u0101 m\u0101j\u0101.<br \/>\nIeteicamie papildu uzdevumi:<br \/>\n&#8211; aprakst\u012bt uzz\u012bm\u0113to att\u0113lu;<br \/>\n&#8211; izdom\u0101t teikumu ar att\u0113lu;<br \/>\n&#8211; izdom\u0101t v\u0101rdu deminut\u012bv\u0101s formas;<br \/>\n&#8211; izst\u0101st\u012bt att\u0113la kopsavilkuma koncepciju.<\/p>\n<p>Komplekt\u0101cija: 6 A4 form\u0101ta lapas.<\/p>\n","protected":false},"excerpt":{"rendered":"<p>Sp\u0113les \u201e\u0160\u0137iro un nosauc\u201d komplekt\u0101 ietilpst: 4 plak\u0101ti (aug\u013ci un d\u0101rze\u0146i, ap\u0123\u0113rbi, \u0137erme\u0146a da\u013cas, m\u0113beles) un 36 att\u0113lu kart\u012btes. Noteikumi: Sp\u0113les s\u0101kum\u0101 kart\u012btes tiek novietotas ar att\u0113lu uz leju. Sp\u0113l\u0113t\u0101js pa\u0146em kart\u012bti un to par\u0101da. Redzot att\u0113lu uz kart\u012btes, to pareizi nosauc un novieto attiec\u012bgaj\u0101 m\u0101j\u0101. Ieteicamie papildu uzdevumi: &#8211; aprakst\u012bt uzz\u012bm\u0113to att\u0113lu; &#8211; izdom\u0101t [&hellip;]<\/p>\n","protected":false},"featured_media":3132,"comment_status":"closed","ping_status":"closed","template":"","meta":{"_acf_changed":false,"site-sidebar-layout":"default","site-content-layout":"","ast-site-content-layout":"default","site-content-style":"default","site-sidebar-style":"default","ast-global-header-display":"","ast-banner-title-visibility":"","ast-main-header-display":"","ast-hfb-above-header-display":"","ast-hfb-below-header-display":"","ast-hfb-mobile-header-display":"","site-post-title":"","ast-breadcrumbs-content":"","ast-featured-img":"","footer-sml-layout":"","ast-disable-related-posts":"","theme-transparent-header-meta":"default","adv-header-id-meta":"","stick-header-meta":"default","header-above-stick-meta":"","header-main-stick-meta":"","header-below-stick-meta":"","astra-migrate-meta-layouts":"set","ast-page-background-enabled":"default","ast-page-background-meta":{"desktop":{"background-color":"","background-image":"","background-repeat":"repeat","background-position":"center center","background-size":"auto","background-attachment":"scroll","background-type":"","background-media":"","overlay-type":"","overlay-color":"","overlay-opacity":"","overlay-gradient":""},"tablet":{"background-color":"","background-image":"","background-repeat":"repeat","background-position":"center center","background-size":"auto","background-attachment":"scroll","background-type":"","background-media":"","overlay-type":"","overlay-color":"","overlay-opacity":"","overlay-gradient":""},"mobile":{"background-color":"","background-image":"","background-repeat":"repeat","background-position":"center center","background-size":"auto","background-attachment":"scroll","background-type":"","background-media":"","overlay-type":"","overlay-color":"","overlay-opacity":"","overlay-gradient":""}},"ast-content-background-meta":{"desktop":{"background-color":"var(--ast-global-color-5)","background-image":"","background-repeat":"repeat","background-position":"center center","background-size":"auto","background-attachment":"scroll","background-type":"","background-media":"","overlay-type":"","overlay-color":"","overlay-opacity":"","overlay-gradient":""},"tablet":{"background-color":"var(--ast-global-color-5)","background-image":"","background-repeat":"repeat","background-position":"center center","background-size":"auto","background-attachment":"scroll","background-type":"","background-media":"","overlay-type":"","overlay-color":"","overlay-opacity":"","overlay-gradient":""},"mobile":{"background-color":"var(--ast-global-color-5)","background-image":"","background-repeat":"repeat","background-position":"center center","background-size":"auto","background-attachment":"scroll","background-type":"","background-media":"","overlay-type":"","overlay-color":"","overlay-opacity":"","overlay-gradient":""}}},"product_brand":[],"product_cat":[78,80],"product_tag":[],"class_list":{"0":"post-3130","1":"product","2":"type-product","3":"status-publish","4":"has-post-thumbnail","6":"product_cat-skirosana","7":"product_cat-valoda","8":"desktop-align-center","9":"tablet-align-left","10":"mobile-align-center","11":"ast-product-gallery-layout-first-image-large","12":"ast-product-tabs-layout-horizontal","14":"first","15":"instock","16":"sale","17":"downloadable","18":"virtual","19":"sold-individually","20":"purchasable","21":"product-type-simple"},"acf":[],"_links":{"self":[{"href":"https:\/\/kastenkidz.com\/lv\/wp-json\/wp\/v2\/product\/3130","targetHints":{"allow":["GET"]}}],"collection":[{"href":"https:\/\/kastenkidz.com\/lv\/wp-json\/wp\/v2\/product"}],"about":[{"href":"https:\/\/kastenkidz.com\/lv\/wp-json\/wp\/v2\/types\/product"}],"replies":[{"embeddable":true,"href":"https:\/\/kastenkidz.com\/lv\/wp-json\/wp\/v2\/comments?post=3130"}],"wp:featuredmedia":[{"embeddable":true,"href":"https:\/\/kastenkidz.com\/lv\/wp-json\/wp\/v2\/media\/3132"}],"wp:attachment":[{"href":"https:\/\/kastenkidz.com\/lv\/wp-json\/wp\/v2\/media?parent=3130"}],"wp:term":[{"taxonomy":"product_brand","embeddable":true,"href":"https:\/\/kastenkidz.com\/lv\/wp-json\/wp\/v2\/product_brand?post=3130"},{"taxonomy":"product_cat","embeddable":true,"href":"https:\/\/kastenkidz.com\/lv\/wp-json\/wp\/v2\/product_cat?post=3130"},{"taxonomy":"product_tag","embeddable":true,"href":"https:\/\/kastenkidz.com\/lv\/wp-json\/wp\/v2\/product_tag?post=3130"}],"curies":[{"name":"wp","href":"https:\/\/api.w.org\/{rel}","templated":true}]}}