{"id":3108,"date":"2025-02-06T16:45:36","date_gmt":"2025-02-06T16:45:36","guid":{"rendered":"https:\/\/kastenkidz.com\/product\/uzvar-lielakais\/"},"modified":"2026-01-09T13:13:27","modified_gmt":"2026-01-09T13:13:27","slug":"uzvar-lielakais","status":"publish","type":"product","link":"https:\/\/kastenkidz.com\/lv\/products\/uzvar-lielakais\/","title":{"rendered":"Uzvar liel\u0101kais"},"content":{"rendered":"<p>\u0160\u012b ir jautra sp\u0113le, kas iem\u0101c\u012bs at\u0161\u0137irt liel\u0101ku skaitu no maz\u0101ka un otr\u0101di.<br \/>\nNoteikumi ir vienk\u0101r\u0161i. Sp\u0113l\u0113t\u0101ji izdala kart\u012btes. P\u0113c vieno\u0161an\u0101s katrs sp\u0113l\u0113t\u0101js pa\u0146em aug\u0161\u0113jo kart\u012bti no savas kaudzes, noliekot to uz galda ar att\u0113lu uz aug\u0161u. Tiek sal\u012bdzin\u0101ti uz atv\u0113rtaj\u0101m kart\u012bt\u0113m redzamo dz\u012bvnieku augumi. Tam, kuram ir liel\u0101kais dz\u012bvnieks, pa\u0146em visu sp\u0113l\u0113t\u0101ju atv\u0113rt\u0101s kart\u012btes no galda un noliek t\u0101s savu kart\u012b\u0161u kaudzes apak\u0161\u0101. Uzvar sp\u0113l\u0113t\u0101js, kuram ir visvair\u0101k kart\u012b\u0161u.<br \/>\nKomplekt\u0101cija: 40 kart\u012btes ar dz\u012bvniekiem, 6 A4 form\u0101ta lapas. <\/p>\n","protected":false},"excerpt":{"rendered":"<p>\u0160\u012b ir jautra sp\u0113le, kas iem\u0101c\u012bs at\u0161\u0137irt liel\u0101ku skaitu no maz\u0101ka un otr\u0101di. Noteikumi ir vienk\u0101r\u0161i. Sp\u0113l\u0113t\u0101ji izdala kart\u012btes. P\u0113c vieno\u0161an\u0101s katrs sp\u0113l\u0113t\u0101js pa\u0146em aug\u0161\u0113jo kart\u012bti no savas kaudzes, noliekot to uz galda ar att\u0113lu uz aug\u0161u. Tiek sal\u012bdzin\u0101ti uz atv\u0113rtaj\u0101m kart\u012bt\u0113m redzamo dz\u012bvnieku augumi. Tam, kuram ir liel\u0101kais dz\u012bvnieks, pa\u0146em visu sp\u0113l\u0113t\u0101ju atv\u0113rt\u0101s kart\u012btes [&hellip;]<\/p>\n","protected":false},"featured_media":3110,"comment_status":"closed","ping_status":"closed","template":"","meta":{"_acf_changed":false,"site-sidebar-layout":"default","site-content-layout":"","ast-site-content-layout":"default","site-content-style":"default","site-sidebar-style":"default","ast-global-header-display":"","ast-banner-title-visibility":"","ast-main-header-display":"","ast-hfb-above-header-display":"","ast-hfb-below-header-display":"","ast-hfb-mobile-header-display":"","site-post-title":"","ast-breadcrumbs-content":"","ast-featured-img":"","footer-sml-layout":"","ast-disable-related-posts":"","theme-transparent-header-meta":"default","adv-header-id-meta":"","stick-header-meta":"default","header-above-stick-meta":"","header-main-stick-meta":"","header-below-stick-meta":"","astra-migrate-meta-layouts":"set","ast-page-background-enabled":"default","ast-page-background-meta":{"desktop":{"background-color":"","background-image":"","background-repeat":"repeat","background-position":"center center","background-size":"auto","background-attachment":"scroll","background-type":"","background-media":"","overlay-type":"","overlay-color":"","overlay-opacity":"","overlay-gradient":""},"tablet":{"background-color":"","background-image":"","background-repeat":"repeat","background-position":"center center","background-size":"auto","background-attachment":"scroll","background-type":"","background-media":"","overlay-type":"","overlay-color":"","overlay-opacity":"","overlay-gradient":""},"mobile":{"background-color":"","background-image":"","background-repeat":"repeat","background-position":"center center","background-size":"auto","background-attachment":"scroll","background-type":"","background-media":"","overlay-type":"","overlay-color":"","overlay-opacity":"","overlay-gradient":""}},"ast-content-background-meta":{"desktop":{"background-color":"var(--ast-global-color-5)","background-image":"","background-repeat":"repeat","background-position":"center center","background-size":"auto","background-attachment":"scroll","background-type":"","background-media":"","overlay-type":"","overlay-color":"","overlay-opacity":"","overlay-gradient":""},"tablet":{"background-color":"var(--ast-global-color-5)","background-image":"","background-repeat":"repeat","background-position":"center center","background-size":"auto","background-attachment":"scroll","background-type":"","background-media":"","overlay-type":"","overlay-color":"","overlay-opacity":"","overlay-gradient":""},"mobile":{"background-color":"var(--ast-global-color-5)","background-image":"","background-repeat":"repeat","background-position":"center center","background-size":"auto","background-attachment":"scroll","background-type":"","background-media":"","overlay-type":"","overlay-color":"","overlay-opacity":"","overlay-gradient":""}}},"product_brand":[],"product_cat":[77],"product_tag":[],"class_list":{"0":"post-3108","1":"product","2":"type-product","3":"status-publish","4":"has-post-thumbnail","6":"product_cat-speles","7":"desktop-align-center","8":"tablet-align-left","9":"mobile-align-center","10":"ast-product-gallery-layout-first-image-large","11":"ast-product-tabs-layout-horizontal","13":"first","14":"instock","15":"sale","16":"downloadable","17":"virtual","18":"sold-individually","19":"purchasable","20":"product-type-simple"},"acf":[],"_links":{"self":[{"href":"https:\/\/kastenkidz.com\/lv\/wp-json\/wp\/v2\/product\/3108","targetHints":{"allow":["GET"]}}],"collection":[{"href":"https:\/\/kastenkidz.com\/lv\/wp-json\/wp\/v2\/product"}],"about":[{"href":"https:\/\/kastenkidz.com\/lv\/wp-json\/wp\/v2\/types\/product"}],"replies":[{"embeddable":true,"href":"https:\/\/kastenkidz.com\/lv\/wp-json\/wp\/v2\/comments?post=3108"}],"wp:featuredmedia":[{"embeddable":true,"href":"https:\/\/kastenkidz.com\/lv\/wp-json\/wp\/v2\/media\/3110"}],"wp:attachment":[{"href":"https:\/\/kastenkidz.com\/lv\/wp-json\/wp\/v2\/media?parent=3108"}],"wp:term":[{"taxonomy":"product_brand","embeddable":true,"href":"https:\/\/kastenkidz.com\/lv\/wp-json\/wp\/v2\/product_brand?post=3108"},{"taxonomy":"product_cat","embeddable":true,"href":"https:\/\/kastenkidz.com\/lv\/wp-json\/wp\/v2\/product_cat?post=3108"},{"taxonomy":"product_tag","embeddable":true,"href":"https:\/\/kastenkidz.com\/lv\/wp-json\/wp\/v2\/product_tag?post=3108"}],"curies":[{"name":"wp","href":"https:\/\/api.w.org\/{rel}","templated":true}]}}