{"id":3104,"date":"2025-02-06T16:45:36","date_gmt":"2025-02-06T16:45:36","guid":{"rendered":"https:\/\/kastenkidz.com\/product\/atminas-spele-pareizais-paris\/"},"modified":"2025-02-10T18:29:18","modified_gmt":"2025-02-10T18:29:18","slug":"atminas-spele-pareizais-paris","status":"publish","type":"product","link":"https:\/\/kastenkidz.com\/lv\/products\/atminas-spele-pareizais-paris\/","title":{"rendered":"Atmi\u0146as sp\u0113le &#8220;Pareizais p\u0101ris&#8221;"},"content":{"rendered":"<p>Sp\u0113les m\u0113r\u0137is ir atrast sader\u012bgus att\u0113lus, piem\u0113ram, zobs sader ar zobu birsti.<br \/>\nSp\u0113les noteikumi.<br \/>\nKart\u012btes uz galda novieto ar att\u0113lu uz leju.<br \/>\nPirmais sp\u0113l\u0113t\u0101js apv\u0113r\u0161 divas kart\u012btes. Ja atver nesader\u012bgu p\u0101ri, kart\u012btes noliek atpaka\u013c. Sp\u0113li turpina n\u0101kamais sp\u0113l\u0113t\u0101js, apv\u0113r\u0161ot divas izv\u0113l\u0113t\u0101s kart\u012btes. Ja atrod sader\u012bgas kart\u012btes, t\u0101s noliek sav\u0101 kaudz\u0113 un atk\u0101rto g\u0101jienu, atverot n\u0101kam\u0101s divas kart\u012btes.<br \/>\nUzvar sp\u0113l\u0113t\u0101js, kur\u0161 sav\u0101c visvair\u0101k kart\u012b\u0161u.<\/p>\n<p>Komplekt\u0101cija: 48 kart\u012btes ar att\u0113lu p\u0101riem. <\/p>\n","protected":false},"excerpt":{"rendered":"<p>Sp\u0113les m\u0113r\u0137is ir atrast sader\u012bgus att\u0113lus, piem\u0113ram, zobs sader ar zobu birsti. Sp\u0113les noteikumi. Kart\u012btes uz galda novieto ar att\u0113lu uz leju. Pirmais sp\u0113l\u0113t\u0101js apv\u0113r\u0161 divas kart\u012btes. Ja atver nesader\u012bgu p\u0101ri, kart\u012btes noliek atpaka\u013c. Sp\u0113li turpina n\u0101kamais sp\u0113l\u0113t\u0101js, apv\u0113r\u0161ot divas izv\u0113l\u0113t\u0101s kart\u012btes. Ja atrod sader\u012bgas kart\u012btes, t\u0101s noliek sav\u0101 kaudz\u0113 un atk\u0101rto g\u0101jienu, atverot n\u0101kam\u0101s [&hellip;]<\/p>\n","protected":false},"featured_media":2900,"comment_status":"closed","ping_status":"closed","template":"","meta":{"_acf_changed":false,"site-sidebar-layout":"default","site-content-layout":"","ast-site-content-layout":"default","site-content-style":"default","site-sidebar-style":"default","ast-global-header-display":"","ast-banner-title-visibility":"","ast-main-header-display":"","ast-hfb-above-header-display":"","ast-hfb-below-header-display":"","ast-hfb-mobile-header-display":"","site-post-title":"","ast-breadcrumbs-content":"","ast-featured-img":"","footer-sml-layout":"","ast-disable-related-posts":"","theme-transparent-header-meta":"default","adv-header-id-meta":"","stick-header-meta":"default","header-above-stick-meta":"","header-main-stick-meta":"","header-below-stick-meta":"","astra-migrate-meta-layouts":"set","ast-page-background-enabled":"default","ast-page-background-meta":{"desktop":{"background-color":"","background-image":"","background-repeat":"repeat","background-position":"center center","background-size":"auto","background-attachment":"scroll","background-type":"","background-media":"","overlay-type":"","overlay-color":"","overlay-opacity":"","overlay-gradient":""},"tablet":{"background-color":"","background-image":"","background-repeat":"repeat","background-position":"center center","background-size":"auto","background-attachment":"scroll","background-type":"","background-media":"","overlay-type":"","overlay-color":"","overlay-opacity":"","overlay-gradient":""},"mobile":{"background-color":"","background-image":"","background-repeat":"repeat","background-position":"center center","background-size":"auto","background-attachment":"scroll","background-type":"","background-media":"","overlay-type":"","overlay-color":"","overlay-opacity":"","overlay-gradient":""}},"ast-content-background-meta":{"desktop":{"background-color":"var(--ast-global-color-5)","background-image":"","background-repeat":"repeat","background-position":"center center","background-size":"auto","background-attachment":"scroll","background-type":"","background-media":"","overlay-type":"","overlay-color":"","overlay-opacity":"","overlay-gradient":""},"tablet":{"background-color":"var(--ast-global-color-5)","background-image":"","background-repeat":"repeat","background-position":"center center","background-size":"auto","background-attachment":"scroll","background-type":"","background-media":"","overlay-type":"","overlay-color":"","overlay-opacity":"","overlay-gradient":""},"mobile":{"background-color":"var(--ast-global-color-5)","background-image":"","background-repeat":"repeat","background-position":"center center","background-size":"auto","background-attachment":"scroll","background-type":"","background-media":"","overlay-type":"","overlay-color":"","overlay-opacity":"","overlay-gradient":""}}},"product_brand":[],"product_cat":[79,77],"product_tag":[],"class_list":{"0":"post-3104","1":"product","2":"type-product","3":"status-publish","4":"has-post-thumbnail","6":"product_cat-atmina-un-uzmaniba","7":"product_cat-speles","8":"desktop-align-center","9":"tablet-align-left","10":"mobile-align-center","11":"ast-product-gallery-layout-first-image-large","12":"ast-product-gallery-with-no-image","13":"ast-product-tabs-layout-horizontal","15":"first","16":"instock","17":"sale","18":"downloadable","19":"virtual","20":"sold-individually","21":"purchasable","22":"product-type-simple"},"acf":[],"_links":{"self":[{"href":"https:\/\/kastenkidz.com\/lv\/wp-json\/wp\/v2\/product\/3104","targetHints":{"allow":["GET"]}}],"collection":[{"href":"https:\/\/kastenkidz.com\/lv\/wp-json\/wp\/v2\/product"}],"about":[{"href":"https:\/\/kastenkidz.com\/lv\/wp-json\/wp\/v2\/types\/product"}],"replies":[{"embeddable":true,"href":"https:\/\/kastenkidz.com\/lv\/wp-json\/wp\/v2\/comments?post=3104"}],"wp:featuredmedia":[{"embeddable":true,"href":"https:\/\/kastenkidz.com\/lv\/wp-json\/wp\/v2\/media\/2900"}],"wp:attachment":[{"href":"https:\/\/kastenkidz.com\/lv\/wp-json\/wp\/v2\/media?parent=3104"}],"wp:term":[{"taxonomy":"product_brand","embeddable":true,"href":"https:\/\/kastenkidz.com\/lv\/wp-json\/wp\/v2\/product_brand?post=3104"},{"taxonomy":"product_cat","embeddable":true,"href":"https:\/\/kastenkidz.com\/lv\/wp-json\/wp\/v2\/product_cat?post=3104"},{"taxonomy":"product_tag","embeddable":true,"href":"https:\/\/kastenkidz.com\/lv\/wp-json\/wp\/v2\/product_tag?post=3104"}],"curies":[{"name":"wp","href":"https:\/\/api.w.org\/{rel}","templated":true}]}}