{"id":3100,"date":"2025-02-06T16:45:36","date_gmt":"2025-02-06T16:45:36","guid":{"rendered":"https:\/\/kastenkidz.com\/product\/garsu-pasaule\/"},"modified":"2025-02-11T17:41:13","modified_gmt":"2025-02-11T17:41:13","slug":"garsu-pasaule","status":"publish","type":"product","link":"https:\/\/kastenkidz.com\/lv\/products\/garsu-pasaule\/","title":{"rendered":"Gar\u0161u pasaul\u0113"},"content":{"rendered":"<p>Cilv\u0113ks var atpaz\u012bt vismaz 5\u00a0da\u017e\u0101das gar\u0161as\u00a0\u2013 saldu, sk\u0101bu, r\u016bgtu, s\u0101\u013cu un umami. Tas dod iesp\u0113ju baud\u012bt \u0113dienu, sal\u012bdzin\u0101t da\u017e\u0101dus \u0113dienus. Jautrs ievads gar\u0161u pasaul\u0113. Uzdevums pal\u012bdz at\u0161\u0137irt da\u017e\u0101du produktu gar\u0161as un nostiprina izpratni par gar\u0161as j\u0113dzieniem. <\/p>\n<p>Komplekt\u0101cija: 20\u00a0gar\u0161u kart\u012btes; 5 gar\u0161u lapas kart\u012b\u0161u sa\u0161\u0137iro\u0161anai. <\/p>\n","protected":false},"excerpt":{"rendered":"<p>Cilv\u0113ks var atpaz\u012bt vismaz 5\u00a0da\u017e\u0101das gar\u0161as\u00a0\u2013 saldu, sk\u0101bu, r\u016bgtu, s\u0101\u013cu un umami. Tas dod iesp\u0113ju baud\u012bt \u0113dienu, sal\u012bdzin\u0101t da\u017e\u0101dus \u0113dienus. Jautrs ievads gar\u0161u pasaul\u0113. Uzdevums pal\u012bdz at\u0161\u0137irt da\u017e\u0101du produktu gar\u0161as un nostiprina izpratni par gar\u0161as j\u0113dzieniem. Komplekt\u0101cija: 20\u00a0gar\u0161u kart\u012btes; 5 gar\u0161u lapas kart\u012b\u0161u sa\u0161\u0137iro\u0161anai.<\/p>\n","protected":false},"featured_media":3102,"comment_status":"closed","ping_status":"closed","template":"","meta":{"_acf_changed":false,"site-sidebar-layout":"default","site-content-layout":"","ast-site-content-layout":"default","site-content-style":"default","site-sidebar-style":"default","ast-global-header-display":"","ast-banner-title-visibility":"","ast-main-header-display":"","ast-hfb-above-header-display":"","ast-hfb-below-header-display":"","ast-hfb-mobile-header-display":"","site-post-title":"","ast-breadcrumbs-content":"","ast-featured-img":"","footer-sml-layout":"","ast-disable-related-posts":"","theme-transparent-header-meta":"default","adv-header-id-meta":"","stick-header-meta":"default","header-above-stick-meta":"","header-main-stick-meta":"","header-below-stick-meta":"","astra-migrate-meta-layouts":"set","ast-page-background-enabled":"default","ast-page-background-meta":{"desktop":{"background-color":"","background-image":"","background-repeat":"repeat","background-position":"center center","background-size":"auto","background-attachment":"scroll","background-type":"","background-media":"","overlay-type":"","overlay-color":"","overlay-opacity":"","overlay-gradient":""},"tablet":{"background-color":"","background-image":"","background-repeat":"repeat","background-position":"center center","background-size":"auto","background-attachment":"scroll","background-type":"","background-media":"","overlay-type":"","overlay-color":"","overlay-opacity":"","overlay-gradient":""},"mobile":{"background-color":"","background-image":"","background-repeat":"repeat","background-position":"center center","background-size":"auto","background-attachment":"scroll","background-type":"","background-media":"","overlay-type":"","overlay-color":"","overlay-opacity":"","overlay-gradient":""}},"ast-content-background-meta":{"desktop":{"background-color":"var(--ast-global-color-5)","background-image":"","background-repeat":"repeat","background-position":"center center","background-size":"auto","background-attachment":"scroll","background-type":"","background-media":"","overlay-type":"","overlay-color":"","overlay-opacity":"","overlay-gradient":""},"tablet":{"background-color":"var(--ast-global-color-5)","background-image":"","background-repeat":"repeat","background-position":"center center","background-size":"auto","background-attachment":"scroll","background-type":"","background-media":"","overlay-type":"","overlay-color":"","overlay-opacity":"","overlay-gradient":""},"mobile":{"background-color":"var(--ast-global-color-5)","background-image":"","background-repeat":"repeat","background-position":"center center","background-size":"auto","background-attachment":"scroll","background-type":"","background-media":"","overlay-type":"","overlay-color":"","overlay-opacity":"","overlay-gradient":""}}},"product_brand":[],"product_cat":[78],"product_tag":[],"class_list":{"0":"post-3100","1":"product","2":"type-product","3":"status-publish","4":"has-post-thumbnail","6":"product_cat-skirosana","7":"desktop-align-center","8":"tablet-align-left","9":"mobile-align-center","10":"ast-product-gallery-layout-first-image-large","11":"ast-product-gallery-with-no-image","12":"ast-product-tabs-layout-horizontal","14":"first","15":"instock","16":"sale","17":"downloadable","18":"virtual","19":"sold-individually","20":"purchasable","21":"product-type-simple"},"acf":[],"_links":{"self":[{"href":"https:\/\/kastenkidz.com\/lv\/wp-json\/wp\/v2\/product\/3100","targetHints":{"allow":["GET"]}}],"collection":[{"href":"https:\/\/kastenkidz.com\/lv\/wp-json\/wp\/v2\/product"}],"about":[{"href":"https:\/\/kastenkidz.com\/lv\/wp-json\/wp\/v2\/types\/product"}],"replies":[{"embeddable":true,"href":"https:\/\/kastenkidz.com\/lv\/wp-json\/wp\/v2\/comments?post=3100"}],"wp:featuredmedia":[{"embeddable":true,"href":"https:\/\/kastenkidz.com\/lv\/wp-json\/wp\/v2\/media\/3102"}],"wp:attachment":[{"href":"https:\/\/kastenkidz.com\/lv\/wp-json\/wp\/v2\/media?parent=3100"}],"wp:term":[{"taxonomy":"product_brand","embeddable":true,"href":"https:\/\/kastenkidz.com\/lv\/wp-json\/wp\/v2\/product_brand?post=3100"},{"taxonomy":"product_cat","embeddable":true,"href":"https:\/\/kastenkidz.com\/lv\/wp-json\/wp\/v2\/product_cat?post=3100"},{"taxonomy":"product_tag","embeddable":true,"href":"https:\/\/kastenkidz.com\/lv\/wp-json\/wp\/v2\/product_tag?post=3100"}],"curies":[{"name":"wp","href":"https:\/\/api.w.org\/{rel}","templated":true}]}}