{"id":3094,"date":"2025-02-06T16:45:36","date_gmt":"2025-02-06T16:45:36","guid":{"rendered":"https:\/\/kastenkidz.com\/product\/liniju-un-figuru-zimesana\/"},"modified":"2025-02-11T17:49:29","modified_gmt":"2025-02-11T17:49:29","slug":"liniju-un-figuru-zimesana","status":"publish","type":"product","link":"https:\/\/kastenkidz.com\/lv\/products\/liniju-un-figuru-zimesana\/","title":{"rendered":"L\u012bniju un fig\u016bru z\u012bm\u0113\u0161ana"},"content":{"rendered":"<p>\u201eL\u012bniju un formu z\u012bm\u0113\u0161anu\u201d veido divi uzdevumi. Pirmaj\u0101 uzdevum\u0101 ir tr\u012bs kr\u0101saini metamie kauli\u0146i un lapa l\u012bniju, formu un att\u0113lu z\u012bm\u0113\u0161anai. Otraj\u0101\u00a0\u2013 balti sp\u0113\u013cu kauli\u0146i ar da\u017e\u0101d\u0101m l\u012bnij\u0101m un lapa ar jautru seji\u0146u. Izdruk\u0101jiet visas uzdevuma lapas. Izgrieziet metamo kauli\u0146u sagataves un sal\u012bm\u0113jiet, lai ieg\u016btu kubus.<br \/>\n 1.\u00a0uzdevums: b\u0113rni met savu metamo kauli\u0146u, k\u0101 ar\u012b uzz\u012bm\u0113 izritin\u0101tu att\u0113lu uzdevumu lapas pirmaj\u0101 rind\u0101. Met atkal, kam\u0113r aizpilda visas rindas. Kad sa\u0146em jaunas uzdevumu lapas, samaina metamos kauli\u0146us un turpina uzdevumu.<br \/>\n2.\u00a0uzdevums: ripinot otr\u0101 uzdevuma kauli\u0146u, b\u0113rniem j\u0101uzz\u012bm\u0113 jautr\u0101s seji\u0146as friz\u016bra. Komplekt\u0101cija: 5\u00a0sp\u0113les kauli\u0146u trafareti; l\u012bniju, fig\u016bru un att\u0113lu z\u012bm\u0113\u0161anas lapa; jautra seji\u0146a. <\/p>\n","protected":false},"excerpt":{"rendered":"<p>\u201eL\u012bniju un formu z\u012bm\u0113\u0161anu\u201d veido divi uzdevumi. Pirmaj\u0101 uzdevum\u0101 ir tr\u012bs kr\u0101saini metamie kauli\u0146i un lapa l\u012bniju, formu un att\u0113lu z\u012bm\u0113\u0161anai. Otraj\u0101\u00a0\u2013 balti sp\u0113\u013cu kauli\u0146i ar da\u017e\u0101d\u0101m l\u012bnij\u0101m un lapa ar jautru seji\u0146u. Izdruk\u0101jiet visas uzdevuma lapas. Izgrieziet metamo kauli\u0146u sagataves un sal\u012bm\u0113jiet, lai ieg\u016btu kubus. 1.\u00a0uzdevums: b\u0113rni met savu metamo kauli\u0146u, k\u0101 ar\u012b uzz\u012bm\u0113 [&hellip;]<\/p>\n","protected":false},"featured_media":3096,"comment_status":"closed","ping_status":"closed","template":"","meta":{"_acf_changed":false,"site-sidebar-layout":"default","site-content-layout":"","ast-site-content-layout":"default","site-content-style":"default","site-sidebar-style":"default","ast-global-header-display":"","ast-banner-title-visibility":"","ast-main-header-display":"","ast-hfb-above-header-display":"","ast-hfb-below-header-display":"","ast-hfb-mobile-header-display":"","site-post-title":"","ast-breadcrumbs-content":"","ast-featured-img":"","footer-sml-layout":"","ast-disable-related-posts":"","theme-transparent-header-meta":"default","adv-header-id-meta":"","stick-header-meta":"default","header-above-stick-meta":"","header-main-stick-meta":"","header-below-stick-meta":"","astra-migrate-meta-layouts":"set","ast-page-background-enabled":"default","ast-page-background-meta":{"desktop":{"background-color":"","background-image":"","background-repeat":"repeat","background-position":"center center","background-size":"auto","background-attachment":"scroll","background-type":"","background-media":"","overlay-type":"","overlay-color":"","overlay-opacity":"","overlay-gradient":""},"tablet":{"background-color":"","background-image":"","background-repeat":"repeat","background-position":"center center","background-size":"auto","background-attachment":"scroll","background-type":"","background-media":"","overlay-type":"","overlay-color":"","overlay-opacity":"","overlay-gradient":""},"mobile":{"background-color":"","background-image":"","background-repeat":"repeat","background-position":"center center","background-size":"auto","background-attachment":"scroll","background-type":"","background-media":"","overlay-type":"","overlay-color":"","overlay-opacity":"","overlay-gradient":""}},"ast-content-background-meta":{"desktop":{"background-color":"var(--ast-global-color-5)","background-image":"","background-repeat":"repeat","background-position":"center center","background-size":"auto","background-attachment":"scroll","background-type":"","background-media":"","overlay-type":"","overlay-color":"","overlay-opacity":"","overlay-gradient":""},"tablet":{"background-color":"var(--ast-global-color-5)","background-image":"","background-repeat":"repeat","background-position":"center center","background-size":"auto","background-attachment":"scroll","background-type":"","background-media":"","overlay-type":"","overlay-color":"","overlay-opacity":"","overlay-gradient":""},"mobile":{"background-color":"var(--ast-global-color-5)","background-image":"","background-repeat":"repeat","background-position":"center center","background-size":"auto","background-attachment":"scroll","background-type":"","background-media":"","overlay-type":"","overlay-color":"","overlay-opacity":"","overlay-gradient":""}}},"product_brand":[],"product_cat":[79],"product_tag":[],"class_list":{"0":"post-3094","1":"product","2":"type-product","3":"status-publish","4":"has-post-thumbnail","6":"product_cat-atmina-un-uzmaniba","7":"desktop-align-center","8":"tablet-align-left","9":"mobile-align-center","10":"ast-product-gallery-layout-first-image-large","11":"ast-product-tabs-layout-horizontal","13":"first","14":"instock","15":"sale","16":"downloadable","17":"virtual","18":"sold-individually","19":"purchasable","20":"product-type-simple"},"acf":[],"_links":{"self":[{"href":"https:\/\/kastenkidz.com\/lv\/wp-json\/wp\/v2\/product\/3094","targetHints":{"allow":["GET"]}}],"collection":[{"href":"https:\/\/kastenkidz.com\/lv\/wp-json\/wp\/v2\/product"}],"about":[{"href":"https:\/\/kastenkidz.com\/lv\/wp-json\/wp\/v2\/types\/product"}],"replies":[{"embeddable":true,"href":"https:\/\/kastenkidz.com\/lv\/wp-json\/wp\/v2\/comments?post=3094"}],"wp:featuredmedia":[{"embeddable":true,"href":"https:\/\/kastenkidz.com\/lv\/wp-json\/wp\/v2\/media\/3096"}],"wp:attachment":[{"href":"https:\/\/kastenkidz.com\/lv\/wp-json\/wp\/v2\/media?parent=3094"}],"wp:term":[{"taxonomy":"product_brand","embeddable":true,"href":"https:\/\/kastenkidz.com\/lv\/wp-json\/wp\/v2\/product_brand?post=3094"},{"taxonomy":"product_cat","embeddable":true,"href":"https:\/\/kastenkidz.com\/lv\/wp-json\/wp\/v2\/product_cat?post=3094"},{"taxonomy":"product_tag","embeddable":true,"href":"https:\/\/kastenkidz.com\/lv\/wp-json\/wp\/v2\/product_tag?post=3094"}],"curies":[{"name":"wp","href":"https:\/\/api.w.org\/{rel}","templated":true}]}}