{"id":3090,"date":"2025-02-06T16:45:36","date_gmt":"2025-02-06T16:45:36","guid":{"rendered":"https:\/\/kastenkidz.com\/product\/miklas-mazajiem\/"},"modified":"2025-02-11T17:50:02","modified_gmt":"2025-02-11T17:50:02","slug":"miklas-mazajiem","status":"publish","type":"product","link":"https:\/\/kastenkidz.com\/lv\/products\/miklas-mazajiem\/","title":{"rendered":"M\u012bklas mazajiem"},"content":{"rendered":"<p>M\u012bklas par dz\u012bvniekiem ir \u013coti vienk\u0101r\u0161as, t\u0101p\u0113c paredz\u0113tas pa\u0161iem maz\u0101kajiem. M\u012bklas veido vair\u0101kas nor\u0101des: viena var sniegt pareizo atbildi, bet cita \u2013 papildu zin\u0101\u0161anas par dz\u012bvnieku. Sp\u0113li var sp\u0113l\u0113t, novietojot dz\u012bvnieku kart\u012btes b\u0113rniem redzam\u0101 viet\u0101, piem\u0113ram, uz galda, un audzin\u0101t\u0101ja uzdod m\u012bklas. Redzot atbildes, b\u0113rniem b\u016bs viegl\u0101k un interesant\u0101k min\u0113t m\u012bklas. Jautra izklaide garant\u0113ta! <\/p>\n<p>Komplekt\u0101cija: 24 m\u012bklu kart\u012btes un 24 dz\u012bvnieku kart\u012btes-atbildes, kop\u0101 48 kart\u012btes, 4 A4 form\u0101ta lapas. <\/p>\n","protected":false},"excerpt":{"rendered":"<p>M\u012bklas par dz\u012bvniekiem ir \u013coti vienk\u0101r\u0161as, t\u0101p\u0113c paredz\u0113tas pa\u0161iem maz\u0101kajiem. M\u012bklas veido vair\u0101kas nor\u0101des: viena var sniegt pareizo atbildi, bet cita \u2013 papildu zin\u0101\u0161anas par dz\u012bvnieku. Sp\u0113li var sp\u0113l\u0113t, novietojot dz\u012bvnieku kart\u012btes b\u0113rniem redzam\u0101 viet\u0101, piem\u0113ram, uz galda, un audzin\u0101t\u0101ja uzdod m\u012bklas. Redzot atbildes, b\u0113rniem b\u016bs viegl\u0101k un interesant\u0101k min\u0113t m\u012bklas. Jautra izklaide garant\u0113ta! Komplekt\u0101cija: [&hellip;]<\/p>\n","protected":false},"featured_media":3092,"comment_status":"closed","ping_status":"closed","template":"","meta":{"_acf_changed":false,"site-sidebar-layout":"default","site-content-layout":"","ast-site-content-layout":"default","site-content-style":"default","site-sidebar-style":"default","ast-global-header-display":"","ast-banner-title-visibility":"","ast-main-header-display":"","ast-hfb-above-header-display":"","ast-hfb-below-header-display":"","ast-hfb-mobile-header-display":"","site-post-title":"","ast-breadcrumbs-content":"","ast-featured-img":"","footer-sml-layout":"","ast-disable-related-posts":"","theme-transparent-header-meta":"default","adv-header-id-meta":"","stick-header-meta":"default","header-above-stick-meta":"","header-main-stick-meta":"","header-below-stick-meta":"","astra-migrate-meta-layouts":"set","ast-page-background-enabled":"default","ast-page-background-meta":{"desktop":{"background-color":"","background-image":"","background-repeat":"repeat","background-position":"center center","background-size":"auto","background-attachment":"scroll","background-type":"","background-media":"","overlay-type":"","overlay-color":"","overlay-opacity":"","overlay-gradient":""},"tablet":{"background-color":"","background-image":"","background-repeat":"repeat","background-position":"center center","background-size":"auto","background-attachment":"scroll","background-type":"","background-media":"","overlay-type":"","overlay-color":"","overlay-opacity":"","overlay-gradient":""},"mobile":{"background-color":"","background-image":"","background-repeat":"repeat","background-position":"center center","background-size":"auto","background-attachment":"scroll","background-type":"","background-media":"","overlay-type":"","overlay-color":"","overlay-opacity":"","overlay-gradient":""}},"ast-content-background-meta":{"desktop":{"background-color":"var(--ast-global-color-5)","background-image":"","background-repeat":"repeat","background-position":"center center","background-size":"auto","background-attachment":"scroll","background-type":"","background-media":"","overlay-type":"","overlay-color":"","overlay-opacity":"","overlay-gradient":""},"tablet":{"background-color":"var(--ast-global-color-5)","background-image":"","background-repeat":"repeat","background-position":"center center","background-size":"auto","background-attachment":"scroll","background-type":"","background-media":"","overlay-type":"","overlay-color":"","overlay-opacity":"","overlay-gradient":""},"mobile":{"background-color":"var(--ast-global-color-5)","background-image":"","background-repeat":"repeat","background-position":"center center","background-size":"auto","background-attachment":"scroll","background-type":"","background-media":"","overlay-type":"","overlay-color":"","overlay-opacity":"","overlay-gradient":""}}},"product_brand":[],"product_cat":[77],"product_tag":[],"class_list":{"0":"post-3090","1":"product","2":"type-product","3":"status-publish","4":"has-post-thumbnail","6":"product_cat-speles","7":"desktop-align-center","8":"tablet-align-left","9":"mobile-align-center","10":"ast-product-gallery-layout-first-image-large","11":"ast-product-gallery-with-no-image","12":"ast-product-tabs-layout-horizontal","14":"first","15":"instock","16":"sale","17":"downloadable","18":"virtual","19":"sold-individually","20":"purchasable","21":"product-type-simple"},"acf":[],"_links":{"self":[{"href":"https:\/\/kastenkidz.com\/lv\/wp-json\/wp\/v2\/product\/3090","targetHints":{"allow":["GET"]}}],"collection":[{"href":"https:\/\/kastenkidz.com\/lv\/wp-json\/wp\/v2\/product"}],"about":[{"href":"https:\/\/kastenkidz.com\/lv\/wp-json\/wp\/v2\/types\/product"}],"replies":[{"embeddable":true,"href":"https:\/\/kastenkidz.com\/lv\/wp-json\/wp\/v2\/comments?post=3090"}],"wp:featuredmedia":[{"embeddable":true,"href":"https:\/\/kastenkidz.com\/lv\/wp-json\/wp\/v2\/media\/3092"}],"wp:attachment":[{"href":"https:\/\/kastenkidz.com\/lv\/wp-json\/wp\/v2\/media?parent=3090"}],"wp:term":[{"taxonomy":"product_brand","embeddable":true,"href":"https:\/\/kastenkidz.com\/lv\/wp-json\/wp\/v2\/product_brand?post=3090"},{"taxonomy":"product_cat","embeddable":true,"href":"https:\/\/kastenkidz.com\/lv\/wp-json\/wp\/v2\/product_cat?post=3090"},{"taxonomy":"product_tag","embeddable":true,"href":"https:\/\/kastenkidz.com\/lv\/wp-json\/wp\/v2\/product_tag?post=3090"}],"curies":[{"name":"wp","href":"https:\/\/api.w.org\/{rel}","templated":true}]}}