{"id":3074,"date":"2025-02-06T16:45:36","date_gmt":"2025-02-06T16:45:36","guid":{"rendered":"https:\/\/kastenkidz.com\/product\/spele-pannas\/"},"modified":"2025-02-21T10:59:24","modified_gmt":"2025-02-21T10:59:24","slug":"spele-pannas","status":"publish","type":"product","link":"https:\/\/kastenkidz.com\/lv\/products\/spele-pannas\/","title":{"rendered":"Sp\u0113le &#8220;Pannas&#8221;"},"content":{"rendered":"<p>Sp\u0113le paredz\u0113ta 2\u20134 cilv\u0113ku grupai. Katrs sp\u0113l\u0113t\u0101js sa\u0146em pannu un iepaz\u012bstas ar t\u0101s saturu. Kart\u012btes ar d\u0101rze\u0146iem liek kaudz\u0113 ar att\u0113lu uz leju. Kart\u012bte no kaudzes tiek atkl\u0101ta, un visi sp\u0113l\u0113t\u0101ji p\u0101rbauda, vai vi\u0146u pann\u0101 ir atv\u0113rts d\u0101rzenis. Ja ir, sp\u0113l\u0113t\u0101jam, kur\u0161 pirmais to pamana, ir j\u0101pieklauv\u0113 pie savas pannas un j\u0101saka, piem\u0113ram, \u201eMan ir tom\u0101ts\u201d. V\u0113l\u0101k tiek atkl\u0101ta n\u0101kam\u0101 kart\u012bte no kaudzes&#8230; Uzvar tas, kur\u0161 vis\u0101tr\u0101k sav\u0101c visus d\u0101rze\u0146us no savas pannas.<\/p>\n<p>Komplekt\u0101cija: 28 kart\u012btes ar d\u0101rze\u0146iem un 4 pann\u0101m.<\/p>\n","protected":false},"excerpt":{"rendered":"<p>Sp\u0113le paredz\u0113ta 2\u20134 cilv\u0113ku grupai. Katrs sp\u0113l\u0113t\u0101js sa\u0146em pannu un iepaz\u012bstas ar t\u0101s saturu. Kart\u012btes ar d\u0101rze\u0146iem liek kaudz\u0113 ar att\u0113lu uz leju. Kart\u012bte no kaudzes tiek atkl\u0101ta, un visi sp\u0113l\u0113t\u0101ji p\u0101rbauda, vai vi\u0146u pann\u0101 ir atv\u0113rts d\u0101rzenis. Ja ir, sp\u0113l\u0113t\u0101jam, kur\u0161 pirmais to pamana, ir j\u0101pieklauv\u0113 pie savas pannas un j\u0101saka, piem\u0113ram, \u201eMan ir [&hellip;]<\/p>\n","protected":false},"featured_media":3076,"comment_status":"closed","ping_status":"closed","template":"","meta":{"_acf_changed":false,"site-sidebar-layout":"default","site-content-layout":"","ast-site-content-layout":"default","site-content-style":"default","site-sidebar-style":"default","ast-global-header-display":"","ast-banner-title-visibility":"","ast-main-header-display":"","ast-hfb-above-header-display":"","ast-hfb-below-header-display":"","ast-hfb-mobile-header-display":"","site-post-title":"","ast-breadcrumbs-content":"","ast-featured-img":"","footer-sml-layout":"","ast-disable-related-posts":"","theme-transparent-header-meta":"default","adv-header-id-meta":"","stick-header-meta":"default","header-above-stick-meta":"","header-main-stick-meta":"","header-below-stick-meta":"","astra-migrate-meta-layouts":"set","ast-page-background-enabled":"default","ast-page-background-meta":{"desktop":{"background-color":"","background-image":"","background-repeat":"repeat","background-position":"center center","background-size":"auto","background-attachment":"scroll","background-type":"","background-media":"","overlay-type":"","overlay-color":"","overlay-opacity":"","overlay-gradient":""},"tablet":{"background-color":"","background-image":"","background-repeat":"repeat","background-position":"center center","background-size":"auto","background-attachment":"scroll","background-type":"","background-media":"","overlay-type":"","overlay-color":"","overlay-opacity":"","overlay-gradient":""},"mobile":{"background-color":"","background-image":"","background-repeat":"repeat","background-position":"center center","background-size":"auto","background-attachment":"scroll","background-type":"","background-media":"","overlay-type":"","overlay-color":"","overlay-opacity":"","overlay-gradient":""}},"ast-content-background-meta":{"desktop":{"background-color":"var(--ast-global-color-5)","background-image":"","background-repeat":"repeat","background-position":"center center","background-size":"auto","background-attachment":"scroll","background-type":"","background-media":"","overlay-type":"","overlay-color":"","overlay-opacity":"","overlay-gradient":""},"tablet":{"background-color":"var(--ast-global-color-5)","background-image":"","background-repeat":"repeat","background-position":"center center","background-size":"auto","background-attachment":"scroll","background-type":"","background-media":"","overlay-type":"","overlay-color":"","overlay-opacity":"","overlay-gradient":""},"mobile":{"background-color":"var(--ast-global-color-5)","background-image":"","background-repeat":"repeat","background-position":"center center","background-size":"auto","background-attachment":"scroll","background-type":"","background-media":"","overlay-type":"","overlay-color":"","overlay-opacity":"","overlay-gradient":""}}},"product_brand":[],"product_cat":[77],"product_tag":[],"class_list":{"0":"post-3074","1":"product","2":"type-product","3":"status-publish","4":"has-post-thumbnail","6":"product_cat-speles","7":"desktop-align-center","8":"tablet-align-left","9":"mobile-align-center","10":"ast-product-gallery-layout-first-image-large","11":"ast-product-tabs-layout-horizontal","13":"first","14":"instock","15":"sale","16":"downloadable","17":"virtual","18":"sold-individually","19":"purchasable","20":"product-type-simple"},"acf":[],"_links":{"self":[{"href":"https:\/\/kastenkidz.com\/lv\/wp-json\/wp\/v2\/product\/3074","targetHints":{"allow":["GET"]}}],"collection":[{"href":"https:\/\/kastenkidz.com\/lv\/wp-json\/wp\/v2\/product"}],"about":[{"href":"https:\/\/kastenkidz.com\/lv\/wp-json\/wp\/v2\/types\/product"}],"replies":[{"embeddable":true,"href":"https:\/\/kastenkidz.com\/lv\/wp-json\/wp\/v2\/comments?post=3074"}],"wp:featuredmedia":[{"embeddable":true,"href":"https:\/\/kastenkidz.com\/lv\/wp-json\/wp\/v2\/media\/3076"}],"wp:attachment":[{"href":"https:\/\/kastenkidz.com\/lv\/wp-json\/wp\/v2\/media?parent=3074"}],"wp:term":[{"taxonomy":"product_brand","embeddable":true,"href":"https:\/\/kastenkidz.com\/lv\/wp-json\/wp\/v2\/product_brand?post=3074"},{"taxonomy":"product_cat","embeddable":true,"href":"https:\/\/kastenkidz.com\/lv\/wp-json\/wp\/v2\/product_cat?post=3074"},{"taxonomy":"product_tag","embeddable":true,"href":"https:\/\/kastenkidz.com\/lv\/wp-json\/wp\/v2\/product_tag?post=3074"}],"curies":[{"name":"wp","href":"https:\/\/api.w.org\/{rel}","templated":true}]}}