{"id":3022,"date":"2025-02-06T16:45:33","date_gmt":"2025-02-06T16:45:33","guid":{"rendered":"https:\/\/kastenkidz.com\/product\/loto-majdzivnieki-savvalas-dzivnieki\/"},"modified":"2025-02-11T18:00:51","modified_gmt":"2025-02-11T18:00:51","slug":"loto-majdzivnieki-savvalas-dzivnieki","status":"publish","type":"product","link":"https:\/\/kastenkidz.com\/lv\/products\/loto-majdzivnieki-savvalas-dzivnieki\/","title":{"rendered":"M\u0101jdz\u012bvnieku un savva\u013cas dzivnieku loto"},"content":{"rendered":"<p>Sp\u0113le paredz\u0113ta, lai b\u0113rni iepaz\u012btu un at\u0161\u0137irtu m\u0101jdz\u012bvnieku un savva\u013cas dz\u012bvnieku att\u0113lus p\u0113c dz\u012bvniekiem fotogr\u0101fij\u0101s. Tiek izdal\u012btas loto kart\u012btes, k\u0101 ar\u012b l\u016bgts t\u0101s novietot uz attiec\u012bgajiem m\u0101jdz\u012bvnieku un savva\u013cas dz\u012bvnieku sp\u0113les laukumiem.<\/p>\n<p>Komplekt\u0101cija: 4 A4 form\u0101ta sp\u0113les laukumi ar att\u0113liem; 36 kart\u012btes ar fotoatt\u0113liem. <\/p>\n","protected":false},"excerpt":{"rendered":"<p>Sp\u0113le paredz\u0113ta, lai b\u0113rni iepaz\u012btu un at\u0161\u0137irtu m\u0101jdz\u012bvnieku un savva\u013cas dz\u012bvnieku att\u0113lus p\u0113c dz\u012bvniekiem fotogr\u0101fij\u0101s. Tiek izdal\u012btas loto kart\u012btes, k\u0101 ar\u012b l\u016bgts t\u0101s novietot uz attiec\u012bgajiem m\u0101jdz\u012bvnieku un savva\u013cas dz\u012bvnieku sp\u0113les laukumiem. Komplekt\u0101cija: 4 A4 form\u0101ta sp\u0113les laukumi ar att\u0113liem; 36 kart\u012btes ar fotoatt\u0113liem.<\/p>\n","protected":false},"featured_media":3024,"comment_status":"closed","ping_status":"closed","template":"","meta":{"_acf_changed":false,"site-sidebar-layout":"default","site-content-layout":"","ast-site-content-layout":"default","site-content-style":"default","site-sidebar-style":"default","ast-global-header-display":"","ast-banner-title-visibility":"","ast-main-header-display":"","ast-hfb-above-header-display":"","ast-hfb-below-header-display":"","ast-hfb-mobile-header-display":"","site-post-title":"","ast-breadcrumbs-content":"","ast-featured-img":"","footer-sml-layout":"","ast-disable-related-posts":"","theme-transparent-header-meta":"default","adv-header-id-meta":"","stick-header-meta":"default","header-above-stick-meta":"","header-main-stick-meta":"","header-below-stick-meta":"","astra-migrate-meta-layouts":"set","ast-page-background-enabled":"default","ast-page-background-meta":{"desktop":{"background-color":"","background-image":"","background-repeat":"repeat","background-position":"center center","background-size":"auto","background-attachment":"scroll","background-type":"","background-media":"","overlay-type":"","overlay-color":"","overlay-opacity":"","overlay-gradient":""},"tablet":{"background-color":"","background-image":"","background-repeat":"repeat","background-position":"center center","background-size":"auto","background-attachment":"scroll","background-type":"","background-media":"","overlay-type":"","overlay-color":"","overlay-opacity":"","overlay-gradient":""},"mobile":{"background-color":"","background-image":"","background-repeat":"repeat","background-position":"center center","background-size":"auto","background-attachment":"scroll","background-type":"","background-media":"","overlay-type":"","overlay-color":"","overlay-opacity":"","overlay-gradient":""}},"ast-content-background-meta":{"desktop":{"background-color":"var(--ast-global-color-5)","background-image":"","background-repeat":"repeat","background-position":"center center","background-size":"auto","background-attachment":"scroll","background-type":"","background-media":"","overlay-type":"","overlay-color":"","overlay-opacity":"","overlay-gradient":""},"tablet":{"background-color":"var(--ast-global-color-5)","background-image":"","background-repeat":"repeat","background-position":"center center","background-size":"auto","background-attachment":"scroll","background-type":"","background-media":"","overlay-type":"","overlay-color":"","overlay-opacity":"","overlay-gradient":""},"mobile":{"background-color":"var(--ast-global-color-5)","background-image":"","background-repeat":"repeat","background-position":"center center","background-size":"auto","background-attachment":"scroll","background-type":"","background-media":"","overlay-type":"","overlay-color":"","overlay-opacity":"","overlay-gradient":""}}},"product_brand":[],"product_cat":[78,77],"product_tag":[],"class_list":{"0":"post-3022","1":"product","2":"type-product","3":"status-publish","4":"has-post-thumbnail","6":"product_cat-skirosana","7":"product_cat-speles","8":"desktop-align-center","9":"tablet-align-left","10":"mobile-align-center","11":"ast-product-gallery-layout-first-image-large","12":"ast-product-tabs-layout-horizontal","14":"first","15":"instock","16":"sale","17":"downloadable","18":"virtual","19":"sold-individually","20":"purchasable","21":"product-type-simple"},"acf":[],"_links":{"self":[{"href":"https:\/\/kastenkidz.com\/lv\/wp-json\/wp\/v2\/product\/3022","targetHints":{"allow":["GET"]}}],"collection":[{"href":"https:\/\/kastenkidz.com\/lv\/wp-json\/wp\/v2\/product"}],"about":[{"href":"https:\/\/kastenkidz.com\/lv\/wp-json\/wp\/v2\/types\/product"}],"replies":[{"embeddable":true,"href":"https:\/\/kastenkidz.com\/lv\/wp-json\/wp\/v2\/comments?post=3022"}],"wp:featuredmedia":[{"embeddable":true,"href":"https:\/\/kastenkidz.com\/lv\/wp-json\/wp\/v2\/media\/3024"}],"wp:attachment":[{"href":"https:\/\/kastenkidz.com\/lv\/wp-json\/wp\/v2\/media?parent=3022"}],"wp:term":[{"taxonomy":"product_brand","embeddable":true,"href":"https:\/\/kastenkidz.com\/lv\/wp-json\/wp\/v2\/product_brand?post=3022"},{"taxonomy":"product_cat","embeddable":true,"href":"https:\/\/kastenkidz.com\/lv\/wp-json\/wp\/v2\/product_cat?post=3022"},{"taxonomy":"product_tag","embeddable":true,"href":"https:\/\/kastenkidz.com\/lv\/wp-json\/wp\/v2\/product_tag?post=3022"}],"curies":[{"name":"wp","href":"https:\/\/api.w.org\/{rel}","templated":true}]}}