{"id":3008,"date":"2025-02-06T16:45:33","date_gmt":"2025-02-06T16:45:33","guid":{"rendered":"https:\/\/kastenkidz.com\/product\/vienskaitlu-daudzskaitlu-spele-man-ir\/"},"modified":"2025-02-11T18:29:18","modified_gmt":"2025-02-11T18:29:18","slug":"vienskaitlu-daudzskaitlu-spele-man-ir","status":"publish","type":"product","link":"https:\/\/kastenkidz.com\/lv\/products\/vienskaitlu-daudzskaitlu-spele-man-ir\/","title":{"rendered":"Vienskait\u013ca un daudzskait\u013ca sp\u0113le &#8220;Man ir&#8221;"},"content":{"rendered":"<p>Vienskait\u013cu un daudzskait\u013cu sp\u0113le \u201eMan ir\u201d ir sp\u0113le un vienlaikus veids, k\u0101 iem\u0101c\u012bties pareizi pateikt lietv\u0101rdus vienskaitl\u012b un daudzskaitl\u012b.<br \/>\nSp\u0113les noteikumi: sp\u0113l\u0113t\u0101jiem izdala visas kart\u012btes. Izv\u0113las b\u0113rnu, kur\u0161 s\u0101ks sp\u0113li. Sp\u0113l\u0113t\u0101jam ska\u013ci j\u0101pasaka \u201eKam ir\u201d un j\u0101nosauc zem\u0101k eso\u0161ais att\u0113ls (piem\u0113ram, \u0161\u0137\u012bvji). Tad visi sp\u0113l\u0113t\u0101ji p\u0101rbauda savas kart\u012btes un b\u0113rnam, kur\u0161 atrod, j\u0101saka \u201eMan ir \u0161\u0137\u012bvji\u201d, p\u0113c tam j\u0101jaut\u0101 \u201eKam ir karote\u201d\u00a0\u2013 nosaucot zem\u0101k eso\u0161o att\u0113lu. Kart\u012bte tiek iz\u0146emta no sp\u0113les, un sp\u0113le turpin\u0101s. <\/p>\n<p>Komplekt\u0101cija: 48 kart\u012btes. <\/p>\n","protected":false},"excerpt":{"rendered":"<p>Vienskait\u013cu un daudzskait\u013cu sp\u0113le \u201eMan ir\u201d ir sp\u0113le un vienlaikus veids, k\u0101 iem\u0101c\u012bties pareizi pateikt lietv\u0101rdus vienskaitl\u012b un daudzskaitl\u012b. Sp\u0113les noteikumi: sp\u0113l\u0113t\u0101jiem izdala visas kart\u012btes. Izv\u0113las b\u0113rnu, kur\u0161 s\u0101ks sp\u0113li. Sp\u0113l\u0113t\u0101jam ska\u013ci j\u0101pasaka \u201eKam ir\u201d un j\u0101nosauc zem\u0101k eso\u0161ais att\u0113ls (piem\u0113ram, \u0161\u0137\u012bvji). Tad visi sp\u0113l\u0113t\u0101ji p\u0101rbauda savas kart\u012btes un b\u0113rnam, kur\u0161 atrod, j\u0101saka \u201eMan ir [&hellip;]<\/p>\n","protected":false},"featured_media":3010,"comment_status":"closed","ping_status":"closed","template":"","meta":{"_acf_changed":false,"site-sidebar-layout":"default","site-content-layout":"","ast-site-content-layout":"default","site-content-style":"default","site-sidebar-style":"default","ast-global-header-display":"","ast-banner-title-visibility":"","ast-main-header-display":"","ast-hfb-above-header-display":"","ast-hfb-below-header-display":"","ast-hfb-mobile-header-display":"","site-post-title":"","ast-breadcrumbs-content":"","ast-featured-img":"","footer-sml-layout":"","ast-disable-related-posts":"","theme-transparent-header-meta":"default","adv-header-id-meta":"","stick-header-meta":"default","header-above-stick-meta":"","header-main-stick-meta":"","header-below-stick-meta":"","astra-migrate-meta-layouts":"set","ast-page-background-enabled":"default","ast-page-background-meta":{"desktop":{"background-color":"","background-image":"","background-repeat":"repeat","background-position":"center center","background-size":"auto","background-attachment":"scroll","background-type":"","background-media":"","overlay-type":"","overlay-color":"","overlay-opacity":"","overlay-gradient":""},"tablet":{"background-color":"","background-image":"","background-repeat":"repeat","background-position":"center center","background-size":"auto","background-attachment":"scroll","background-type":"","background-media":"","overlay-type":"","overlay-color":"","overlay-opacity":"","overlay-gradient":""},"mobile":{"background-color":"","background-image":"","background-repeat":"repeat","background-position":"center center","background-size":"auto","background-attachment":"scroll","background-type":"","background-media":"","overlay-type":"","overlay-color":"","overlay-opacity":"","overlay-gradient":""}},"ast-content-background-meta":{"desktop":{"background-color":"var(--ast-global-color-5)","background-image":"","background-repeat":"repeat","background-position":"center center","background-size":"auto","background-attachment":"scroll","background-type":"","background-media":"","overlay-type":"","overlay-color":"","overlay-opacity":"","overlay-gradient":""},"tablet":{"background-color":"var(--ast-global-color-5)","background-image":"","background-repeat":"repeat","background-position":"center center","background-size":"auto","background-attachment":"scroll","background-type":"","background-media":"","overlay-type":"","overlay-color":"","overlay-opacity":"","overlay-gradient":""},"mobile":{"background-color":"var(--ast-global-color-5)","background-image":"","background-repeat":"repeat","background-position":"center center","background-size":"auto","background-attachment":"scroll","background-type":"","background-media":"","overlay-type":"","overlay-color":"","overlay-opacity":"","overlay-gradient":""}}},"product_brand":[],"product_cat":[77,80],"product_tag":[],"class_list":{"0":"post-3008","1":"product","2":"type-product","3":"status-publish","4":"has-post-thumbnail","6":"product_cat-speles","7":"product_cat-valoda","8":"desktop-align-center","9":"tablet-align-left","10":"mobile-align-center","11":"ast-product-gallery-layout-first-image-large","12":"ast-product-gallery-with-no-image","13":"ast-product-tabs-layout-horizontal","15":"first","16":"instock","17":"sale","18":"downloadable","19":"virtual","20":"sold-individually","21":"purchasable","22":"product-type-simple"},"acf":[],"_links":{"self":[{"href":"https:\/\/kastenkidz.com\/lv\/wp-json\/wp\/v2\/product\/3008","targetHints":{"allow":["GET"]}}],"collection":[{"href":"https:\/\/kastenkidz.com\/lv\/wp-json\/wp\/v2\/product"}],"about":[{"href":"https:\/\/kastenkidz.com\/lv\/wp-json\/wp\/v2\/types\/product"}],"replies":[{"embeddable":true,"href":"https:\/\/kastenkidz.com\/lv\/wp-json\/wp\/v2\/comments?post=3008"}],"wp:featuredmedia":[{"embeddable":true,"href":"https:\/\/kastenkidz.com\/lv\/wp-json\/wp\/v2\/media\/3010"}],"wp:attachment":[{"href":"https:\/\/kastenkidz.com\/lv\/wp-json\/wp\/v2\/media?parent=3008"}],"wp:term":[{"taxonomy":"product_brand","embeddable":true,"href":"https:\/\/kastenkidz.com\/lv\/wp-json\/wp\/v2\/product_brand?post=3008"},{"taxonomy":"product_cat","embeddable":true,"href":"https:\/\/kastenkidz.com\/lv\/wp-json\/wp\/v2\/product_cat?post=3008"},{"taxonomy":"product_tag","embeddable":true,"href":"https:\/\/kastenkidz.com\/lv\/wp-json\/wp\/v2\/product_tag?post=3008"}],"curies":[{"name":"wp","href":"https:\/\/api.w.org\/{rel}","templated":true}]}}