{"id":3002,"date":"2025-02-06T16:45:33","date_gmt":"2025-02-06T16:45:33","guid":{"rendered":"https:\/\/kastenkidz.com\/product\/atkarto-linijas\/"},"modified":"2025-02-11T18:23:41","modified_gmt":"2025-02-11T18:23:41","slug":"atkarto-linijas","status":"publish","type":"product","link":"https:\/\/kastenkidz.com\/lv\/products\/atkarto-linijas\/","title":{"rendered":"Atk\u0101rto l\u012bnijas"},"content":{"rendered":"<p>Punkti j\u0101savieno ar l\u012bnij\u0101m l\u012bdz\u012bgi k\u0101 piem\u0113r\u0101. B\u0113rniem bie\u017ei pat\u012bk rad\u012bt un izteikt savas idejas z\u012bm\u0113jot. L\u012bniju atk\u0101rto\u0161ana pal\u012bdz b\u0113rniem att\u012bst\u012bt koncentr\u0113\u0161anos, uzman\u012bbu un smalko motoriku. <\/p>\n<p>Komplekt\u0101cija: 20 kart\u012btes ar rakstu paraugiem, kart\u012btes izm\u0113rs: 12,5\u00a0x\u00a08,5\u00a0cm. 20 kart\u012btes ar punktiem l\u012bniju z\u012bm\u0113\u0161anai, kart\u012btes izm\u0113rs: 12,5\u00a0x\u00a08,5\u00a0cm. <\/p>\n","protected":false},"excerpt":{"rendered":"<p>Punkti j\u0101savieno ar l\u012bnij\u0101m l\u012bdz\u012bgi k\u0101 piem\u0113r\u0101. B\u0113rniem bie\u017ei pat\u012bk rad\u012bt un izteikt savas idejas z\u012bm\u0113jot. L\u012bniju atk\u0101rto\u0161ana pal\u012bdz b\u0113rniem att\u012bst\u012bt koncentr\u0113\u0161anos, uzman\u012bbu un smalko motoriku. Komplekt\u0101cija: 20 kart\u012btes ar rakstu paraugiem, kart\u012btes izm\u0113rs: 12,5\u00a0x\u00a08,5\u00a0cm. 20 kart\u012btes ar punktiem l\u012bniju z\u012bm\u0113\u0161anai, kart\u012btes izm\u0113rs: 12,5\u00a0x\u00a08,5\u00a0cm.<\/p>\n","protected":false},"featured_media":3004,"comment_status":"closed","ping_status":"closed","template":"","meta":{"_acf_changed":false,"site-sidebar-layout":"default","site-content-layout":"","ast-site-content-layout":"default","site-content-style":"default","site-sidebar-style":"default","ast-global-header-display":"","ast-banner-title-visibility":"","ast-main-header-display":"","ast-hfb-above-header-display":"","ast-hfb-below-header-display":"","ast-hfb-mobile-header-display":"","site-post-title":"","ast-breadcrumbs-content":"","ast-featured-img":"","footer-sml-layout":"","ast-disable-related-posts":"","theme-transparent-header-meta":"default","adv-header-id-meta":"","stick-header-meta":"default","header-above-stick-meta":"","header-main-stick-meta":"","header-below-stick-meta":"","astra-migrate-meta-layouts":"set","ast-page-background-enabled":"default","ast-page-background-meta":{"desktop":{"background-color":"","background-image":"","background-repeat":"repeat","background-position":"center center","background-size":"auto","background-attachment":"scroll","background-type":"","background-media":"","overlay-type":"","overlay-color":"","overlay-opacity":"","overlay-gradient":""},"tablet":{"background-color":"","background-image":"","background-repeat":"repeat","background-position":"center center","background-size":"auto","background-attachment":"scroll","background-type":"","background-media":"","overlay-type":"","overlay-color":"","overlay-opacity":"","overlay-gradient":""},"mobile":{"background-color":"","background-image":"","background-repeat":"repeat","background-position":"center center","background-size":"auto","background-attachment":"scroll","background-type":"","background-media":"","overlay-type":"","overlay-color":"","overlay-opacity":"","overlay-gradient":""}},"ast-content-background-meta":{"desktop":{"background-color":"var(--ast-global-color-5)","background-image":"","background-repeat":"repeat","background-position":"center center","background-size":"auto","background-attachment":"scroll","background-type":"","background-media":"","overlay-type":"","overlay-color":"","overlay-opacity":"","overlay-gradient":""},"tablet":{"background-color":"var(--ast-global-color-5)","background-image":"","background-repeat":"repeat","background-position":"center center","background-size":"auto","background-attachment":"scroll","background-type":"","background-media":"","overlay-type":"","overlay-color":"","overlay-opacity":"","overlay-gradient":""},"mobile":{"background-color":"var(--ast-global-color-5)","background-image":"","background-repeat":"repeat","background-position":"center center","background-size":"auto","background-attachment":"scroll","background-type":"","background-media":"","overlay-type":"","overlay-color":"","overlay-opacity":"","overlay-gradient":""}}},"product_brand":[],"product_cat":[79],"product_tag":[],"class_list":{"0":"post-3002","1":"product","2":"type-product","3":"status-publish","4":"has-post-thumbnail","6":"product_cat-atmina-un-uzmaniba","7":"desktop-align-center","8":"tablet-align-left","9":"mobile-align-center","10":"ast-product-gallery-layout-first-image-large","11":"ast-product-tabs-layout-horizontal","13":"first","14":"instock","15":"sale","16":"downloadable","17":"virtual","18":"sold-individually","19":"purchasable","20":"product-type-simple"},"acf":[],"_links":{"self":[{"href":"https:\/\/kastenkidz.com\/lv\/wp-json\/wp\/v2\/product\/3002","targetHints":{"allow":["GET"]}}],"collection":[{"href":"https:\/\/kastenkidz.com\/lv\/wp-json\/wp\/v2\/product"}],"about":[{"href":"https:\/\/kastenkidz.com\/lv\/wp-json\/wp\/v2\/types\/product"}],"replies":[{"embeddable":true,"href":"https:\/\/kastenkidz.com\/lv\/wp-json\/wp\/v2\/comments?post=3002"}],"wp:featuredmedia":[{"embeddable":true,"href":"https:\/\/kastenkidz.com\/lv\/wp-json\/wp\/v2\/media\/3004"}],"wp:attachment":[{"href":"https:\/\/kastenkidz.com\/lv\/wp-json\/wp\/v2\/media?parent=3002"}],"wp:term":[{"taxonomy":"product_brand","embeddable":true,"href":"https:\/\/kastenkidz.com\/lv\/wp-json\/wp\/v2\/product_brand?post=3002"},{"taxonomy":"product_cat","embeddable":true,"href":"https:\/\/kastenkidz.com\/lv\/wp-json\/wp\/v2\/product_cat?post=3002"},{"taxonomy":"product_tag","embeddable":true,"href":"https:\/\/kastenkidz.com\/lv\/wp-json\/wp\/v2\/product_tag?post=3002"}],"curies":[{"name":"wp","href":"https:\/\/api.w.org\/{rel}","templated":true}]}}