{"id":2972,"date":"2025-02-06T16:45:33","date_gmt":"2025-02-06T16:45:33","guid":{"rendered":"https:\/\/kastenkidz.com\/product\/matematikas-spele-man-ir\/"},"modified":"2025-02-11T18:19:03","modified_gmt":"2025-02-11T18:19:03","slug":"matematikas-spele-man-ir","status":"publish","type":"product","link":"https:\/\/kastenkidz.com\/lv\/products\/matematikas-spele-man-ir\/","title":{"rendered":"Matem\u0101tikas sp\u0113le &#8220;Man ir&#8221;"},"content":{"rendered":"<p>Sp\u0113le paredz\u0113ta b\u0113rnu grupai. Piem\u0113rota pirmsskolas vecuma b\u0113rniem.<br \/>\nSp\u0113les noteikumi: sp\u0113l\u0113t\u0101jiem izdala visas kart\u012btes. Izv\u0113las b\u0113rnu, kur\u0161 s\u0101ks sp\u0113li. Sp\u0113l\u0113t\u0101jam ska\u013ci j\u0101saka \u201eKam ir\u201d un j\u0101nosauc zem\u0101k eso\u0161\u0101 matem\u0101tisk\u0101 darb\u012bba (piem\u0113ram, 4 + 4). Tad visi sp\u0113l\u0113t\u0101ji pr\u0101t\u0101 saskaita un p\u0101rbauda, vai ieg\u016btais skaitlis ir vi\u0146u kart\u012bt\u0113s. Pirmajam b\u0113rnam, kur\u0161 to izdara, ska\u013ci j\u0101saka \u201eMan ir\u201d un, kad kart\u012bte atrasta, j\u0101nosauc skaitlis (8). \u0160im b\u0113rnam j\u0101saka \u201eKam ir\u201d un darb\u012bba no savas kart\u012btes. Kart\u012bte tiek iz\u0146emta no sp\u0113les, un b\u0113rni atkal r\u0113\u0137ina un p\u0101rbauda, vai atbilde ir vi\u0146u kart\u012bt\u0113s.<\/p>\n<p>Komplekt\u0101cija: 40 kart\u012btes ar reizin\u0101\u0161anas l\u012bdz 10 darb\u012bb\u0101m. <\/p>\n","protected":false},"excerpt":{"rendered":"<p>Sp\u0113le paredz\u0113ta b\u0113rnu grupai. Piem\u0113rota pirmsskolas vecuma b\u0113rniem. Sp\u0113les noteikumi: sp\u0113l\u0113t\u0101jiem izdala visas kart\u012btes. Izv\u0113las b\u0113rnu, kur\u0161 s\u0101ks sp\u0113li. Sp\u0113l\u0113t\u0101jam ska\u013ci j\u0101saka \u201eKam ir\u201d un j\u0101nosauc zem\u0101k eso\u0161\u0101 matem\u0101tisk\u0101 darb\u012bba (piem\u0113ram, 4 + 4). Tad visi sp\u0113l\u0113t\u0101ji pr\u0101t\u0101 saskaita un p\u0101rbauda, vai ieg\u016btais skaitlis ir vi\u0146u kart\u012bt\u0113s. Pirmajam b\u0113rnam, kur\u0161 to izdara, ska\u013ci j\u0101saka \u201eMan [&hellip;]<\/p>\n","protected":false},"featured_media":2974,"comment_status":"closed","ping_status":"closed","template":"","meta":{"_acf_changed":false,"site-sidebar-layout":"default","site-content-layout":"","ast-site-content-layout":"default","site-content-style":"default","site-sidebar-style":"default","ast-global-header-display":"","ast-banner-title-visibility":"","ast-main-header-display":"","ast-hfb-above-header-display":"","ast-hfb-below-header-display":"","ast-hfb-mobile-header-display":"","site-post-title":"","ast-breadcrumbs-content":"","ast-featured-img":"","footer-sml-layout":"","ast-disable-related-posts":"","theme-transparent-header-meta":"default","adv-header-id-meta":"","stick-header-meta":"default","header-above-stick-meta":"","header-main-stick-meta":"","header-below-stick-meta":"","astra-migrate-meta-layouts":"set","ast-page-background-enabled":"default","ast-page-background-meta":{"desktop":{"background-color":"","background-image":"","background-repeat":"repeat","background-position":"center center","background-size":"auto","background-attachment":"scroll","background-type":"","background-media":"","overlay-type":"","overlay-color":"","overlay-opacity":"","overlay-gradient":""},"tablet":{"background-color":"","background-image":"","background-repeat":"repeat","background-position":"center center","background-size":"auto","background-attachment":"scroll","background-type":"","background-media":"","overlay-type":"","overlay-color":"","overlay-opacity":"","overlay-gradient":""},"mobile":{"background-color":"","background-image":"","background-repeat":"repeat","background-position":"center center","background-size":"auto","background-attachment":"scroll","background-type":"","background-media":"","overlay-type":"","overlay-color":"","overlay-opacity":"","overlay-gradient":""}},"ast-content-background-meta":{"desktop":{"background-color":"var(--ast-global-color-5)","background-image":"","background-repeat":"repeat","background-position":"center center","background-size":"auto","background-attachment":"scroll","background-type":"","background-media":"","overlay-type":"","overlay-color":"","overlay-opacity":"","overlay-gradient":""},"tablet":{"background-color":"var(--ast-global-color-5)","background-image":"","background-repeat":"repeat","background-position":"center center","background-size":"auto","background-attachment":"scroll","background-type":"","background-media":"","overlay-type":"","overlay-color":"","overlay-opacity":"","overlay-gradient":""},"mobile":{"background-color":"var(--ast-global-color-5)","background-image":"","background-repeat":"repeat","background-position":"center center","background-size":"auto","background-attachment":"scroll","background-type":"","background-media":"","overlay-type":"","overlay-color":"","overlay-opacity":"","overlay-gradient":""}}},"product_brand":[],"product_cat":[76,77],"product_tag":[],"class_list":{"0":"post-2972","1":"product","2":"type-product","3":"status-publish","4":"has-post-thumbnail","6":"product_cat-matematika","7":"product_cat-speles","8":"desktop-align-center","9":"tablet-align-left","10":"mobile-align-center","11":"ast-product-gallery-layout-first-image-large","12":"ast-product-gallery-with-no-image","13":"ast-product-tabs-layout-horizontal","15":"first","16":"instock","17":"sale","18":"downloadable","19":"virtual","20":"sold-individually","21":"purchasable","22":"product-type-simple"},"acf":[],"_links":{"self":[{"href":"https:\/\/kastenkidz.com\/lv\/wp-json\/wp\/v2\/product\/2972","targetHints":{"allow":["GET"]}}],"collection":[{"href":"https:\/\/kastenkidz.com\/lv\/wp-json\/wp\/v2\/product"}],"about":[{"href":"https:\/\/kastenkidz.com\/lv\/wp-json\/wp\/v2\/types\/product"}],"replies":[{"embeddable":true,"href":"https:\/\/kastenkidz.com\/lv\/wp-json\/wp\/v2\/comments?post=2972"}],"wp:featuredmedia":[{"embeddable":true,"href":"https:\/\/kastenkidz.com\/lv\/wp-json\/wp\/v2\/media\/2974"}],"wp:attachment":[{"href":"https:\/\/kastenkidz.com\/lv\/wp-json\/wp\/v2\/media?parent=2972"}],"wp:term":[{"taxonomy":"product_brand","embeddable":true,"href":"https:\/\/kastenkidz.com\/lv\/wp-json\/wp\/v2\/product_brand?post=2972"},{"taxonomy":"product_cat","embeddable":true,"href":"https:\/\/kastenkidz.com\/lv\/wp-json\/wp\/v2\/product_cat?post=2972"},{"taxonomy":"product_tag","embeddable":true,"href":"https:\/\/kastenkidz.com\/lv\/wp-json\/wp\/v2\/product_tag?post=2972"}],"curies":[{"name":"wp","href":"https:\/\/api.w.org\/{rel}","templated":true}]}}