{"id":2966,"date":"2025-02-06T16:45:33","date_gmt":"2025-02-06T16:45:33","guid":{"rendered":"https:\/\/kastenkidz.com\/product\/atkarto-emocijas\/"},"modified":"2025-09-10T06:30:18","modified_gmt":"2025-09-10T06:30:18","slug":"atkarto-emocijas","status":"publish","type":"product","link":"https:\/\/kastenkidz.com\/lv\/products\/atkarto-emocijas\/","title":{"rendered":"Atk\u0101rto emocijas"},"content":{"rendered":"<p>R\u012bka \u201eAtk\u0101rto emocijas\u201d m\u0113r\u0137is ir iem\u0101c\u012bt b\u0113rniem izteikt savas un atpaz\u012bt draugu emocijas.<br \/>\nRun\u0101jiet ar b\u0113rniem par emocij\u0101m, m\u0113\u0123iniet t\u0101s atpaz\u012bt un atdarin\u0101t no att\u0113liem.<\/p>\n<p>Komplekt\u0101cija: 20 emociju kart\u012btes.<br \/>\nKart\u012btes A4 un A5 form\u0101tos tiek lejupiel\u0101d\u0113tas atsevi\u0161\u0137i.<br \/>\nUzdevums tiek lejupiel\u0101d\u0113ts PDF form\u0101t\u0101.<br \/>\nIesak\u0101m druk\u0101t ar kr\u0101su printeri.<br \/>\nNepiecie\u0161amas \u0161\u0137\u0113res.<br \/>\nParedz\u0113ts b\u0113rniem no 4 gadu vecuma.<\/p>\n","protected":false},"excerpt":{"rendered":"<p>R\u012bka \u201eAtk\u0101rto emocijas\u201d m\u0113r\u0137is ir iem\u0101c\u012bt b\u0113rniem izteikt savas un atpaz\u012bt draugu emocijas. Run\u0101jiet ar b\u0113rniem par emocij\u0101m, m\u0113\u0123iniet t\u0101s atpaz\u012bt un atdarin\u0101t no att\u0113liem. Komplekt\u0101cija: 20 emociju kart\u012btes. Kart\u012btes A4 un A5 form\u0101tos tiek lejupiel\u0101d\u0113tas atsevi\u0161\u0137i. Uzdevums tiek lejupiel\u0101d\u0113ts PDF form\u0101t\u0101. Iesak\u0101m druk\u0101t ar kr\u0101su printeri. Nepiecie\u0161amas \u0161\u0137\u0113res. Paredz\u0113ts b\u0113rniem no 4 gadu vecuma.<\/p>\n","protected":false},"featured_media":2968,"comment_status":"closed","ping_status":"closed","template":"","meta":{"_acf_changed":false,"site-sidebar-layout":"default","site-content-layout":"","ast-site-content-layout":"default","site-content-style":"default","site-sidebar-style":"default","ast-global-header-display":"","ast-banner-title-visibility":"","ast-main-header-display":"","ast-hfb-above-header-display":"","ast-hfb-below-header-display":"","ast-hfb-mobile-header-display":"","site-post-title":"","ast-breadcrumbs-content":"","ast-featured-img":"","footer-sml-layout":"","ast-disable-related-posts":"","theme-transparent-header-meta":"default","adv-header-id-meta":"","stick-header-meta":"default","header-above-stick-meta":"","header-main-stick-meta":"","header-below-stick-meta":"","astra-migrate-meta-layouts":"set","ast-page-background-enabled":"default","ast-page-background-meta":{"desktop":{"background-color":"","background-image":"","background-repeat":"repeat","background-position":"center center","background-size":"auto","background-attachment":"scroll","background-type":"","background-media":"","overlay-type":"","overlay-color":"","overlay-opacity":"","overlay-gradient":""},"tablet":{"background-color":"","background-image":"","background-repeat":"repeat","background-position":"center center","background-size":"auto","background-attachment":"scroll","background-type":"","background-media":"","overlay-type":"","overlay-color":"","overlay-opacity":"","overlay-gradient":""},"mobile":{"background-color":"","background-image":"","background-repeat":"repeat","background-position":"center center","background-size":"auto","background-attachment":"scroll","background-type":"","background-media":"","overlay-type":"","overlay-color":"","overlay-opacity":"","overlay-gradient":""}},"ast-content-background-meta":{"desktop":{"background-color":"var(--ast-global-color-5)","background-image":"","background-repeat":"repeat","background-position":"center center","background-size":"auto","background-attachment":"scroll","background-type":"","background-media":"","overlay-type":"","overlay-color":"","overlay-opacity":"","overlay-gradient":""},"tablet":{"background-color":"var(--ast-global-color-5)","background-image":"","background-repeat":"repeat","background-position":"center center","background-size":"auto","background-attachment":"scroll","background-type":"","background-media":"","overlay-type":"","overlay-color":"","overlay-opacity":"","overlay-gradient":""},"mobile":{"background-color":"var(--ast-global-color-5)","background-image":"","background-repeat":"repeat","background-position":"center center","background-size":"auto","background-attachment":"scroll","background-type":"","background-media":"","overlay-type":"","overlay-color":"","overlay-opacity":"","overlay-gradient":""}}},"product_brand":[],"product_cat":[75],"product_tag":[],"class_list":{"0":"post-2966","1":"product","2":"type-product","3":"status-publish","4":"has-post-thumbnail","6":"product_cat-puzles-un-kartis","7":"desktop-align-center","8":"tablet-align-left","9":"mobile-align-center","10":"ast-product-gallery-layout-first-image-large","11":"ast-product-tabs-layout-horizontal","13":"first","14":"instock","15":"sale","16":"downloadable","17":"virtual","18":"sold-individually","19":"purchasable","20":"product-type-simple"},"acf":[],"_links":{"self":[{"href":"https:\/\/kastenkidz.com\/lv\/wp-json\/wp\/v2\/product\/2966","targetHints":{"allow":["GET"]}}],"collection":[{"href":"https:\/\/kastenkidz.com\/lv\/wp-json\/wp\/v2\/product"}],"about":[{"href":"https:\/\/kastenkidz.com\/lv\/wp-json\/wp\/v2\/types\/product"}],"replies":[{"embeddable":true,"href":"https:\/\/kastenkidz.com\/lv\/wp-json\/wp\/v2\/comments?post=2966"}],"wp:featuredmedia":[{"embeddable":true,"href":"https:\/\/kastenkidz.com\/lv\/wp-json\/wp\/v2\/media\/2968"}],"wp:attachment":[{"href":"https:\/\/kastenkidz.com\/lv\/wp-json\/wp\/v2\/media?parent=2966"}],"wp:term":[{"taxonomy":"product_brand","embeddable":true,"href":"https:\/\/kastenkidz.com\/lv\/wp-json\/wp\/v2\/product_brand?post=2966"},{"taxonomy":"product_cat","embeddable":true,"href":"https:\/\/kastenkidz.com\/lv\/wp-json\/wp\/v2\/product_cat?post=2966"},{"taxonomy":"product_tag","embeddable":true,"href":"https:\/\/kastenkidz.com\/lv\/wp-json\/wp\/v2\/product_tag?post=2966"}],"curies":[{"name":"wp","href":"https:\/\/api.w.org\/{rel}","templated":true}]}}