{"id":3601,"date":"2025-02-20T19:45:05","date_gmt":"2025-02-20T19:45:05","guid":{"rendered":"https:\/\/kastenkidz.com\/maksajums-piegade-un-atgriesana\/"},"modified":"2025-03-12T19:48:26","modified_gmt":"2025-03-12T19:48:26","slug":"apmaksa-piegade-un-atgriesana","status":"publish","type":"page","link":"https:\/\/kastenkidz.com\/lv\/apmaksa-piegade-un-atgriesana\/","title":{"rendered":"Apmaksa, pieg\u0101de un atgrie\u0161ana"},"content":{"rendered":"\t\t<div data-elementor-type=\"wp-page\" data-elementor-id=\"3601\" class=\"elementor elementor-3601 elementor-3588\" data-elementor-post-type=\"page\">\n\t\t\t\t<div class=\"elementor-element elementor-element-6c978d5 e-flex e-con-boxed e-con e-parent\" data-id=\"6c978d5\" data-element_type=\"container\" data-e-type=\"container\">\n\t\t\t\t\t<div class=\"e-con-inner\">\n\t\t\t\t<div class=\"elementor-element elementor-element-74a1d6b elementor-widget elementor-widget-text-editor\" data-id=\"74a1d6b\" data-element_type=\"widget\" data-e-type=\"widget\" data-widget_type=\"text-editor.default\">\n\t\t\t\t<div class=\"elementor-widget-container\">\n\t\t\t\t\t\t\t\t\t<h4>Maks\u0101jums<\/h4>\n<p><strong>1. PAYSERA<\/strong><br \/>J\u016bs varat veikt maks\u0101jumu, izmantojot internetbanku (Swedbank AB, SEB AB, Citadele AB).<br \/><strong>2. Bankas p\u0101rskait\u012bjums<\/strong><br \/>P\u0101rskaitiet l\u012bdzek\u013cus uz nor\u0101d\u012bto kontu. L\u016bdzu, pazi\u0146ojiet mums par maks\u0101jumu un ieg\u0101d\u0101taj\u0101m prec\u0113m, rakstot mums uz <strong>info@kastenkidz.com<\/strong>. Maks\u0101juma inform\u0101cij\u0101 nor\u0101diet &#8220;Izgl\u012bt\u012bbas uzdevumiem&#8221;. S\u012bk\u0101ka inform\u0101cija: <br \/>MB Kas desmit, <br \/>re\u0123istr\u0101cijas kods 307085006. <br \/>Konta numurs:  <br \/><strong>3. Kred\u012btkarte<\/strong><br \/><strong>4. PayPal<\/strong><\/p>\n<h4>Pieg\u0101de<\/h4>\n<p>www.kastenkidz.com p\u0101rdod tikai digit\u0101los produktus &#8211; PDF failus. P\u0113c maks\u0101juma veik\u0161anas da\u017eu min\u016b\u0161u laik\u0101 sa\u0146emsiet e-pasta v\u0113stuli, kur\u0101 b\u016bs nor\u0101d\u012btas saites uz pas\u016bt\u012bto pre\u010du lejupiel\u0101des iesp\u0113j\u0101m un pievienots r\u0113\u0137ins. Noklik\u0161\u0137iniet uz saites, lai lejupiel\u0101d\u0113tu PDF failus. Zem\u0101k ir sniegts ilustr\u0113ts piem\u0113rs.<br \/>Ja nesa\u0146emat e-pastu, vispirms p\u0101rbaudiet, vai faili nav novirz\u012bti uz <strong>SPAM<\/strong> vai <strong>promocijas mapi<\/strong>. Tom\u0113r past\u0101v liela iesp\u0113ja, ka ievad\u012bj\u0101t nepareizu e-pasta adresi. Ja joproj\u0101m neesat sa\u0146\u0113mis failus, l\u016bdzu, rakstiet uz info@kastenkidz.com, un m\u0113s ap\u0146emsimies atbild\u0113t divu (2) darba dienu laik\u0101.<\/p>\n<h4>Atgrie\u017e<\/h4>\n<p>Saska\u0146\u0101 ar <strong>ES Pat\u0113r\u0113t\u0101ju ties\u012bbu direkt\u012bvu (2011\/83\/ES<\/strong>) digit\u0101l\u0101s preces nav atmaks\u0101jamas. Pirc\u0113js <strong>zaud\u0113 atteikuma ties\u012bbas (atgrie\u0161anas ties\u012bbas),<\/strong> tikl\u012bdz s\u0101kas lejupiel\u0101des process.<\/p>\n\t\t\t\t\t\t\t\t<\/div>\n\t\t\t\t<\/div>\n\t\t\t\t\t<\/div>\n\t\t\t\t<\/div>\n\t\t\t\t<\/div>\n\t\t","protected":false},"excerpt":{"rendered":"<p>Maks\u0101jums 1. PAYSERAJ\u016bs varat veikt maks\u0101jumu, izmantojot internetbanku (Swedbank AB, SEB AB, Citadele AB).2. Bankas p\u0101rskait\u012bjumsP\u0101rskaitiet l\u012bdzek\u013cus uz nor\u0101d\u012bto kontu. L\u016bdzu, pazi\u0146ojiet mums par maks\u0101jumu un ieg\u0101d\u0101taj\u0101m prec\u0113m, rakstot mums uz info@kastenkidz.com. Maks\u0101juma inform\u0101cij\u0101 nor\u0101diet &#8220;Izgl\u012bt\u012bbas uzdevumiem&#8221;. S\u012bk\u0101ka inform\u0101cija: MB Kas desmit, re\u0123istr\u0101cijas kods 307085006. Konta numurs: 3. Kred\u012btkarte4. PayPal Pieg\u0101de www.kastenkidz.com p\u0101rdod tikai digit\u0101los [&hellip;]<\/p>\n","protected":false},"author":1,"featured_media":0,"parent":0,"menu_order":0,"comment_status":"closed","ping_status":"closed","template":"","meta":{"_acf_changed":false,"site-sidebar-layout":"no-sidebar","site-content-layout":"page-builder","ast-site-content-layout":"full-width-container","site-content-style":"default","site-sidebar-style":"default","ast-global-header-display":"","ast-banner-title-visibility":"","ast-main-header-display":"","ast-hfb-above-header-display":"","ast-hfb-below-header-display":"","ast-hfb-mobile-header-display":"","site-post-title":"disabled","ast-breadcrumbs-content":"","ast-featured-img":"disabled","footer-sml-layout":"","ast-disable-related-posts":"","theme-transparent-header-meta":"","adv-header-id-meta":"","stick-header-meta":"","header-above-stick-meta":"","header-main-stick-meta":"","header-below-stick-meta":"","astra-migrate-meta-layouts":"default","ast-page-background-enabled":"default","ast-page-background-meta":{"desktop":{"background-color":"","background-image":"","background-repeat":"repeat","background-position":"center center","background-size":"auto","background-attachment":"scroll","background-type":"","background-media":"","overlay-type":"","overlay-color":"","overlay-opacity":"","overlay-gradient":""},"tablet":{"background-color":"","background-image":"","background-repeat":"repeat","background-position":"center center","background-size":"auto","background-attachment":"scroll","background-type":"","background-media":"","overlay-type":"","overlay-color":"","overlay-opacity":"","overlay-gradient":""},"mobile":{"background-color":"","background-image":"","background-repeat":"repeat","background-position":"center center","background-size":"auto","background-attachment":"scroll","background-type":"","background-media":"","overlay-type":"","overlay-color":"","overlay-opacity":"","overlay-gradient":""}},"ast-content-background-meta":{"desktop":{"background-color":"var(--ast-global-color-5)","background-image":"","background-repeat":"repeat","background-position":"center center","background-size":"auto","background-attachment":"scroll","background-type":"","background-media":"","overlay-type":"","overlay-color":"","overlay-opacity":"","overlay-gradient":""},"tablet":{"background-color":"var(--ast-global-color-5)","background-image":"","background-repeat":"repeat","background-position":"center center","background-size":"auto","background-attachment":"scroll","background-type":"","background-media":"","overlay-type":"","overlay-color":"","overlay-opacity":"","overlay-gradient":""},"mobile":{"background-color":"var(--ast-global-color-5)","background-image":"","background-repeat":"repeat","background-position":"center center","background-size":"auto","background-attachment":"scroll","background-type":"","background-media":"","overlay-type":"","overlay-color":"","overlay-opacity":"","overlay-gradient":""}},"footnotes":""},"class_list":["post-3601","page","type-page","status-publish","hentry"],"acf":[],"_links":{"self":[{"href":"https:\/\/kastenkidz.com\/lv\/wp-json\/wp\/v2\/pages\/3601","targetHints":{"allow":["GET"]}}],"collection":[{"href":"https:\/\/kastenkidz.com\/lv\/wp-json\/wp\/v2\/pages"}],"about":[{"href":"https:\/\/kastenkidz.com\/lv\/wp-json\/wp\/v2\/types\/page"}],"author":[{"embeddable":true,"href":"https:\/\/kastenkidz.com\/lv\/wp-json\/wp\/v2\/users\/1"}],"replies":[{"embeddable":true,"href":"https:\/\/kastenkidz.com\/lv\/wp-json\/wp\/v2\/comments?post=3601"}],"version-history":[{"count":2,"href":"https:\/\/kastenkidz.com\/lv\/wp-json\/wp\/v2\/pages\/3601\/revisions"}],"predecessor-version":[{"id":3933,"href":"https:\/\/kastenkidz.com\/lv\/wp-json\/wp\/v2\/pages\/3601\/revisions\/3933"}],"wp:attachment":[{"href":"https:\/\/kastenkidz.com\/lv\/wp-json\/wp\/v2\/media?parent=3601"}],"curies":[{"name":"wp","href":"https:\/\/api.w.org\/{rel}","templated":true}]}}