{"id":3599,"date":"2025-02-20T19:27:42","date_gmt":"2025-02-20T19:27:42","guid":{"rendered":"https:\/\/kastenkidz.com\/pirksanas-noteikumi-un-nosacijumi\/"},"modified":"2025-03-12T19:49:02","modified_gmt":"2025-03-12T19:49:02","slug":"pirksanas-noteikumi","status":"publish","type":"page","link":"https:\/\/kastenkidz.com\/lv\/pirksanas-noteikumi\/","title":{"rendered":"Pirk\u0161anas noteikumi"},"content":{"rendered":"\t\t<div data-elementor-type=\"wp-page\" data-elementor-id=\"3599\" class=\"elementor elementor-3599 elementor-3570\" data-elementor-post-type=\"page\">\n\t\t\t\t<div class=\"elementor-element elementor-element-5d5400c e-flex e-con-boxed e-con e-parent\" data-id=\"5d5400c\" data-element_type=\"container\" data-e-type=\"container\">\n\t\t\t\t\t<div class=\"e-con-inner\">\n\t\t\t\t<div class=\"elementor-element elementor-element-57fcf4a elementor-widget elementor-widget-text-editor\" data-id=\"57fcf4a\" data-element_type=\"widget\" data-e-type=\"widget\" data-widget_type=\"text-editor.default\">\n\t\t\t\t<div class=\"elementor-widget-container\">\n\t\t\t\t\t\t\t\t\t<h3>Pirk\u0161anas noteikumi un nosac\u012bjumi<\/h3>\n<p><strong>1. Visp\u0101r\u012bgi noteikumi<\/strong><br \/>1.1. \u0160ie Pre\u010du pirk\u0161anas un p\u0101rdo\u0161anas noteikumi un nosac\u012bjumi (turpm\u0101k tekst\u0101 &#8211; &#8220;Noteikumi&#8221;), Pirc\u0113jam tos akcept\u0113jot (p\u0113c iepaz\u012b\u0161an\u0101s ar Noteikumiem un izv\u0113les r\u016bti\u0146as atz\u012bm\u0113\u0161anas pie pazi\u0146ojuma &#8220;Esmu iepazinies un piekr\u012btu t\u012bmek\u013ca vietnes noteikumiem un nosac\u012bjumiem&#8221;), ir pus\u0113m juridiski saisto\u0161s dokuments, kas nosaka Pirc\u0113ja un P\u0101rdev\u0113ja ties\u012bbas un pien\u0101kumus, pre\u010du ieg\u0101des un maks\u0101jumu veik\u0161anas nosac\u012bjumus, pre\u010du pieg\u0101des un atgrie\u0161anas k\u0101rt\u012bbu, pu\u0161u atbild\u012bbu un citus noteikumus, kas saist\u012bti ar pre\u010du pirk\u0161anu un p\u0101rdo\u0161anu interneta veikal\u0101 www.kastenkidz.com.<br \/>1.2. P\u0101rdev\u0113js patur ties\u012bbas jebkur\u0101 laik\u0101 main\u012bt, groz\u012bt vai papildin\u0101t Noteikumus saska\u0146\u0101 ar ties\u012bbu aktu pras\u012bb\u0101m. <\/p>\n<p><strong>2. Personas datu aizsardz\u012bba<\/strong><br \/>2.1. Pas\u016btot preces, Pirc\u0113jam ir j\u0101nor\u0101da nepiecie\u0161amie personas dati P\u0101rdev\u0113ja nor\u0101d\u012btajos laukos: v\u0101rds, uzv\u0101rds, e-pasta adrese un valsts.<br \/>2.2. Piekr\u012btot \u0161iem Noteikumiem, Pirc\u0113js piekr\u012bt, ka 2.1. punkt\u0101 nor\u0101d\u012btie personas dati var tikt apstr\u0101d\u0101ti pre\u010du un pakalpojumu p\u0101rdo\u0161anas nol\u016bkos interneta veikal\u0101 www.kastenkidz.com, P\u0101rdev\u0113ja biznesa anal\u012bzes nol\u016bkos un tie\u0161\u0101 m\u0101rketinga nol\u016bkos. Pirc\u0113js ar\u012b piekr\u012bt, ka vi\u0146a personas dati &#8211; v\u0101rds, uzv\u0101rds, e-pasta adrese un valsts &#8211; var tikt izpausti P\u0101rdev\u0113ja partneriem (datu apstr\u0101d\u0101t\u0101jiem), kas nodro\u0161ina pre\u010du pieg\u0101di vai sniedz citus pakalpojumus, kas nepiecie\u0161ami pas\u016bt\u012bjumu pien\u0101c\u012bgai izpildei.<br \/>2.3. Piekr\u012btot personas datu apstr\u0101dei pre\u010du un pakalpojumu p\u0101rdo\u0161anas nol\u016bk\u0101 P\u0101rdev\u0113ja interneta veikal\u0101, Pirc\u0113js piekr\u012bt ar\u012b sa\u0146emt pas\u016bt\u012bjuma izpildei nepiecie\u0161amos informat\u012bvos zi\u0146ojumus, izmantojot nor\u0101d\u012bto e-pasta adresi.<br \/>2.4. Ja Pirc\u0113js nepiekr\u012bt \u0161aj\u0101 Noteikumu sada\u013c\u0101 nor\u0101d\u012btajiem noteikumiem par personas datu aizsardz\u012bbu, vi\u0146\u0161 zaud\u0113 ties\u012bbas izmantot interneta veikala www.kastenkidz.com sniegtos pakalpojumus.      <\/p>\n<p><strong>3. Pirc\u0113ja ties\u012bbas un pien\u0101kumi<\/strong><br \/>3.1. Pirc\u0113jam ir ties\u012bbas ieg\u0101d\u0101ties preces interneta veikal\u0101 www.kastenkidz.com saska\u0146\u0101 ar \u0161iem Noteikumiem un cit\u0101m P\u0101rdev\u0113ja interneta veikala inform\u0101cijas sada\u013c\u0101m.<br \/>3.2. Pirc\u0113jam ir ties\u012bbas ieg\u0101d\u0101ties preces.<br \/>3.3. Pirc\u0113jam ir pien\u0101kums veikt priek\u0161apmaksu par preci.<br \/>3.4. Ja main\u0101s Pirc\u0113ja re\u0123istr\u0101cijas dati, vi\u0146am par to nekav\u0113joties j\u0101inform\u0113 P\u0101rdev\u0113js.    <\/p>\n<p><strong>4. P\u0101rdev\u0113ja ties\u012bbas un pien\u0101kumi<\/strong><br \/>4.1. P\u0101rdev\u0113js ap\u0146emas nodro\u0161in\u0101t Pirc\u0113jam iesp\u0113ju izmantot interneta veikala www.kastenkidz.com pakalpojumus saska\u0146\u0101 ar \u0161ajos Noteikumos un interneta veikal\u0101 izkl\u0101st\u012btajiem nosac\u012bjumiem.<br \/>4.2. Ja Pirc\u0113js m\u0113\u0123ina kait\u0113t interneta veikala stabilit\u0101tei un dro\u0161\u012bbai vai nepilda savas saist\u012bbas, P\u0101rdev\u0113js ir ties\u012bgs nekav\u0113joties un bez iepriek\u0161\u0113ja br\u012bdin\u0101juma ierobe\u017eot vai aptur\u0113t Pirc\u0113ja piek\u013cuvi interneta veikalam vai iz\u0146\u0113muma gad\u012bjumos anul\u0113t t\u0101 re\u0123istr\u0101ciju.<br \/>4.3. Svar\u012bgos apst\u0101k\u013cos P\u0101rdev\u0113js var uz laiku vai past\u0101v\u012bgi p\u0101rtraukt interneta veikala darb\u012bbu, iepriek\u0161 par to nebr\u012bdinot Pirc\u0113ju.<br \/>4.4. P\u0101rdev\u0113jam ir ties\u012bbas atcelt Pirc\u0113ja pas\u016bt\u012bjumu bez iepriek\u0161\u0113ja br\u012bdin\u0101juma, ja Pirc\u0113js nesamaks\u0101 par preci 3 (tr\u012bs) darba dienu laik\u0101, izv\u0113loties k\u0101du no 5.2.1. &#8211; 5.2.4. punktos nor\u0101d\u012btajiem apmaksas veidiem.<br \/>4.5. P\u0101rdev\u0113js ap\u0146emas iev\u0113rot Pirc\u0113ja ties\u012bbas uz priv\u0101tumu attiec\u012bb\u0101 uz vi\u0146a personas datiem un apstr\u0101d\u0101t Pirc\u0113ja personas datus tikai saska\u0146\u0101 ar Noteikumu 2. punktu un Lietuvas Republikas ties\u012bbu aktiem.     <\/p>\n<p><strong>5. Cenas, maks\u0101\u0161anas noteikumi un nosac\u012bjumi<\/strong><br \/>5.1. Pre\u010du cenas interneta veikal\u0101 ir nor\u0101d\u012btas eiro.<br \/>5.2. Pirc\u0113js par prec\u0113m var nor\u0113\u0137in\u0101ties, izmantojot vienu no \u0161\u0101diem veidiem:<br \/>5.2.1. Izmantojot Paysera sist\u0113mu, ieskaitot elektronisko banku (Swedbank AB, SEB AB, Citadele AB, Luminor AB).<br \/>5.2.2. P\u0101rskaitot maks\u0101jumu uz nor\u0101d\u012bto kontu. Maks\u0101juma m\u0113r\u0137\u012b ierakstiet &#8220;Izgl\u012bt\u012bbas uzdevumiem&#8221;. Par veikto maks\u0101jumu un ieg\u0101d\u0101taj\u0101m prec\u0113m inform\u0113jiet m\u016bs pa e-pastu info@kastenkidz.com.<br \/>5.2.3. Ar kred\u012btkarti.<br \/>5.2.4. Izmantojot PayPal.        <\/p>\n<p><strong>6. Pre\u010du pieg\u0101de<\/strong><br \/>6.1. Kastenkidz.com p\u0101rdod tikai digit\u0101los produktus &#8211; PDF failus. P\u0113c apmaksas da\u017eu min\u016b\u0161u laik\u0101 sa\u0146emsiet e-pastu ar sait\u0113m uz pas\u016bt\u012btaj\u0101m prec\u0113m un pievienotu r\u0113\u0137inu. Jums ir j\u0101noklik\u0161\u0137ina uz sait\u0113m un j\u0101lejupiel\u0101d\u0113 PDF faili. Zem\u0101k ir pievienots ilustr\u0113ts piem\u0113rs. Ja e-pasta v\u0113stuli nesa\u0146\u0113m\u0101t, vispirms p\u0101rbaudiet, vai nos\u016bt\u012btie faili nav non\u0101ku\u0161i j\u016bsu SPAM vai rekl\u0101mas e-pastu map\u0113. Tom\u0113r past\u0101v \u013coti liela varb\u016bt\u012bba, ka esat ievad\u012bjis nepareizu e-pasta adresi. Rakstiet uz info@kastenkidz.com, un m\u0113s ap\u0146emsimies atbild\u0113t divu (2) darba dienu laik\u0101.       <\/p>\n<p><strong>7. Pre\u010du atgrie\u0161ana un apmai\u0146a<\/strong><br \/>7.1. Saska\u0146\u0101 ar ES Pat\u0113r\u0113t\u0101ju ties\u012bbu direkt\u012bvu (2011\/83\/ES) digit\u0101l\u0101s preces nav atgrie\u017eamas. Pirc\u0113js zaud\u0113 atteikuma ties\u012bbas (atgrie\u0161anas ties\u012bbas), tikl\u012bdz s\u0101kas lejupiel\u0101de.  <\/p>\n<p><strong>8. Atbild\u012bba<\/strong><br \/>8.1. Pirc\u0113js ir piln\u012bb\u0101 atbild\u012bgs par sniegto personas datu pareiz\u012bbu. Ja Pirc\u0113js sniedz neprec\u012bzus personas datus, P\u0101rdev\u0113js nav atbild\u012bgs par jebk\u0101d\u0101m no t\u0101 izrieto\u0161\u0101m sek\u0101m un ir ties\u012bgs piepras\u012bt tie\u0161o zaud\u0113jumu atl\u012bdz\u012bbu.<br \/>8.2. Pirc\u0113js ir atbild\u012bgs par darb\u012bb\u0101m, kas veiktas, izmantojot \u0161o interneta veikalu.<br \/>8.3. Re\u0123istr\u0113ts Pirc\u0113js ir atbild\u012bgs par savu pieteik\u0161an\u0101s datu nodo\u0161anu tre\u0161aj\u0101m person\u0101m. Ja tre\u0161\u0101 persona piek\u013c\u016bst interneta veikalam, izmantojot Pirc\u0113ja pieteik\u0161an\u0101s datus, P\u0101rdev\u0113js uzskata \u0161o personu par Pirc\u0113ju.<br \/>8.4.      P\u0101rdev\u0113js nav atbild\u012bgs par jebk\u0101diem zaud\u0113jumiem, kas radu\u0161ies t\u0101d\u0113\u013c, ka Pirc\u0113js nav iev\u0113rojis P\u0101rdev\u0113ja ieteikumus un pien\u0101kumus, pat ja Pirc\u0113jam bija iesp\u0113ja iepaz\u012bties ar \u0161iem Noteikumiem.<br \/>8.5. Ja P\u0101rdev\u0113ja tie\u0161saistes veikal\u0101 ir saites uz citu uz\u0146\u0113mumu, iest\u0101\u017eu, organiz\u0101ciju vai priv\u0101tpersonu vietn\u0113m, P\u0101rdev\u0113js nav atbild\u012bgs par \u0161aj\u0101s vietn\u0113s sniegto inform\u0101ciju vai veiktaj\u0101m darb\u012bb\u0101m. P\u0101rdev\u0113js neuzrauga, nekontrol\u0113 un nep\u0101rst\u0101v \u0161os uz\u0146\u0113mumus vai personas.<br \/>8.6. P\u0101rdev\u0113js nav atbild\u012bgs par Pirc\u0113ja un P\u0101rdev\u0113ja partneru, kuru pakalpojumus Pirc\u0113js pas\u016bta, saist\u012bbu pien\u0101c\u012bgu izpildi.<br \/>8.7. Ja rodas zaud\u0113jumi, atbild\u012bg\u0101 puse atl\u012bdzina otrai pusei tie\u0161os zaud\u0113jumus.<br \/>8.8. Visus \u0161aj\u0101 veikal\u0101 p\u0101rdotos produktus aizsarg\u0101 ES autorties\u012bbu likumi. To kop\u0113\u0161ana, izplat\u012b\u0161ana vai izmanto\u0161ana bez autora at\u013caujas ir aizliegta. Pirc\u0113js ieg\u016bst ties\u012bbas izmantot produktu tikai personisk\u0101m vajadz\u012bb\u0101m.<\/p>\n<p><strong>9. Inform\u0101cijas apmai\u0146a<\/strong><br \/>9.1. P\u0101rdev\u0113js nos\u016bta visus pazi\u0146ojumus Pirc\u0113jam, izmantojot 2.1. punkt\u0101 nor\u0101d\u012bto e-pasta adresi<br \/>9.2. Visus pazi\u0146ojumus un piepras\u012bjumus Pirc\u0113js nos\u016bta P\u0101rdev\u0113jam pa e-pastu info@kastenkidz.com.<\/p>\n\t\t\t\t\t\t\t\t<\/div>\n\t\t\t\t<\/div>\n\t\t\t\t\t<\/div>\n\t\t\t\t<\/div>\n\t\t\t\t<\/div>\n\t\t","protected":false},"excerpt":{"rendered":"<p>Pirk\u0161anas noteikumi un nosac\u012bjumi 1. Visp\u0101r\u012bgi noteikumi1.1. \u0160ie Pre\u010du pirk\u0161anas un p\u0101rdo\u0161anas noteikumi un nosac\u012bjumi (turpm\u0101k tekst\u0101 &#8211; &#8220;Noteikumi&#8221;), Pirc\u0113jam tos akcept\u0113jot (p\u0113c iepaz\u012b\u0161an\u0101s ar Noteikumiem un izv\u0113les r\u016bti\u0146as atz\u012bm\u0113\u0161anas pie pazi\u0146ojuma &#8220;Esmu iepazinies un piekr\u012btu t\u012bmek\u013ca vietnes noteikumiem un nosac\u012bjumiem&#8221;), ir pus\u0113m juridiski saisto\u0161s dokuments, kas nosaka Pirc\u0113ja un P\u0101rdev\u0113ja ties\u012bbas un pien\u0101kumus, pre\u010du [&hellip;]<\/p>\n","protected":false},"author":1,"featured_media":0,"parent":0,"menu_order":0,"comment_status":"closed","ping_status":"closed","template":"","meta":{"_acf_changed":false,"site-sidebar-layout":"no-sidebar","site-content-layout":"page-builder","ast-site-content-layout":"full-width-container","site-content-style":"default","site-sidebar-style":"default","ast-global-header-display":"","ast-banner-title-visibility":"","ast-main-header-display":"","ast-hfb-above-header-display":"","ast-hfb-below-header-display":"","ast-hfb-mobile-header-display":"","site-post-title":"disabled","ast-breadcrumbs-content":"","ast-featured-img":"disabled","footer-sml-layout":"","ast-disable-related-posts":"","theme-transparent-header-meta":"","adv-header-id-meta":"","stick-header-meta":"","header-above-stick-meta":"","header-main-stick-meta":"","header-below-stick-meta":"","astra-migrate-meta-layouts":"default","ast-page-background-enabled":"default","ast-page-background-meta":{"desktop":{"background-color":"","background-image":"","background-repeat":"repeat","background-position":"center center","background-size":"auto","background-attachment":"scroll","background-type":"","background-media":"","overlay-type":"","overlay-color":"","overlay-opacity":"","overlay-gradient":""},"tablet":{"background-color":"","background-image":"","background-repeat":"repeat","background-position":"center center","background-size":"auto","background-attachment":"scroll","background-type":"","background-media":"","overlay-type":"","overlay-color":"","overlay-opacity":"","overlay-gradient":""},"mobile":{"background-color":"","background-image":"","background-repeat":"repeat","background-position":"center center","background-size":"auto","background-attachment":"scroll","background-type":"","background-media":"","overlay-type":"","overlay-color":"","overlay-opacity":"","overlay-gradient":""}},"ast-content-background-meta":{"desktop":{"background-color":"var(--ast-global-color-5)","background-image":"","background-repeat":"repeat","background-position":"center center","background-size":"auto","background-attachment":"scroll","background-type":"","background-media":"","overlay-type":"","overlay-color":"","overlay-opacity":"","overlay-gradient":""},"tablet":{"background-color":"var(--ast-global-color-5)","background-image":"","background-repeat":"repeat","background-position":"center center","background-size":"auto","background-attachment":"scroll","background-type":"","background-media":"","overlay-type":"","overlay-color":"","overlay-opacity":"","overlay-gradient":""},"mobile":{"background-color":"var(--ast-global-color-5)","background-image":"","background-repeat":"repeat","background-position":"center center","background-size":"auto","background-attachment":"scroll","background-type":"","background-media":"","overlay-type":"","overlay-color":"","overlay-opacity":"","overlay-gradient":""}},"footnotes":""},"class_list":["post-3599","page","type-page","status-publish","hentry"],"acf":[],"_links":{"self":[{"href":"https:\/\/kastenkidz.com\/lv\/wp-json\/wp\/v2\/pages\/3599","targetHints":{"allow":["GET"]}}],"collection":[{"href":"https:\/\/kastenkidz.com\/lv\/wp-json\/wp\/v2\/pages"}],"about":[{"href":"https:\/\/kastenkidz.com\/lv\/wp-json\/wp\/v2\/types\/page"}],"author":[{"embeddable":true,"href":"https:\/\/kastenkidz.com\/lv\/wp-json\/wp\/v2\/users\/1"}],"replies":[{"embeddable":true,"href":"https:\/\/kastenkidz.com\/lv\/wp-json\/wp\/v2\/comments?post=3599"}],"version-history":[{"count":2,"href":"https:\/\/kastenkidz.com\/lv\/wp-json\/wp\/v2\/pages\/3599\/revisions"}],"predecessor-version":[{"id":3935,"href":"https:\/\/kastenkidz.com\/lv\/wp-json\/wp\/v2\/pages\/3599\/revisions\/3935"}],"wp:attachment":[{"href":"https:\/\/kastenkidz.com\/lv\/wp-json\/wp\/v2\/media?parent=3599"}],"curies":[{"name":"wp","href":"https:\/\/api.w.org\/{rel}","templated":true}]}}