{"id":2958,"date":"2024-12-12T22:40:49","date_gmt":"2024-12-12T22:40:49","guid":{"rendered":"https:\/\/kastenkidz.com\/par-mums\/"},"modified":"2025-10-20T18:25:22","modified_gmt":"2025-10-20T18:25:22","slug":"par-mums","status":"publish","type":"page","link":"https:\/\/kastenkidz.com\/lv\/par-mums\/","title":{"rendered":"Par mums"},"content":{"rendered":"\t\t<div data-elementor-type=\"wp-page\" data-elementor-id=\"2958\" class=\"elementor elementor-2958 elementor-406\" data-elementor-post-type=\"page\">\n\t\t\t\t<div class=\"elementor-element elementor-element-05f8521 e-flex e-con-boxed e-con e-parent\" data-id=\"05f8521\" data-element_type=\"container\" data-e-type=\"container\" data-settings=\"{&quot;background_background&quot;:&quot;classic&quot;}\">\n\t\t\t\t\t<div class=\"e-con-inner\">\n\t\t<div class=\"elementor-element elementor-element-a5fa6c4 e-con-full e-flex e-con e-child\" data-id=\"a5fa6c4\" data-element_type=\"container\" data-e-type=\"container\">\n\t\t\t\t<div class=\"elementor-element elementor-element-65c2218 elementor-widget elementor-widget-heading\" data-id=\"65c2218\" data-element_type=\"widget\" data-e-type=\"widget\" data-widget_type=\"heading.default\">\n\t\t\t\t<div class=\"elementor-widget-container\">\n\t\t\t\t\t<h6 class=\"elementor-heading-title elementor-size-default\">Par mums<\/h6>\t\t\t\t<\/div>\n\t\t\t\t<\/div>\n\t\t\t\t<div class=\"elementor-element elementor-element-5fde413 elementor-widget elementor-widget-heading\" data-id=\"5fde413\" data-element_type=\"widget\" data-e-type=\"widget\" data-widget_type=\"heading.default\">\n\t\t\t\t<div class=\"elementor-widget-container\">\n\t\t\t\t\t<h1 class=\"elementor-heading-title elementor-size-default\">KasTenKidz<\/h1>\t\t\t\t<\/div>\n\t\t\t\t<\/div>\n\t\t\t\t<div class=\"elementor-element elementor-element-cfb83de elementor-widget-divider--view-line elementor-widget elementor-widget-divider\" data-id=\"cfb83de\" data-element_type=\"widget\" data-e-type=\"widget\" data-widget_type=\"divider.default\">\n\t\t\t\t<div class=\"elementor-widget-container\">\n\t\t\t\t\t\t\t<div class=\"elementor-divider\">\n\t\t\t<span class=\"elementor-divider-separator\">\n\t\t\t\t\t\t<\/span>\n\t\t<\/div>\n\t\t\t\t\t\t<\/div>\n\t\t\t\t<\/div>\n\t\t\t\t<div class=\"elementor-element elementor-element-08b9e4b elementor-widget elementor-widget-text-editor\" data-id=\"08b9e4b\" data-element_type=\"widget\" data-e-type=\"widget\" data-widget_type=\"text-editor.default\">\n\t\t\t\t<div class=\"elementor-widget-container\">\n\t\t\t\t\t\t\t\t\t<p>\u201eKasTen\u201d \u2013 uzdevumi un sp\u0113les PDF form\u0101t\u0101 3\u20138 gadus veciem b\u0113rniem vispus\u012bgai izgl\u012bto\u0161anai gan m\u0101j\u0101s, gan izgl\u012bt\u012bbas iest\u0101d\u0113s. E-veikal\u0101 atrad\u012bsiet druk\u0101\u0161anai gatavas uzdevumu gr\u0101mati\u0146as, kart\u012btes, plak\u0101tus un sp\u0113les. T\u0101 k\u0101 tie ir digit\u0101li produkti (PDF form\u0101t\u0101), j\u016bs tos sa\u0146emsiet uzreiz p\u0113c maks\u0101juma veik\u0161anas. \u0112rti ir ar\u012b tas, ka varat izmantot tik rei\u017eu, cik v\u0113laties, vai izdruk\u0101t attiec\u012bgai b\u0113rnu grupai.<\/p>\t\t\t\t\t\t\t\t<\/div>\n\t\t\t\t<\/div>\n\t\t<div class=\"elementor-element elementor-element-6c1ab90 e-con-full e-flex e-con e-child\" data-id=\"6c1ab90\" data-element_type=\"container\" data-e-type=\"container\" data-settings=\"{&quot;background_background&quot;:&quot;classic&quot;}\">\n\t\t\t\t<\/div>\n\t\t\t\t<\/div>\n\t\t\t\t\t<\/div>\n\t\t\t\t<\/div>\n\t\t\t\t<\/div>\n\t\t","protected":false},"excerpt":{"rendered":"<p>Par mums KasTenKidz \u201eKasTen\u201d \u2013 uzdevumi un sp\u0113les PDF form\u0101t\u0101 3\u20138 gadus veciem b\u0113rniem vispus\u012bgai izgl\u012bto\u0161anai gan m\u0101j\u0101s, gan izgl\u012bt\u012bbas iest\u0101d\u0113s. E-veikal\u0101 atrad\u012bsiet druk\u0101\u0161anai gatavas uzdevumu gr\u0101mati\u0146as, kart\u012btes, plak\u0101tus un sp\u0113les. T\u0101 k\u0101 tie ir digit\u0101li produkti (PDF form\u0101t\u0101), j\u016bs tos sa\u0146emsiet uzreiz p\u0113c maks\u0101juma veik\u0161anas. \u0112rti ir ar\u012b tas, ka varat izmantot tik rei\u017eu, [&hellip;]<\/p>\n","protected":false},"author":1,"featured_media":0,"parent":0,"menu_order":0,"comment_status":"closed","ping_status":"closed","template":"","meta":{"_acf_changed":false,"site-sidebar-layout":"no-sidebar","site-content-layout":"page-builder","ast-site-content-layout":"default","site-content-style":"default","site-sidebar-style":"default","ast-global-header-display":"","ast-banner-title-visibility":"","ast-main-header-display":"","ast-hfb-above-header-display":"","ast-hfb-below-header-display":"","ast-hfb-mobile-header-display":"","site-post-title":"disabled","ast-breadcrumbs-content":"","ast-featured-img":"disabled","footer-sml-layout":"","ast-disable-related-posts":"","theme-transparent-header-meta":"enabled","adv-header-id-meta":"","stick-header-meta":"","header-above-stick-meta":"","header-main-stick-meta":"","header-below-stick-meta":"","astra-migrate-meta-layouts":"default","ast-page-background-enabled":"default","ast-page-background-meta":{"desktop":{"background-color":"","background-image":"","background-repeat":"repeat","background-position":"center center","background-size":"auto","background-attachment":"scroll","background-type":"","background-media":"","overlay-type":"","overlay-color":"","overlay-opacity":"","overlay-gradient":""},"tablet":{"background-color":"","background-image":"","background-repeat":"repeat","background-position":"center center","background-size":"auto","background-attachment":"scroll","background-type":"","background-media":"","overlay-type":"","overlay-color":"","overlay-opacity":"","overlay-gradient":""},"mobile":{"background-color":"","background-image":"","background-repeat":"repeat","background-position":"center center","background-size":"auto","background-attachment":"scroll","background-type":"","background-media":"","overlay-type":"","overlay-color":"","overlay-opacity":"","overlay-gradient":""}},"ast-content-background-meta":{"desktop":{"background-color":"var(--ast-global-color-5)","background-image":"","background-repeat":"repeat","background-position":"center center","background-size":"auto","background-attachment":"scroll","background-type":"","background-media":"","overlay-type":"","overlay-color":"","overlay-opacity":"","overlay-gradient":""},"tablet":{"background-color":"var(--ast-global-color-5)","background-image":"","background-repeat":"repeat","background-position":"center center","background-size":"auto","background-attachment":"scroll","background-type":"","background-media":"","overlay-type":"","overlay-color":"","overlay-opacity":"","overlay-gradient":""},"mobile":{"background-color":"var(--ast-global-color-5)","background-image":"","background-repeat":"repeat","background-position":"center center","background-size":"auto","background-attachment":"scroll","background-type":"","background-media":"","overlay-type":"","overlay-color":"","overlay-opacity":"","overlay-gradient":""}},"footnotes":""},"class_list":["post-2958","page","type-page","status-publish","hentry"],"acf":[],"_links":{"self":[{"href":"https:\/\/kastenkidz.com\/lv\/wp-json\/wp\/v2\/pages\/2958","targetHints":{"allow":["GET"]}}],"collection":[{"href":"https:\/\/kastenkidz.com\/lv\/wp-json\/wp\/v2\/pages"}],"about":[{"href":"https:\/\/kastenkidz.com\/lv\/wp-json\/wp\/v2\/types\/page"}],"author":[{"embeddable":true,"href":"https:\/\/kastenkidz.com\/lv\/wp-json\/wp\/v2\/users\/1"}],"replies":[{"embeddable":true,"href":"https:\/\/kastenkidz.com\/lv\/wp-json\/wp\/v2\/comments?post=2958"}],"version-history":[{"count":10,"href":"https:\/\/kastenkidz.com\/lv\/wp-json\/wp\/v2\/pages\/2958\/revisions"}],"predecessor-version":[{"id":11579,"href":"https:\/\/kastenkidz.com\/lv\/wp-json\/wp\/v2\/pages\/2958\/revisions\/11579"}],"wp:attachment":[{"href":"https:\/\/kastenkidz.com\/lv\/wp-json\/wp\/v2\/media?parent=2958"}],"curies":[{"name":"wp","href":"https:\/\/api.w.org\/{rel}","templated":true}]}}