{"id":8985,"date":"2025-02-06T16:45:43","date_gmt":"2025-02-06T16:45:43","guid":{"rendered":"https:\/\/kastenkidz.com\/product\/irj-muveletet-es-szamolj-huszig\/"},"modified":"2025-07-20T19:13:09","modified_gmt":"2025-07-20T19:13:09","slug":"irj-muveletet-es-szamolj-huszig","status":"publish","type":"product","link":"https:\/\/kastenkidz.com\/hu\/term\u00e9k\/irj-muveletet-es-szamolj-huszig\/","title":{"rendered":"\u00cdrj m\u0171veletet \u00e9s sz\u00e1molj 20-ig"},"content":{"rendered":"<p>\u2795\u2796 Tedd \u00e9lvezetess\u00e9 a matematik\u00e1t ezzel az interakt\u00edv feladattal! \u2601\ufe0f<br \/>\nEz a j\u00e1t\u00e9kos k\u00e9szlet seg\u00edt a gyerekeknek a 20-ig terjed\u0151 \u00f6sszead\u00e1s \u00e9s kivon\u00e1s gyakorl\u00e1s\u00e1ban. A feladat: a felh\u0151kb\u0151l sz\u00e1rmaz\u00f3 sz\u00e1mokat kell be\u00edrni a sz\u00ednes k\u00f6r\u00f6kbe \u00fagy, hogy a sz\u00ednek egyezzenek az eredm\u00e9nnyel.  <\/p>\n<p>Tartalom: 30 k\u00e1rtya \u00f6sszead\u00e1si \u00e9s kivon\u00e1si m\u0171veletekkel, 8 db A4-es lapon <\/p>\n","protected":false},"excerpt":{"rendered":"<p>\u2795\u2796 Tedd \u00e9lvezetess\u00e9 a matematik\u00e1t ezzel az interakt\u00edv feladattal! \u2601\ufe0f Ez a j\u00e1t\u00e9kos k\u00e9szlet seg\u00edt a gyerekeknek a 20-ig terjed\u0151 \u00f6sszead\u00e1s \u00e9s kivon\u00e1s gyakorl\u00e1s\u00e1ban. A feladat: a felh\u0151kb\u0151l sz\u00e1rmaz\u00f3 sz\u00e1mokat kell be\u00edrni a sz\u00ednes k\u00f6r\u00f6kbe \u00fagy, hogy a sz\u00ednek egyezzenek az eredm\u00e9nnyel. Tartalom: 30 k\u00e1rtya \u00f6sszead\u00e1si \u00e9s kivon\u00e1si m\u0171veletekkel, 8 db A4-es lapon<\/p>\n","protected":false},"featured_media":8987,"comment_status":"closed","ping_status":"closed","template":"","meta":{"_acf_changed":false,"site-sidebar-layout":"default","site-content-layout":"","ast-site-content-layout":"default","site-content-style":"default","site-sidebar-style":"default","ast-global-header-display":"","ast-banner-title-visibility":"","ast-main-header-display":"","ast-hfb-above-header-display":"","ast-hfb-below-header-display":"","ast-hfb-mobile-header-display":"","site-post-title":"","ast-breadcrumbs-content":"","ast-featured-img":"","footer-sml-layout":"","ast-disable-related-posts":"","theme-transparent-header-meta":"default","adv-header-id-meta":"","stick-header-meta":"default","header-above-stick-meta":"","header-main-stick-meta":"","header-below-stick-meta":"","astra-migrate-meta-layouts":"default","ast-page-background-enabled":"default","ast-page-background-meta":{"desktop":{"background-color":"","background-image":"","background-repeat":"repeat","background-position":"center center","background-size":"auto","background-attachment":"scroll","background-type":"","background-media":"","overlay-type":"","overlay-color":"","overlay-opacity":"","overlay-gradient":""},"tablet":{"background-color":"","background-image":"","background-repeat":"repeat","background-position":"center center","background-size":"auto","background-attachment":"scroll","background-type":"","background-media":"","overlay-type":"","overlay-color":"","overlay-opacity":"","overlay-gradient":""},"mobile":{"background-color":"","background-image":"","background-repeat":"repeat","background-position":"center center","background-size":"auto","background-attachment":"scroll","background-type":"","background-media":"","overlay-type":"","overlay-color":"","overlay-opacity":"","overlay-gradient":""}},"ast-content-background-meta":{"desktop":{"background-color":"var(--ast-global-color-5)","background-image":"","background-repeat":"repeat","background-position":"center center","background-size":"auto","background-attachment":"scroll","background-type":"","background-media":"","overlay-type":"","overlay-color":"","overlay-opacity":"","overlay-gradient":""},"tablet":{"background-color":"var(--ast-global-color-5)","background-image":"","background-repeat":"repeat","background-position":"center center","background-size":"auto","background-attachment":"scroll","background-type":"","background-media":"","overlay-type":"","overlay-color":"","overlay-opacity":"","overlay-gradient":""},"mobile":{"background-color":"var(--ast-global-color-5)","background-image":"","background-repeat":"repeat","background-position":"center center","background-size":"auto","background-attachment":"scroll","background-type":"","background-media":"","overlay-type":"","overlay-color":"","overlay-opacity":"","overlay-gradient":""}}},"product_brand":[],"product_cat":[145],"product_tag":[],"class_list":{"0":"post-8985","1":"product","2":"type-product","3":"status-publish","4":"has-post-thumbnail","6":"product_cat-matematika-hu","7":"desktop-align-center","8":"tablet-align-left","9":"mobile-align-center","10":"ast-product-gallery-layout-first-image-large","11":"ast-product-tabs-layout-horizontal","13":"first","14":"instock","15":"sale","16":"downloadable","17":"virtual","18":"sold-individually","19":"purchasable","20":"product-type-simple"},"acf":[],"_links":{"self":[{"href":"https:\/\/kastenkidz.com\/hu\/wp-json\/wp\/v2\/product\/8985","targetHints":{"allow":["GET"]}}],"collection":[{"href":"https:\/\/kastenkidz.com\/hu\/wp-json\/wp\/v2\/product"}],"about":[{"href":"https:\/\/kastenkidz.com\/hu\/wp-json\/wp\/v2\/types\/product"}],"replies":[{"embeddable":true,"href":"https:\/\/kastenkidz.com\/hu\/wp-json\/wp\/v2\/comments?post=8985"}],"wp:featuredmedia":[{"embeddable":true,"href":"https:\/\/kastenkidz.com\/hu\/wp-json\/wp\/v2\/media\/8987"}],"wp:attachment":[{"href":"https:\/\/kastenkidz.com\/hu\/wp-json\/wp\/v2\/media?parent=8985"}],"wp:term":[{"taxonomy":"product_brand","embeddable":true,"href":"https:\/\/kastenkidz.com\/hu\/wp-json\/wp\/v2\/product_brand?post=8985"},{"taxonomy":"product_cat","embeddable":true,"href":"https:\/\/kastenkidz.com\/hu\/wp-json\/wp\/v2\/product_cat?post=8985"},{"taxonomy":"product_tag","embeddable":true,"href":"https:\/\/kastenkidz.com\/hu\/wp-json\/wp\/v2\/product_tag?post=8985"}],"curies":[{"name":"wp","href":"https:\/\/api.w.org\/{rel}","templated":true}]}}