{"id":8943,"date":"2025-02-06T16:45:43","date_gmt":"2025-02-06T16:45:43","guid":{"rendered":"https:\/\/kastenkidz.com\/product\/honapok-plakatok\/"},"modified":"2025-07-20T19:13:05","modified_gmt":"2025-07-20T19:13:05","slug":"honapok-plakatok","status":"publish","type":"product","link":"https:\/\/kastenkidz.com\/hu\/term\u00e9k\/honapok-plakatok\/","title":{"rendered":"H\u00f3napos plak\u00e1tok"},"content":{"rendered":"<p>Tedd sz\u00f3rakoztat\u00f3v\u00e1 \u00e9s k\u00f6nny\u0171v\u00e9 az \u00e9v h\u00f3napjainak megtanul\u00e1s\u00e1t! \u26c4\ufe0f \u2614\ufe0fE feladatsor seg\u00edts\u00e9g\u00e9vel gyermeked gyorsan elsaj\u00e1t\u00edtja a h\u00f3napok neveit, sorrendj\u00fcket \u00e9s \u00e9vszakokhoz val\u00f3 kapcsol\u00f3d\u00e1sukat. Minden plak\u00e1ton szerepel a h\u00f3nap neve \u00e9s hozz\u00e1 kapcsol\u00f3d\u00f3 vid\u00e1m illusztr\u00e1ci\u00f3k. A tanul\u00e1s hat\u00e9kony \u00e9s tart\u00f3s m\u00f3dja!  \u2744\ufe0f <\/p>\n","protected":false},"excerpt":{"rendered":"<p>Tedd sz\u00f3rakoztat\u00f3v\u00e1 \u00e9s k\u00f6nny\u0171v\u00e9 az \u00e9v h\u00f3napjainak megtanul\u00e1s\u00e1t! \u26c4\ufe0f \u2614\ufe0fE feladatsor seg\u00edts\u00e9g\u00e9vel gyermeked gyorsan elsaj\u00e1t\u00edtja a h\u00f3napok neveit, sorrendj\u00fcket \u00e9s \u00e9vszakokhoz val\u00f3 kapcsol\u00f3d\u00e1sukat. Minden plak\u00e1ton szerepel a h\u00f3nap neve \u00e9s hozz\u00e1 kapcsol\u00f3d\u00f3 vid\u00e1m illusztr\u00e1ci\u00f3k. A tanul\u00e1s hat\u00e9kony \u00e9s tart\u00f3s m\u00f3dja! \u2744\ufe0f<\/p>\n","protected":false},"featured_media":8945,"comment_status":"closed","ping_status":"closed","template":"","meta":{"_acf_changed":false,"site-sidebar-layout":"default","site-content-layout":"","ast-site-content-layout":"default","site-content-style":"default","site-sidebar-style":"default","ast-global-header-display":"","ast-banner-title-visibility":"","ast-main-header-display":"","ast-hfb-above-header-display":"","ast-hfb-below-header-display":"","ast-hfb-mobile-header-display":"","site-post-title":"","ast-breadcrumbs-content":"","ast-featured-img":"","footer-sml-layout":"","ast-disable-related-posts":"","theme-transparent-header-meta":"default","adv-header-id-meta":"","stick-header-meta":"default","header-above-stick-meta":"","header-main-stick-meta":"","header-below-stick-meta":"","astra-migrate-meta-layouts":"default","ast-page-background-enabled":"default","ast-page-background-meta":{"desktop":{"background-color":"","background-image":"","background-repeat":"repeat","background-position":"center center","background-size":"auto","background-attachment":"scroll","background-type":"","background-media":"","overlay-type":"","overlay-color":"","overlay-opacity":"","overlay-gradient":""},"tablet":{"background-color":"","background-image":"","background-repeat":"repeat","background-position":"center center","background-size":"auto","background-attachment":"scroll","background-type":"","background-media":"","overlay-type":"","overlay-color":"","overlay-opacity":"","overlay-gradient":""},"mobile":{"background-color":"","background-image":"","background-repeat":"repeat","background-position":"center center","background-size":"auto","background-attachment":"scroll","background-type":"","background-media":"","overlay-type":"","overlay-color":"","overlay-opacity":"","overlay-gradient":""}},"ast-content-background-meta":{"desktop":{"background-color":"var(--ast-global-color-5)","background-image":"","background-repeat":"repeat","background-position":"center center","background-size":"auto","background-attachment":"scroll","background-type":"","background-media":"","overlay-type":"","overlay-color":"","overlay-opacity":"","overlay-gradient":""},"tablet":{"background-color":"var(--ast-global-color-5)","background-image":"","background-repeat":"repeat","background-position":"center center","background-size":"auto","background-attachment":"scroll","background-type":"","background-media":"","overlay-type":"","overlay-color":"","overlay-opacity":"","overlay-gradient":""},"mobile":{"background-color":"var(--ast-global-color-5)","background-image":"","background-repeat":"repeat","background-position":"center center","background-size":"auto","background-attachment":"scroll","background-type":"","background-media":"","overlay-type":"","overlay-color":"","overlay-opacity":"","overlay-gradient":""}}},"product_brand":[],"product_cat":[147],"product_tag":[],"class_list":{"0":"post-8943","1":"product","2":"type-product","3":"status-publish","4":"has-post-thumbnail","6":"product_cat-kirakok-es-kartyak","7":"desktop-align-center","8":"tablet-align-left","9":"mobile-align-center","10":"ast-product-gallery-layout-first-image-large","11":"ast-product-tabs-layout-horizontal","13":"first","14":"instock","15":"sale","16":"downloadable","17":"virtual","18":"sold-individually","19":"purchasable","20":"product-type-simple"},"acf":[],"_links":{"self":[{"href":"https:\/\/kastenkidz.com\/hu\/wp-json\/wp\/v2\/product\/8943","targetHints":{"allow":["GET"]}}],"collection":[{"href":"https:\/\/kastenkidz.com\/hu\/wp-json\/wp\/v2\/product"}],"about":[{"href":"https:\/\/kastenkidz.com\/hu\/wp-json\/wp\/v2\/types\/product"}],"replies":[{"embeddable":true,"href":"https:\/\/kastenkidz.com\/hu\/wp-json\/wp\/v2\/comments?post=8943"}],"wp:featuredmedia":[{"embeddable":true,"href":"https:\/\/kastenkidz.com\/hu\/wp-json\/wp\/v2\/media\/8945"}],"wp:attachment":[{"href":"https:\/\/kastenkidz.com\/hu\/wp-json\/wp\/v2\/media?parent=8943"}],"wp:term":[{"taxonomy":"product_brand","embeddable":true,"href":"https:\/\/kastenkidz.com\/hu\/wp-json\/wp\/v2\/product_brand?post=8943"},{"taxonomy":"product_cat","embeddable":true,"href":"https:\/\/kastenkidz.com\/hu\/wp-json\/wp\/v2\/product_cat?post=8943"},{"taxonomy":"product_tag","embeddable":true,"href":"https:\/\/kastenkidz.com\/hu\/wp-json\/wp\/v2\/product_tag?post=8943"}],"curies":[{"name":"wp","href":"https:\/\/api.w.org\/{rel}","templated":true}]}}