{"id":8919,"date":"2025-02-06T16:45:43","date_gmt":"2025-02-06T16:45:43","guid":{"rendered":"https:\/\/kastenkidz.com\/product\/jatek-egyedulallo\/"},"modified":"2025-07-20T19:13:02","modified_gmt":"2025-07-20T19:13:02","slug":"jatek-egyedulallo","status":"publish","type":"product","link":"https:\/\/kastenkidz.com\/hu\/term\u00e9k\/jatek-egyedulallo\/","title":{"rendered":"\u201eEgyed\u00fcl\u00e1ll\u00f3\u201d j\u00e1t\u00e9k"},"content":{"rendered":"<p>A j\u00e1t\u00e9k 2\u20135 f\u0151s csoport sz\u00e1m\u00e1ra k\u00e9sz\u00fclt. A j\u00e1t\u00e9kosok k\u00e1rty\u00e1kat kapnak. A j\u00e1t\u00e9k elej\u00e9n mindenki megn\u00e9zi a saj\u00e1t lapjait, \u00e9s ha tal\u00e1l azonos k\u00e9pp\u00e1rt, azokat leteszi az asztalra. Ezut\u00e1n a legt\u00f6bb k\u00e1rty\u00e1val rendelkez\u0151 j\u00e1t\u00e9kos kezd. Engedi, hogy a t\u0151le balra \u00fcl\u0151 j\u00e1t\u00e9kos h\u00fazzon egy lapot t\u0151le. Ha a h\u00fazott j\u00e1t\u00e9kos p\u00e1rt tud alkotni, lehelyezi azt az asztalra, majd \u0151 ad lehet\u0151s\u00e9get a k\u00f6vetkez\u0151 j\u00e1t\u00e9kosnak a h\u00faz\u00e1sra. A j\u00e1t\u00e9k addig tart, am\u00edg az egyik j\u00e1t\u00e9kosn\u00e1l m\u00e1r csak egy olyan lap marad, amelyhez nincs p\u00e1r \u2013 \u0151 lesz az \u201eegyed\u00fcl\u00e1ll\u00f3\u201d. A nyertes az, aki els\u0151k\u00e9nt megszabadul az \u00f6sszes lapj\u00e1t\u00f3l.<\/p>\n<p>Tartalom: 4 lap A4-es form\u00e1tumban. <\/p>\n","protected":false},"excerpt":{"rendered":"<p>A j\u00e1t\u00e9k 2\u20135 f\u0151s csoport sz\u00e1m\u00e1ra k\u00e9sz\u00fclt. A j\u00e1t\u00e9kosok k\u00e1rty\u00e1kat kapnak. A j\u00e1t\u00e9k elej\u00e9n mindenki megn\u00e9zi a saj\u00e1t lapjait, \u00e9s ha tal\u00e1l azonos k\u00e9pp\u00e1rt, azokat leteszi az asztalra. Ezut\u00e1n a legt\u00f6bb k\u00e1rty\u00e1val rendelkez\u0151 j\u00e1t\u00e9kos kezd. Engedi, hogy a t\u0151le balra \u00fcl\u0151 j\u00e1t\u00e9kos h\u00fazzon egy lapot t\u0151le. Ha a h\u00fazott j\u00e1t\u00e9kos p\u00e1rt tud alkotni, lehelyezi azt [&hellip;]<\/p>\n","protected":false},"featured_media":8921,"comment_status":"closed","ping_status":"closed","template":"","meta":{"_acf_changed":false,"site-sidebar-layout":"default","site-content-layout":"","ast-site-content-layout":"default","site-content-style":"default","site-sidebar-style":"default","ast-global-header-display":"","ast-banner-title-visibility":"","ast-main-header-display":"","ast-hfb-above-header-display":"","ast-hfb-below-header-display":"","ast-hfb-mobile-header-display":"","site-post-title":"","ast-breadcrumbs-content":"","ast-featured-img":"","footer-sml-layout":"","ast-disable-related-posts":"","theme-transparent-header-meta":"default","adv-header-id-meta":"","stick-header-meta":"default","header-above-stick-meta":"","header-main-stick-meta":"","header-below-stick-meta":"","astra-migrate-meta-layouts":"default","ast-page-background-enabled":"default","ast-page-background-meta":{"desktop":{"background-color":"","background-image":"","background-repeat":"repeat","background-position":"center center","background-size":"auto","background-attachment":"scroll","background-type":"","background-media":"","overlay-type":"","overlay-color":"","overlay-opacity":"","overlay-gradient":""},"tablet":{"background-color":"","background-image":"","background-repeat":"repeat","background-position":"center center","background-size":"auto","background-attachment":"scroll","background-type":"","background-media":"","overlay-type":"","overlay-color":"","overlay-opacity":"","overlay-gradient":""},"mobile":{"background-color":"","background-image":"","background-repeat":"repeat","background-position":"center center","background-size":"auto","background-attachment":"scroll","background-type":"","background-media":"","overlay-type":"","overlay-color":"","overlay-opacity":"","overlay-gradient":""}},"ast-content-background-meta":{"desktop":{"background-color":"var(--ast-global-color-5)","background-image":"","background-repeat":"repeat","background-position":"center center","background-size":"auto","background-attachment":"scroll","background-type":"","background-media":"","overlay-type":"","overlay-color":"","overlay-opacity":"","overlay-gradient":""},"tablet":{"background-color":"var(--ast-global-color-5)","background-image":"","background-repeat":"repeat","background-position":"center center","background-size":"auto","background-attachment":"scroll","background-type":"","background-media":"","overlay-type":"","overlay-color":"","overlay-opacity":"","overlay-gradient":""},"mobile":{"background-color":"var(--ast-global-color-5)","background-image":"","background-repeat":"repeat","background-position":"center center","background-size":"auto","background-attachment":"scroll","background-type":"","background-media":"","overlay-type":"","overlay-color":"","overlay-opacity":"","overlay-gradient":""}}},"product_brand":[],"product_cat":[143],"product_tag":[],"class_list":{"0":"post-8919","1":"product","2":"type-product","3":"status-publish","4":"has-post-thumbnail","6":"product_cat-jatekok","7":"desktop-align-center","8":"tablet-align-left","9":"mobile-align-center","10":"ast-product-gallery-layout-first-image-large","11":"ast-product-gallery-with-no-image","12":"ast-product-tabs-layout-horizontal","14":"first","15":"instock","16":"sale","17":"downloadable","18":"virtual","19":"sold-individually","20":"purchasable","21":"product-type-simple"},"acf":[],"_links":{"self":[{"href":"https:\/\/kastenkidz.com\/hu\/wp-json\/wp\/v2\/product\/8919","targetHints":{"allow":["GET"]}}],"collection":[{"href":"https:\/\/kastenkidz.com\/hu\/wp-json\/wp\/v2\/product"}],"about":[{"href":"https:\/\/kastenkidz.com\/hu\/wp-json\/wp\/v2\/types\/product"}],"replies":[{"embeddable":true,"href":"https:\/\/kastenkidz.com\/hu\/wp-json\/wp\/v2\/comments?post=8919"}],"wp:featuredmedia":[{"embeddable":true,"href":"https:\/\/kastenkidz.com\/hu\/wp-json\/wp\/v2\/media\/8921"}],"wp:attachment":[{"href":"https:\/\/kastenkidz.com\/hu\/wp-json\/wp\/v2\/media?parent=8919"}],"wp:term":[{"taxonomy":"product_brand","embeddable":true,"href":"https:\/\/kastenkidz.com\/hu\/wp-json\/wp\/v2\/product_brand?post=8919"},{"taxonomy":"product_cat","embeddable":true,"href":"https:\/\/kastenkidz.com\/hu\/wp-json\/wp\/v2\/product_cat?post=8919"},{"taxonomy":"product_tag","embeddable":true,"href":"https:\/\/kastenkidz.com\/hu\/wp-json\/wp\/v2\/product_tag?post=8919"}],"curies":[{"name":"wp","href":"https:\/\/api.w.org\/{rel}","templated":true}]}}