{"id":8911,"date":"2025-02-06T16:45:43","date_gmt":"2025-02-06T16:45:43","guid":{"rendered":"https:\/\/kastenkidz.com\/product\/puzzle-10-re-kiegeszites\/"},"modified":"2025-07-20T19:13:00","modified_gmt":"2025-07-20T19:13:00","slug":"puzzle-10-re-kiegeszites","status":"publish","type":"product","link":"https:\/\/kastenkidz.com\/hu\/term\u00e9k\/puzzle-10-re-kiegeszites\/","title":{"rendered":"Puzzle \u201e10-re kieg\u00e9sz\u00edt\u00e9s\u201d"},"content":{"rendered":"<p>Mi\u00e9rt v\u00e1rn\u00e1l holnapig, ha m\u00e1r ma elkezdhetitek?<br \/>\n Pr\u00f3b\u00e1ld ki ezt az izgalmas kirak\u00f3t, amely fejleszti a sz\u00e1mfogalom kialakul\u00e1s\u00e1t! \u2795  A feladat egyszer\u0171: kapcsoljatok \u00f6ssze min\u00e9l t\u00f6bb h\u00e1romsz\u00f6get olyan sz\u00e1mokkal, amelyek \u00f6sszege 10. Remek sz\u00f3rakoz\u00e1s, mik\u00f6zben a gyerekek j\u00e1t\u00e9kosan gyakorolj\u00e1k a matematik\u00e1t \u00e9s fejlesztik probl\u00e9mamegold\u00f3 k\u00e9pess\u00e9g\u00fcket. Szerezd be a kirak\u00f3t, \u00e9s kezd\u0151dhet a tanul\u00e1s j\u00e1t\u00e9k k\u00f6zben! <\/p>\n","protected":false},"excerpt":{"rendered":"<p>Mi\u00e9rt v\u00e1rn\u00e1l holnapig, ha m\u00e1r ma elkezdhetitek? Pr\u00f3b\u00e1ld ki ezt az izgalmas kirak\u00f3t, amely fejleszti a sz\u00e1mfogalom kialakul\u00e1s\u00e1t! \u2795 A feladat egyszer\u0171: kapcsoljatok \u00f6ssze min\u00e9l t\u00f6bb h\u00e1romsz\u00f6get olyan sz\u00e1mokkal, amelyek \u00f6sszege 10. Remek sz\u00f3rakoz\u00e1s, mik\u00f6zben a gyerekek j\u00e1t\u00e9kosan gyakorolj\u00e1k a matematik\u00e1t \u00e9s fejlesztik probl\u00e9mamegold\u00f3 k\u00e9pess\u00e9g\u00fcket. Szerezd be a kirak\u00f3t, \u00e9s kezd\u0151dhet a tanul\u00e1s j\u00e1t\u00e9k k\u00f6zben!<\/p>\n","protected":false},"featured_media":8913,"comment_status":"closed","ping_status":"closed","template":"","meta":{"_acf_changed":false,"site-sidebar-layout":"default","site-content-layout":"","ast-site-content-layout":"default","site-content-style":"default","site-sidebar-style":"default","ast-global-header-display":"","ast-banner-title-visibility":"","ast-main-header-display":"","ast-hfb-above-header-display":"","ast-hfb-below-header-display":"","ast-hfb-mobile-header-display":"","site-post-title":"","ast-breadcrumbs-content":"","ast-featured-img":"","footer-sml-layout":"","ast-disable-related-posts":"","theme-transparent-header-meta":"default","adv-header-id-meta":"","stick-header-meta":"default","header-above-stick-meta":"","header-main-stick-meta":"","header-below-stick-meta":"","astra-migrate-meta-layouts":"default","ast-page-background-enabled":"default","ast-page-background-meta":{"desktop":{"background-color":"","background-image":"","background-repeat":"repeat","background-position":"center center","background-size":"auto","background-attachment":"scroll","background-type":"","background-media":"","overlay-type":"","overlay-color":"","overlay-opacity":"","overlay-gradient":""},"tablet":{"background-color":"","background-image":"","background-repeat":"repeat","background-position":"center center","background-size":"auto","background-attachment":"scroll","background-type":"","background-media":"","overlay-type":"","overlay-color":"","overlay-opacity":"","overlay-gradient":""},"mobile":{"background-color":"","background-image":"","background-repeat":"repeat","background-position":"center center","background-size":"auto","background-attachment":"scroll","background-type":"","background-media":"","overlay-type":"","overlay-color":"","overlay-opacity":"","overlay-gradient":""}},"ast-content-background-meta":{"desktop":{"background-color":"var(--ast-global-color-5)","background-image":"","background-repeat":"repeat","background-position":"center center","background-size":"auto","background-attachment":"scroll","background-type":"","background-media":"","overlay-type":"","overlay-color":"","overlay-opacity":"","overlay-gradient":""},"tablet":{"background-color":"var(--ast-global-color-5)","background-image":"","background-repeat":"repeat","background-position":"center center","background-size":"auto","background-attachment":"scroll","background-type":"","background-media":"","overlay-type":"","overlay-color":"","overlay-opacity":"","overlay-gradient":""},"mobile":{"background-color":"var(--ast-global-color-5)","background-image":"","background-repeat":"repeat","background-position":"center center","background-size":"auto","background-attachment":"scroll","background-type":"","background-media":"","overlay-type":"","overlay-color":"","overlay-opacity":"","overlay-gradient":""}}},"product_brand":[],"product_cat":[143,145],"product_tag":[],"class_list":{"0":"post-8911","1":"product","2":"type-product","3":"status-publish","4":"has-post-thumbnail","6":"product_cat-jatekok","7":"product_cat-matematika-hu","8":"desktop-align-center","9":"tablet-align-left","10":"mobile-align-center","11":"ast-product-gallery-layout-first-image-large","12":"ast-product-gallery-with-no-image","13":"ast-product-tabs-layout-horizontal","15":"first","16":"instock","17":"sale","18":"downloadable","19":"virtual","20":"sold-individually","21":"purchasable","22":"product-type-simple"},"acf":[],"_links":{"self":[{"href":"https:\/\/kastenkidz.com\/hu\/wp-json\/wp\/v2\/product\/8911","targetHints":{"allow":["GET"]}}],"collection":[{"href":"https:\/\/kastenkidz.com\/hu\/wp-json\/wp\/v2\/product"}],"about":[{"href":"https:\/\/kastenkidz.com\/hu\/wp-json\/wp\/v2\/types\/product"}],"replies":[{"embeddable":true,"href":"https:\/\/kastenkidz.com\/hu\/wp-json\/wp\/v2\/comments?post=8911"}],"wp:featuredmedia":[{"embeddable":true,"href":"https:\/\/kastenkidz.com\/hu\/wp-json\/wp\/v2\/media\/8913"}],"wp:attachment":[{"href":"https:\/\/kastenkidz.com\/hu\/wp-json\/wp\/v2\/media?parent=8911"}],"wp:term":[{"taxonomy":"product_brand","embeddable":true,"href":"https:\/\/kastenkidz.com\/hu\/wp-json\/wp\/v2\/product_brand?post=8911"},{"taxonomy":"product_cat","embeddable":true,"href":"https:\/\/kastenkidz.com\/hu\/wp-json\/wp\/v2\/product_cat?post=8911"},{"taxonomy":"product_tag","embeddable":true,"href":"https:\/\/kastenkidz.com\/hu\/wp-json\/wp\/v2\/product_tag?post=8911"}],"curies":[{"name":"wp","href":"https:\/\/api.w.org\/{rel}","templated":true}]}}