{"id":8903,"date":"2025-02-06T16:45:43","date_gmt":"2025-02-06T16:45:43","guid":{"rendered":"https:\/\/kastenkidz.com\/product\/percekben-merve-tanuljuk-meg-az-idot\/"},"modified":"2025-07-20T19:12:59","modified_gmt":"2025-07-20T19:12:59","slug":"percekben-merve-tanuljuk-meg-az-idot","status":"publish","type":"product","link":"https:\/\/kastenkidz.com\/hu\/term\u00e9k\/percekben-merve-tanuljuk-meg-az-idot\/","title":{"rendered":"Percekben m\u00e9rve \u2013 tanuljuk meg az id\u0151t!"},"content":{"rendered":"<p>\u23f0  Az id\u0151 fogalm\u00e1nak meg\u00e9rt\u00e9se neh\u00e9z lehet a gyerekeknek \u2013 ezzel az eszk\u00f6zzel azonban j\u00e1t\u00e9kos \u00e9s k\u00f6nnyed! \u23f0<br \/>\nEz a szeml\u00e9letes plak\u00e1t seg\u00edt a gyerekeknek megismerni az anal\u00f3g \u00f3ra feloszt\u00e1s\u00e1t, 5 perces id\u0151egys\u00e9gekre bontva 5-t\u0151l 60-ig. A feladat l\u00e9nyege, hogy a gyerekek megtal\u00e1lj\u00e1k \u00e9s felragassz\u00e1k a megfelel\u0151 k\u00e1rty\u00e1kat \u2013 \u00edgy r\u00f6gz\u00fcl a pontos id\u0151\u00e9rz\u00e9k. Nagyszer\u0171 vizu\u00e1lis \u00e9s k\u00e9zzel foghat\u00f3 seg\u00edts\u00e9g az id\u0151 fogalm\u00e1nak elsaj\u00e1t\u00edt\u00e1s\u00e1hoz! Szerezd be m\u00e9g ma, \u00e9s tedd \u00e9lvezetess\u00e9 az id\u0151tanul\u00e1st! <\/p>\n","protected":false},"excerpt":{"rendered":"<p>\u23f0 Az id\u0151 fogalm\u00e1nak meg\u00e9rt\u00e9se neh\u00e9z lehet a gyerekeknek \u2013 ezzel az eszk\u00f6zzel azonban j\u00e1t\u00e9kos \u00e9s k\u00f6nnyed! \u23f0 Ez a szeml\u00e9letes plak\u00e1t seg\u00edt a gyerekeknek megismerni az anal\u00f3g \u00f3ra feloszt\u00e1s\u00e1t, 5 perces id\u0151egys\u00e9gekre bontva 5-t\u0151l 60-ig. A feladat l\u00e9nyege, hogy a gyerekek megtal\u00e1lj\u00e1k \u00e9s felragassz\u00e1k a megfelel\u0151 k\u00e1rty\u00e1kat \u2013 \u00edgy r\u00f6gz\u00fcl a pontos id\u0151\u00e9rz\u00e9k. Nagyszer\u0171 [&hellip;]<\/p>\n","protected":false},"featured_media":8905,"comment_status":"closed","ping_status":"closed","template":"","meta":{"_acf_changed":false,"site-sidebar-layout":"default","site-content-layout":"","ast-site-content-layout":"default","site-content-style":"default","site-sidebar-style":"default","ast-global-header-display":"","ast-banner-title-visibility":"","ast-main-header-display":"","ast-hfb-above-header-display":"","ast-hfb-below-header-display":"","ast-hfb-mobile-header-display":"","site-post-title":"","ast-breadcrumbs-content":"","ast-featured-img":"","footer-sml-layout":"","ast-disable-related-posts":"","theme-transparent-header-meta":"default","adv-header-id-meta":"","stick-header-meta":"default","header-above-stick-meta":"","header-main-stick-meta":"","header-below-stick-meta":"","astra-migrate-meta-layouts":"default","ast-page-background-enabled":"default","ast-page-background-meta":{"desktop":{"background-color":"","background-image":"","background-repeat":"repeat","background-position":"center center","background-size":"auto","background-attachment":"scroll","background-type":"","background-media":"","overlay-type":"","overlay-color":"","overlay-opacity":"","overlay-gradient":""},"tablet":{"background-color":"","background-image":"","background-repeat":"repeat","background-position":"center center","background-size":"auto","background-attachment":"scroll","background-type":"","background-media":"","overlay-type":"","overlay-color":"","overlay-opacity":"","overlay-gradient":""},"mobile":{"background-color":"","background-image":"","background-repeat":"repeat","background-position":"center center","background-size":"auto","background-attachment":"scroll","background-type":"","background-media":"","overlay-type":"","overlay-color":"","overlay-opacity":"","overlay-gradient":""}},"ast-content-background-meta":{"desktop":{"background-color":"var(--ast-global-color-5)","background-image":"","background-repeat":"repeat","background-position":"center center","background-size":"auto","background-attachment":"scroll","background-type":"","background-media":"","overlay-type":"","overlay-color":"","overlay-opacity":"","overlay-gradient":""},"tablet":{"background-color":"var(--ast-global-color-5)","background-image":"","background-repeat":"repeat","background-position":"center center","background-size":"auto","background-attachment":"scroll","background-type":"","background-media":"","overlay-type":"","overlay-color":"","overlay-opacity":"","overlay-gradient":""},"mobile":{"background-color":"var(--ast-global-color-5)","background-image":"","background-repeat":"repeat","background-position":"center center","background-size":"auto","background-attachment":"scroll","background-type":"","background-media":"","overlay-type":"","overlay-color":"","overlay-opacity":"","overlay-gradient":""}}},"product_brand":[],"product_cat":[147],"product_tag":[],"class_list":{"0":"post-8903","1":"product","2":"type-product","3":"status-publish","4":"has-post-thumbnail","6":"product_cat-kirakok-es-kartyak","7":"desktop-align-center","8":"tablet-align-left","9":"mobile-align-center","10":"ast-product-gallery-layout-first-image-large","11":"ast-product-gallery-with-no-image","12":"ast-product-tabs-layout-horizontal","14":"first","15":"instock","16":"sale","17":"downloadable","18":"virtual","19":"sold-individually","20":"purchasable","21":"product-type-simple"},"acf":[],"_links":{"self":[{"href":"https:\/\/kastenkidz.com\/hu\/wp-json\/wp\/v2\/product\/8903","targetHints":{"allow":["GET"]}}],"collection":[{"href":"https:\/\/kastenkidz.com\/hu\/wp-json\/wp\/v2\/product"}],"about":[{"href":"https:\/\/kastenkidz.com\/hu\/wp-json\/wp\/v2\/types\/product"}],"replies":[{"embeddable":true,"href":"https:\/\/kastenkidz.com\/hu\/wp-json\/wp\/v2\/comments?post=8903"}],"wp:featuredmedia":[{"embeddable":true,"href":"https:\/\/kastenkidz.com\/hu\/wp-json\/wp\/v2\/media\/8905"}],"wp:attachment":[{"href":"https:\/\/kastenkidz.com\/hu\/wp-json\/wp\/v2\/media?parent=8903"}],"wp:term":[{"taxonomy":"product_brand","embeddable":true,"href":"https:\/\/kastenkidz.com\/hu\/wp-json\/wp\/v2\/product_brand?post=8903"},{"taxonomy":"product_cat","embeddable":true,"href":"https:\/\/kastenkidz.com\/hu\/wp-json\/wp\/v2\/product_cat?post=8903"},{"taxonomy":"product_tag","embeddable":true,"href":"https:\/\/kastenkidz.com\/hu\/wp-json\/wp\/v2\/product_tag?post=8903"}],"curies":[{"name":"wp","href":"https:\/\/api.w.org\/{rel}","templated":true}]}}