{"id":8895,"date":"2025-02-06T16:45:43","date_gmt":"2025-02-06T16:45:43","guid":{"rendered":"https:\/\/kastenkidz.com\/product\/ora-domino\/"},"modified":"2025-12-11T17:45:53","modified_gmt":"2025-12-11T17:45:53","slug":"ora-domino","status":"publish","type":"product","link":"https:\/\/kastenkidz.com\/hu\/term\u00e9k\/ora-domino\/","title":{"rendered":"\u00d3ra domin\u00f3"},"content":{"rendered":"<p>\u23f0 Mi\u00e9rt v\u00e1rn\u00e1nk holnapig, ha ma is elkezdhetj\u00fck? \u23f0  Pr\u00f3b\u00e1lj\u00e1tok ki ezt a j\u00e1t\u00e9kot, amely seg\u00edt a gyerekeknek megtanulni az id\u0151 leolvas\u00e1s\u00e1t! Ugyan\u00fagy m\u0171k\u00f6dik, mint a hagyom\u00e1nyos domin\u00f3 \u2013 az elektronikus \u00e9s az anal\u00f3g \u00f3r\u00e1kon l\u00e1that\u00f3 id\u0151ket kell egym\u00e1shoz illeszteni. Mik\u00f6zben j\u00e1tszanak, a gyerekek term\u00e9szetes m\u00f3don gyakorolj\u00e1k az \u00f3rahaszn\u00e1latot \u2013 \u00edgy v\u00e1lik a tanul\u00e1s egyszerre hat\u00e9konny\u00e1 \u00e9s sz\u00f3rakoztat\u00f3v\u00e1! Szerezd be a j\u00e1t\u00e9kot m\u00e9g ma, \u00e9s n\u00e9zd, ahogy gyermeked magabiztosan elsaj\u00e1t\u00edtja az \u00f3rahaszn\u00e1latot! \u23f0 <\/p>\n<p>Tartalom: 28 domin\u00f3elem, 3 lap, A4-es m\u00e9retben. <\/p>\n","protected":false},"excerpt":{"rendered":"<p>\u23f0 Mi\u00e9rt v\u00e1rn\u00e1nk holnapig, ha ma is elkezdhetj\u00fck? \u23f0 Pr\u00f3b\u00e1lj\u00e1tok ki ezt a j\u00e1t\u00e9kot, amely seg\u00edt a gyerekeknek megtanulni az id\u0151 leolvas\u00e1s\u00e1t! Ugyan\u00fagy m\u0171k\u00f6dik, mint a hagyom\u00e1nyos domin\u00f3 \u2013 az elektronikus \u00e9s az anal\u00f3g \u00f3r\u00e1kon l\u00e1that\u00f3 id\u0151ket kell egym\u00e1shoz illeszteni. Mik\u00f6zben j\u00e1tszanak, a gyerekek term\u00e9szetes m\u00f3don gyakorolj\u00e1k az \u00f3rahaszn\u00e1latot \u2013 \u00edgy v\u00e1lik a tanul\u00e1s egyszerre [&hellip;]<\/p>\n","protected":false},"featured_media":8897,"comment_status":"closed","ping_status":"closed","template":"","meta":{"_acf_changed":false,"site-sidebar-layout":"default","site-content-layout":"","ast-site-content-layout":"default","site-content-style":"default","site-sidebar-style":"default","ast-global-header-display":"","ast-banner-title-visibility":"","ast-main-header-display":"","ast-hfb-above-header-display":"","ast-hfb-below-header-display":"","ast-hfb-mobile-header-display":"","site-post-title":"","ast-breadcrumbs-content":"","ast-featured-img":"","footer-sml-layout":"","ast-disable-related-posts":"","theme-transparent-header-meta":"default","adv-header-id-meta":"","stick-header-meta":"default","header-above-stick-meta":"","header-main-stick-meta":"","header-below-stick-meta":"","astra-migrate-meta-layouts":"default","ast-page-background-enabled":"default","ast-page-background-meta":{"desktop":{"background-color":"","background-image":"","background-repeat":"repeat","background-position":"center center","background-size":"auto","background-attachment":"scroll","background-type":"","background-media":"","overlay-type":"","overlay-color":"","overlay-opacity":"","overlay-gradient":""},"tablet":{"background-color":"","background-image":"","background-repeat":"repeat","background-position":"center center","background-size":"auto","background-attachment":"scroll","background-type":"","background-media":"","overlay-type":"","overlay-color":"","overlay-opacity":"","overlay-gradient":""},"mobile":{"background-color":"","background-image":"","background-repeat":"repeat","background-position":"center center","background-size":"auto","background-attachment":"scroll","background-type":"","background-media":"","overlay-type":"","overlay-color":"","overlay-opacity":"","overlay-gradient":""}},"ast-content-background-meta":{"desktop":{"background-color":"var(--ast-global-color-5)","background-image":"","background-repeat":"repeat","background-position":"center center","background-size":"auto","background-attachment":"scroll","background-type":"","background-media":"","overlay-type":"","overlay-color":"","overlay-opacity":"","overlay-gradient":""},"tablet":{"background-color":"var(--ast-global-color-5)","background-image":"","background-repeat":"repeat","background-position":"center center","background-size":"auto","background-attachment":"scroll","background-type":"","background-media":"","overlay-type":"","overlay-color":"","overlay-opacity":"","overlay-gradient":""},"mobile":{"background-color":"var(--ast-global-color-5)","background-image":"","background-repeat":"repeat","background-position":"center center","background-size":"auto","background-attachment":"scroll","background-type":"","background-media":"","overlay-type":"","overlay-color":"","overlay-opacity":"","overlay-gradient":""}}},"product_brand":[],"product_cat":[143],"product_tag":[],"class_list":{"0":"post-8895","1":"product","2":"type-product","3":"status-publish","4":"has-post-thumbnail","6":"product_cat-jatekok","7":"desktop-align-center","8":"tablet-align-left","9":"mobile-align-center","10":"ast-product-gallery-layout-first-image-large","11":"ast-product-gallery-with-no-image","12":"ast-product-tabs-layout-horizontal","14":"first","15":"instock","16":"sale","17":"downloadable","18":"virtual","19":"sold-individually","20":"purchasable","21":"product-type-simple"},"acf":[],"_links":{"self":[{"href":"https:\/\/kastenkidz.com\/hu\/wp-json\/wp\/v2\/product\/8895","targetHints":{"allow":["GET"]}}],"collection":[{"href":"https:\/\/kastenkidz.com\/hu\/wp-json\/wp\/v2\/product"}],"about":[{"href":"https:\/\/kastenkidz.com\/hu\/wp-json\/wp\/v2\/types\/product"}],"replies":[{"embeddable":true,"href":"https:\/\/kastenkidz.com\/hu\/wp-json\/wp\/v2\/comments?post=8895"}],"wp:featuredmedia":[{"embeddable":true,"href":"https:\/\/kastenkidz.com\/hu\/wp-json\/wp\/v2\/media\/8897"}],"wp:attachment":[{"href":"https:\/\/kastenkidz.com\/hu\/wp-json\/wp\/v2\/media?parent=8895"}],"wp:term":[{"taxonomy":"product_brand","embeddable":true,"href":"https:\/\/kastenkidz.com\/hu\/wp-json\/wp\/v2\/product_brand?post=8895"},{"taxonomy":"product_cat","embeddable":true,"href":"https:\/\/kastenkidz.com\/hu\/wp-json\/wp\/v2\/product_cat?post=8895"},{"taxonomy":"product_tag","embeddable":true,"href":"https:\/\/kastenkidz.com\/hu\/wp-json\/wp\/v2\/product_tag?post=8895"}],"curies":[{"name":"wp","href":"https:\/\/api.w.org\/{rel}","templated":true}]}}