{"id":8879,"date":"2025-02-06T16:45:39","date_gmt":"2025-02-06T16:45:39","guid":{"rendered":"https:\/\/kastenkidz.com\/product\/jatek-meselj-egy-tortenetet\/"},"modified":"2025-07-20T19:12:51","modified_gmt":"2025-07-20T19:12:51","slug":"jatek-meselj-egy-tortenetet","status":"publish","type":"product","link":"https:\/\/kastenkidz.com\/hu\/term\u00e9k\/jatek-meselj-egy-tortenetet\/","title":{"rendered":"\u201eMes\u00e9lj egy t\u00f6rt\u00e9netet\u201d j\u00e1t\u00e9k"},"content":{"rendered":"<p>Keltsd \u00e9letre a kreativit\u00e1st \u00e9s a kommunik\u00e1ci\u00f3s k\u00e9szs\u00e9geket ezzel a vid\u00e1m t\u00f6rt\u00e9netmes\u00e9l\u0151 j\u00e1t\u00e9kkal!   Dobj egyet 8 k\u00e9pes kock\u00e1val, \u00e9s alkoss saj\u00e1t mes\u00e9t \u00fagy, hogy mindegyik k\u00e9pet be\u00e9p\u00edted a t\u00f6rt\u00e9netbe. T\u00f6k\u00e9letes az anyanyelvi k\u00e9szs\u00e9gek fejleszt\u00e9s\u00e9hez, de ak\u00e1r idegen nyelvek tanul\u00e1s\u00e1hoz is remek eszk\u00f6z.   Legyen sz\u00f3 teljes t\u00f6rt\u00e9net elmes\u00e9l\u00e9s\u00e9r\u0151l vagy k\u00f6z\u00f6s t\u00f6rt\u00e9netalkot\u00e1sr\u00f3l a k\u00e9pek alapj\u00e1n, ez a j\u00e1t\u00e9k garant\u00e1ltan lek\u00f6ti a gyerekeket \u00e9s serkenti a gondolkod\u00e1st!<\/p>\n<p>Tartalom: 8 lap, A4-es form\u00e1tumban. <\/p>\n","protected":false},"excerpt":{"rendered":"<p>Keltsd \u00e9letre a kreativit\u00e1st \u00e9s a kommunik\u00e1ci\u00f3s k\u00e9szs\u00e9geket ezzel a vid\u00e1m t\u00f6rt\u00e9netmes\u00e9l\u0151 j\u00e1t\u00e9kkal! Dobj egyet 8 k\u00e9pes kock\u00e1val, \u00e9s alkoss saj\u00e1t mes\u00e9t \u00fagy, hogy mindegyik k\u00e9pet be\u00e9p\u00edted a t\u00f6rt\u00e9netbe. T\u00f6k\u00e9letes az anyanyelvi k\u00e9szs\u00e9gek fejleszt\u00e9s\u00e9hez, de ak\u00e1r idegen nyelvek tanul\u00e1s\u00e1hoz is remek eszk\u00f6z. Legyen sz\u00f3 teljes t\u00f6rt\u00e9net elmes\u00e9l\u00e9s\u00e9r\u0151l vagy k\u00f6z\u00f6s t\u00f6rt\u00e9netalkot\u00e1sr\u00f3l a k\u00e9pek alapj\u00e1n, ez a [&hellip;]<\/p>\n","protected":false},"featured_media":8881,"comment_status":"closed","ping_status":"closed","template":"","meta":{"_acf_changed":false,"site-sidebar-layout":"default","site-content-layout":"","ast-site-content-layout":"default","site-content-style":"default","site-sidebar-style":"default","ast-global-header-display":"","ast-banner-title-visibility":"","ast-main-header-display":"","ast-hfb-above-header-display":"","ast-hfb-below-header-display":"","ast-hfb-mobile-header-display":"","site-post-title":"","ast-breadcrumbs-content":"","ast-featured-img":"","footer-sml-layout":"","ast-disable-related-posts":"","theme-transparent-header-meta":"default","adv-header-id-meta":"","stick-header-meta":"default","header-above-stick-meta":"","header-main-stick-meta":"","header-below-stick-meta":"","astra-migrate-meta-layouts":"default","ast-page-background-enabled":"default","ast-page-background-meta":{"desktop":{"background-color":"","background-image":"","background-repeat":"repeat","background-position":"center center","background-size":"auto","background-attachment":"scroll","background-type":"","background-media":"","overlay-type":"","overlay-color":"","overlay-opacity":"","overlay-gradient":""},"tablet":{"background-color":"","background-image":"","background-repeat":"repeat","background-position":"center center","background-size":"auto","background-attachment":"scroll","background-type":"","background-media":"","overlay-type":"","overlay-color":"","overlay-opacity":"","overlay-gradient":""},"mobile":{"background-color":"","background-image":"","background-repeat":"repeat","background-position":"center center","background-size":"auto","background-attachment":"scroll","background-type":"","background-media":"","overlay-type":"","overlay-color":"","overlay-opacity":"","overlay-gradient":""}},"ast-content-background-meta":{"desktop":{"background-color":"var(--ast-global-color-5)","background-image":"","background-repeat":"repeat","background-position":"center center","background-size":"auto","background-attachment":"scroll","background-type":"","background-media":"","overlay-type":"","overlay-color":"","overlay-opacity":"","overlay-gradient":""},"tablet":{"background-color":"var(--ast-global-color-5)","background-image":"","background-repeat":"repeat","background-position":"center center","background-size":"auto","background-attachment":"scroll","background-type":"","background-media":"","overlay-type":"","overlay-color":"","overlay-opacity":"","overlay-gradient":""},"mobile":{"background-color":"var(--ast-global-color-5)","background-image":"","background-repeat":"repeat","background-position":"center center","background-size":"auto","background-attachment":"scroll","background-type":"","background-media":"","overlay-type":"","overlay-color":"","overlay-opacity":"","overlay-gradient":""}}},"product_brand":[],"product_cat":[143,144],"product_tag":[],"class_list":{"0":"post-8879","1":"product","2":"type-product","3":"status-publish","4":"has-post-thumbnail","6":"product_cat-jatekok","7":"product_cat-nyelv","8":"desktop-align-center","9":"tablet-align-left","10":"mobile-align-center","11":"ast-product-gallery-layout-first-image-large","12":"ast-product-gallery-with-no-image","13":"ast-product-tabs-layout-horizontal","15":"first","16":"instock","17":"sale","18":"downloadable","19":"virtual","20":"sold-individually","21":"purchasable","22":"product-type-simple"},"acf":[],"_links":{"self":[{"href":"https:\/\/kastenkidz.com\/hu\/wp-json\/wp\/v2\/product\/8879","targetHints":{"allow":["GET"]}}],"collection":[{"href":"https:\/\/kastenkidz.com\/hu\/wp-json\/wp\/v2\/product"}],"about":[{"href":"https:\/\/kastenkidz.com\/hu\/wp-json\/wp\/v2\/types\/product"}],"replies":[{"embeddable":true,"href":"https:\/\/kastenkidz.com\/hu\/wp-json\/wp\/v2\/comments?post=8879"}],"wp:featuredmedia":[{"embeddable":true,"href":"https:\/\/kastenkidz.com\/hu\/wp-json\/wp\/v2\/media\/8881"}],"wp:attachment":[{"href":"https:\/\/kastenkidz.com\/hu\/wp-json\/wp\/v2\/media?parent=8879"}],"wp:term":[{"taxonomy":"product_brand","embeddable":true,"href":"https:\/\/kastenkidz.com\/hu\/wp-json\/wp\/v2\/product_brand?post=8879"},{"taxonomy":"product_cat","embeddable":true,"href":"https:\/\/kastenkidz.com\/hu\/wp-json\/wp\/v2\/product_cat?post=8879"},{"taxonomy":"product_tag","embeddable":true,"href":"https:\/\/kastenkidz.com\/hu\/wp-json\/wp\/v2\/product_tag?post=8879"}],"curies":[{"name":"wp","href":"https:\/\/api.w.org\/{rel}","templated":true}]}}