{"id":8863,"date":"2025-02-06T16:45:39","date_gmt":"2025-02-06T16:45:39","guid":{"rendered":"https:\/\/kastenkidz.com\/product\/szornyes-fejtoro\/"},"modified":"2025-07-20T19:12:49","modified_gmt":"2025-07-20T19:12:49","slug":"szornyes-fejtoro","status":"publish","type":"product","link":"https:\/\/kastenkidz.com\/hu\/term\u00e9k\/szornyes-fejtoro\/","title":{"rendered":"Sz\u00f6rnyes fejt\u00f6r\u0151"},"content":{"rendered":"<p>Szabad\u00edtsd fel a kreat\u00edv gondolkod\u00e1st a \u201eSz\u00f6rnyes\u201d logikai kirak\u00f3val!   A j\u00e1t\u00e9k c\u00e9lja a figyelem, a logikai gondolkod\u00e1s \u00e9s a vizu\u00e1lis k\u00e9szs\u00e9gek fejleszt\u00e9se \u2013 mik\u00f6zben a gyerekek remek\u00fcl sz\u00f3rakoznak. A szett 1 j\u00e1t\u00e9kt\u00e1bl\u00e1t \u00e9s 12 vid\u00e1m j\u00e1t\u00e9kk\u00e1rty\u00e1t tartalmaz. Kiv\u00e1l\u00f3 eszk\u00f6z a probl\u00e9mamegold\u00f3 k\u00e9pess\u00e9gek er\u0151s\u00edt\u00e9s\u00e9re j\u00e1t\u00e9kos form\u00e1ban!  <\/p>\n<p>Tartalom: kirak\u00f3 \u00e9s keret, 2 lap A4 form\u00e1tumban. <\/p>\n","protected":false},"excerpt":{"rendered":"<p>Szabad\u00edtsd fel a kreat\u00edv gondolkod\u00e1st a \u201eSz\u00f6rnyes\u201d logikai kirak\u00f3val! A j\u00e1t\u00e9k c\u00e9lja a figyelem, a logikai gondolkod\u00e1s \u00e9s a vizu\u00e1lis k\u00e9szs\u00e9gek fejleszt\u00e9se \u2013 mik\u00f6zben a gyerekek remek\u00fcl sz\u00f3rakoznak. A szett 1 j\u00e1t\u00e9kt\u00e1bl\u00e1t \u00e9s 12 vid\u00e1m j\u00e1t\u00e9kk\u00e1rty\u00e1t tartalmaz. Kiv\u00e1l\u00f3 eszk\u00f6z a probl\u00e9mamegold\u00f3 k\u00e9pess\u00e9gek er\u0151s\u00edt\u00e9s\u00e9re j\u00e1t\u00e9kos form\u00e1ban! Tartalom: kirak\u00f3 \u00e9s keret, 2 lap A4 form\u00e1tumban.<\/p>\n","protected":false},"featured_media":8865,"comment_status":"closed","ping_status":"closed","template":"","meta":{"_acf_changed":false,"site-sidebar-layout":"default","site-content-layout":"","ast-site-content-layout":"default","site-content-style":"default","site-sidebar-style":"default","ast-global-header-display":"","ast-banner-title-visibility":"","ast-main-header-display":"","ast-hfb-above-header-display":"","ast-hfb-below-header-display":"","ast-hfb-mobile-header-display":"","site-post-title":"","ast-breadcrumbs-content":"","ast-featured-img":"","footer-sml-layout":"","ast-disable-related-posts":"","theme-transparent-header-meta":"default","adv-header-id-meta":"","stick-header-meta":"default","header-above-stick-meta":"","header-main-stick-meta":"","header-below-stick-meta":"","astra-migrate-meta-layouts":"default","ast-page-background-enabled":"default","ast-page-background-meta":{"desktop":{"background-color":"","background-image":"","background-repeat":"repeat","background-position":"center center","background-size":"auto","background-attachment":"scroll","background-type":"","background-media":"","overlay-type":"","overlay-color":"","overlay-opacity":"","overlay-gradient":""},"tablet":{"background-color":"","background-image":"","background-repeat":"repeat","background-position":"center center","background-size":"auto","background-attachment":"scroll","background-type":"","background-media":"","overlay-type":"","overlay-color":"","overlay-opacity":"","overlay-gradient":""},"mobile":{"background-color":"","background-image":"","background-repeat":"repeat","background-position":"center center","background-size":"auto","background-attachment":"scroll","background-type":"","background-media":"","overlay-type":"","overlay-color":"","overlay-opacity":"","overlay-gradient":""}},"ast-content-background-meta":{"desktop":{"background-color":"var(--ast-global-color-5)","background-image":"","background-repeat":"repeat","background-position":"center center","background-size":"auto","background-attachment":"scroll","background-type":"","background-media":"","overlay-type":"","overlay-color":"","overlay-opacity":"","overlay-gradient":""},"tablet":{"background-color":"var(--ast-global-color-5)","background-image":"","background-repeat":"repeat","background-position":"center center","background-size":"auto","background-attachment":"scroll","background-type":"","background-media":"","overlay-type":"","overlay-color":"","overlay-opacity":"","overlay-gradient":""},"mobile":{"background-color":"var(--ast-global-color-5)","background-image":"","background-repeat":"repeat","background-position":"center center","background-size":"auto","background-attachment":"scroll","background-type":"","background-media":"","overlay-type":"","overlay-color":"","overlay-opacity":"","overlay-gradient":""}}},"product_brand":[],"product_cat":[143,146],"product_tag":[],"class_list":{"0":"post-8863","1":"product","2":"type-product","3":"status-publish","4":"has-post-thumbnail","6":"product_cat-jatekok","7":"product_cat-memoria-es-figyelem","8":"desktop-align-center","9":"tablet-align-left","10":"mobile-align-center","11":"ast-product-gallery-layout-first-image-large","12":"ast-product-gallery-with-no-image","13":"ast-product-tabs-layout-horizontal","15":"first","16":"instock","17":"sale","18":"downloadable","19":"virtual","20":"sold-individually","21":"purchasable","22":"product-type-simple"},"acf":[],"_links":{"self":[{"href":"https:\/\/kastenkidz.com\/hu\/wp-json\/wp\/v2\/product\/8863","targetHints":{"allow":["GET"]}}],"collection":[{"href":"https:\/\/kastenkidz.com\/hu\/wp-json\/wp\/v2\/product"}],"about":[{"href":"https:\/\/kastenkidz.com\/hu\/wp-json\/wp\/v2\/types\/product"}],"replies":[{"embeddable":true,"href":"https:\/\/kastenkidz.com\/hu\/wp-json\/wp\/v2\/comments?post=8863"}],"wp:featuredmedia":[{"embeddable":true,"href":"https:\/\/kastenkidz.com\/hu\/wp-json\/wp\/v2\/media\/8865"}],"wp:attachment":[{"href":"https:\/\/kastenkidz.com\/hu\/wp-json\/wp\/v2\/media?parent=8863"}],"wp:term":[{"taxonomy":"product_brand","embeddable":true,"href":"https:\/\/kastenkidz.com\/hu\/wp-json\/wp\/v2\/product_brand?post=8863"},{"taxonomy":"product_cat","embeddable":true,"href":"https:\/\/kastenkidz.com\/hu\/wp-json\/wp\/v2\/product_cat?post=8863"},{"taxonomy":"product_tag","embeddable":true,"href":"https:\/\/kastenkidz.com\/hu\/wp-json\/wp\/v2\/product_tag?post=8863"}],"curies":[{"name":"wp","href":"https:\/\/api.w.org\/{rel}","templated":true}]}}