{"id":8855,"date":"2025-02-06T16:45:39","date_gmt":"2025-02-06T16:45:39","guid":{"rendered":"https:\/\/kastenkidz.com\/product\/szorzotabla-kirako\/"},"modified":"2025-07-20T19:12:48","modified_gmt":"2025-07-20T19:12:48","slug":"szorzotabla-kirako","status":"publish","type":"product","link":"https:\/\/kastenkidz.com\/hu\/term\u00e9k\/szorzotabla-kirako\/","title":{"rendered":"Szorz\u00f3t\u00e1bla kirak\u00f3"},"content":{"rendered":"<p>Tedd \u00e9lvezetesebb\u00e9 a szorz\u00f3t\u00e1bla megtanul\u00e1s\u00e1t ezzel a vid\u00e1m kirak\u00f3val! \u2716\ufe0f Ez az eszk\u00f6z j\u00e1t\u00e9kos form\u00e1ban seg\u00edti a sz\u00e1mol\u00e1s gyakorl\u00e1s\u00e1t, mik\u00f6zben a gyerekek \u00e9szrev\u00e9tlen\u00fcl saj\u00e1t\u00edtj\u00e1k el a szorz\u00e1st. Az interakt\u00edv \u00e9s \u00e9lvezetes feladatok seg\u00edts\u00e9g\u00e9vel a gyerekek \u00fagy saj\u00e1t\u00edtj\u00e1k el a matematikai k\u00e9szs\u00e9geket, hogy \u00e9szre sem veszik, hogy \u00e9pp tanulnak!  \u200d <\/p>\n<p>A feladat 41 szorz\u00e1si m\u0171veletb\u0151l \u00e1ll. A m\u0171veletek h\u00e1rom kirak\u00f3darabb\u00f3l \u00e1llnak: A k\u00e9t kisebb, als\u00f3 puzzle-darab tartalmazza a szorz\u00e1s t\u00e9nyez\u0151it, a nagyobb, fels\u0151 darab a m\u0171velet eredm\u00e9ny\u00e9t. A gyerekeknek ki kell sz\u00e1molniuk a szorz\u00e1sokat, majd a megfelel\u0151 v\u00e1laszt keresve \u00f6ssze kell illeszteni\u00fck a puzzle-darabokat.<\/p>\n<p>Tartalom: 14 oldal. <\/p>\n","protected":false},"excerpt":{"rendered":"<p>Tedd \u00e9lvezetesebb\u00e9 a szorz\u00f3t\u00e1bla megtanul\u00e1s\u00e1t ezzel a vid\u00e1m kirak\u00f3val! \u2716\ufe0f Ez az eszk\u00f6z j\u00e1t\u00e9kos form\u00e1ban seg\u00edti a sz\u00e1mol\u00e1s gyakorl\u00e1s\u00e1t, mik\u00f6zben a gyerekek \u00e9szrev\u00e9tlen\u00fcl saj\u00e1t\u00edtj\u00e1k el a szorz\u00e1st. Az interakt\u00edv \u00e9s \u00e9lvezetes feladatok seg\u00edts\u00e9g\u00e9vel a gyerekek \u00fagy saj\u00e1t\u00edtj\u00e1k el a matematikai k\u00e9szs\u00e9geket, hogy \u00e9szre sem veszik, hogy \u00e9pp tanulnak! \u200d A feladat 41 szorz\u00e1si m\u0171veletb\u0151l \u00e1ll. [&hellip;]<\/p>\n","protected":false},"featured_media":8857,"comment_status":"closed","ping_status":"closed","template":"","meta":{"_acf_changed":false,"site-sidebar-layout":"default","site-content-layout":"","ast-site-content-layout":"default","site-content-style":"default","site-sidebar-style":"default","ast-global-header-display":"","ast-banner-title-visibility":"","ast-main-header-display":"","ast-hfb-above-header-display":"","ast-hfb-below-header-display":"","ast-hfb-mobile-header-display":"","site-post-title":"","ast-breadcrumbs-content":"","ast-featured-img":"","footer-sml-layout":"","ast-disable-related-posts":"","theme-transparent-header-meta":"default","adv-header-id-meta":"","stick-header-meta":"default","header-above-stick-meta":"","header-main-stick-meta":"","header-below-stick-meta":"","astra-migrate-meta-layouts":"default","ast-page-background-enabled":"default","ast-page-background-meta":{"desktop":{"background-color":"","background-image":"","background-repeat":"repeat","background-position":"center center","background-size":"auto","background-attachment":"scroll","background-type":"","background-media":"","overlay-type":"","overlay-color":"","overlay-opacity":"","overlay-gradient":""},"tablet":{"background-color":"","background-image":"","background-repeat":"repeat","background-position":"center center","background-size":"auto","background-attachment":"scroll","background-type":"","background-media":"","overlay-type":"","overlay-color":"","overlay-opacity":"","overlay-gradient":""},"mobile":{"background-color":"","background-image":"","background-repeat":"repeat","background-position":"center center","background-size":"auto","background-attachment":"scroll","background-type":"","background-media":"","overlay-type":"","overlay-color":"","overlay-opacity":"","overlay-gradient":""}},"ast-content-background-meta":{"desktop":{"background-color":"var(--ast-global-color-5)","background-image":"","background-repeat":"repeat","background-position":"center center","background-size":"auto","background-attachment":"scroll","background-type":"","background-media":"","overlay-type":"","overlay-color":"","overlay-opacity":"","overlay-gradient":""},"tablet":{"background-color":"var(--ast-global-color-5)","background-image":"","background-repeat":"repeat","background-position":"center center","background-size":"auto","background-attachment":"scroll","background-type":"","background-media":"","overlay-type":"","overlay-color":"","overlay-opacity":"","overlay-gradient":""},"mobile":{"background-color":"var(--ast-global-color-5)","background-image":"","background-repeat":"repeat","background-position":"center center","background-size":"auto","background-attachment":"scroll","background-type":"","background-media":"","overlay-type":"","overlay-color":"","overlay-opacity":"","overlay-gradient":""}}},"product_brand":[],"product_cat":[143,145],"product_tag":[],"class_list":{"0":"post-8855","1":"product","2":"type-product","3":"status-publish","4":"has-post-thumbnail","6":"product_cat-jatekok","7":"product_cat-matematika-hu","8":"desktop-align-center","9":"tablet-align-left","10":"mobile-align-center","11":"ast-product-gallery-layout-first-image-large","12":"ast-product-gallery-with-no-image","13":"ast-product-tabs-layout-horizontal","15":"first","16":"instock","17":"sale","18":"downloadable","19":"virtual","20":"sold-individually","21":"purchasable","22":"product-type-simple"},"acf":[],"_links":{"self":[{"href":"https:\/\/kastenkidz.com\/hu\/wp-json\/wp\/v2\/product\/8855","targetHints":{"allow":["GET"]}}],"collection":[{"href":"https:\/\/kastenkidz.com\/hu\/wp-json\/wp\/v2\/product"}],"about":[{"href":"https:\/\/kastenkidz.com\/hu\/wp-json\/wp\/v2\/types\/product"}],"replies":[{"embeddable":true,"href":"https:\/\/kastenkidz.com\/hu\/wp-json\/wp\/v2\/comments?post=8855"}],"wp:featuredmedia":[{"embeddable":true,"href":"https:\/\/kastenkidz.com\/hu\/wp-json\/wp\/v2\/media\/8857"}],"wp:attachment":[{"href":"https:\/\/kastenkidz.com\/hu\/wp-json\/wp\/v2\/media?parent=8855"}],"wp:term":[{"taxonomy":"product_brand","embeddable":true,"href":"https:\/\/kastenkidz.com\/hu\/wp-json\/wp\/v2\/product_brand?post=8855"},{"taxonomy":"product_cat","embeddable":true,"href":"https:\/\/kastenkidz.com\/hu\/wp-json\/wp\/v2\/product_cat?post=8855"},{"taxonomy":"product_tag","embeddable":true,"href":"https:\/\/kastenkidz.com\/hu\/wp-json\/wp\/v2\/product_tag?post=8855"}],"curies":[{"name":"wp","href":"https:\/\/api.w.org\/{rel}","templated":true}]}}