{"id":8833,"date":"2025-02-06T16:45:39","date_gmt":"2025-02-06T16:45:39","guid":{"rendered":"https:\/\/kastenkidz.com\/product\/igen-nem-allatos-jatek\/"},"modified":"2025-07-20T19:12:45","modified_gmt":"2025-07-20T19:12:45","slug":"igen-nem-allatos-jatek","status":"publish","type":"product","link":"https:\/\/kastenkidz.com\/hu\/term\u00e9k\/igen-nem-allatos-jatek\/","title":{"rendered":"\u201eIgen\u2013nem\u201d \u00e1llatos j\u00e1t\u00e9k"},"content":{"rendered":"<p>Eml\u00e9kszel az \u201eIgen\u201d \u00e9s \u201eNem\u201d j\u00e1t\u00e9kra? Most elk\u00e9sz\u00edtett\u00fck ennek egy \u00e1llatos v\u00e1ltozat\u00e1t, amely az eg\u00e9sz csal\u00e1dot bevonja, \u00e9s seg\u00edti a legkisebbeket abban, hogy megk\u00fcl\u00f6nb\u00f6ztess\u00e9k a h\u00e1zi\u00e1llatokat a vad\u00e1llatokt\u00f3l.<\/p>\n<p>A j\u00e1t\u00e9khoz k\u00e9t p\u00e9ld\u00e1nyban kell kinyomtatni a k\u00e1rty\u00e1kat.<br \/>\nJ\u00e1t\u00e9kszab\u00e1lyok: Az egyik k\u00e1rtyak\u00e9szletet k\u00e9ppel felfel\u00e9 kell az asztalra helyezni \u00fagy, hogy minden j\u00e1t\u00e9kos j\u00f3l l\u00e1ssa az \u00f6sszes \u00e1llatot. A m\u00e1sik k\u00e1rtyak\u00e9szletet k\u00e9ppel lefel\u00e9, egy pakliban kell elhelyezni. Az els\u0151 j\u00e1t\u00e9kos h\u00faz egy lapot a k\u00e9ppel lefel\u00e9 l\u00e9v\u0151 paklib\u00f3l, de nem mutatja meg a t\u00f6bbieknek. A t\u00f6bbi j\u00e1t\u00e9kos a k\u00e9ppel felfel\u00e9 l\u00e9v\u0151 k\u00e1rty\u00e1k alapj\u00e1n pr\u00f3b\u00e1lja kital\u00e1lni, melyik \u00e1llat szerepel a titkos k\u00e1rty\u00e1n. K\u00e9rd\u00e9seket tehetnek fel, egyes\u00e9vel. Az els\u0151 j\u00e1t\u00e9kos kiz\u00e1r\u00f3lag \u201eigen\u201d vagy \u201enem\u201d v\u00e1laszokat adhat. Ha valamelyik j\u00e1t\u00e9kos \u00fagy \u00e9rzi, tudja a megold\u00e1st, kiv\u00e1laszt egy k\u00e1rty\u00e1t az asztalr\u00f3l. Ha a v\u00e1lasztott k\u00e1rtya megfelel a h\u00fazott \u00e1llatnak, megtarthatja azt, a titkos k\u00e1rty\u00e1t pedig kiveszik a j\u00e1t\u00e9kb\u00f3l. Ezut\u00e1n a k\u00f6vetkez\u0151 j\u00e1t\u00e9kos h\u00faz lapot, \u00e9s a j\u00e1t\u00e9k folytat\u00f3dik. Ha a j\u00e1t\u00e9kos tippje helytelen, a k\u00e9ppel felfel\u00e9 l\u00e9v\u0151 k\u00e1rty\u00e1t visszateszi az asztalra. Az nyer, aki a legt\u00f6bb k\u00e1rty\u00e1t gy\u0171jti \u00f6ssze.<\/p>\n<p>Tartalom: 36 \u00e1llatos k\u00e1rtya. <\/p>\n","protected":false},"excerpt":{"rendered":"<p>Eml\u00e9kszel az \u201eIgen\u201d \u00e9s \u201eNem\u201d j\u00e1t\u00e9kra? Most elk\u00e9sz\u00edtett\u00fck ennek egy \u00e1llatos v\u00e1ltozat\u00e1t, amely az eg\u00e9sz csal\u00e1dot bevonja, \u00e9s seg\u00edti a legkisebbeket abban, hogy megk\u00fcl\u00f6nb\u00f6ztess\u00e9k a h\u00e1zi\u00e1llatokat a vad\u00e1llatokt\u00f3l. A j\u00e1t\u00e9khoz k\u00e9t p\u00e9ld\u00e1nyban kell kinyomtatni a k\u00e1rty\u00e1kat. J\u00e1t\u00e9kszab\u00e1lyok: Az egyik k\u00e1rtyak\u00e9szletet k\u00e9ppel felfel\u00e9 kell az asztalra helyezni \u00fagy, hogy minden j\u00e1t\u00e9kos j\u00f3l l\u00e1ssa az \u00f6sszes \u00e1llatot. [&hellip;]<\/p>\n","protected":false},"featured_media":8835,"comment_status":"closed","ping_status":"closed","template":"","meta":{"_acf_changed":false,"site-sidebar-layout":"default","site-content-layout":"","ast-site-content-layout":"default","site-content-style":"default","site-sidebar-style":"default","ast-global-header-display":"","ast-banner-title-visibility":"","ast-main-header-display":"","ast-hfb-above-header-display":"","ast-hfb-below-header-display":"","ast-hfb-mobile-header-display":"","site-post-title":"","ast-breadcrumbs-content":"","ast-featured-img":"","footer-sml-layout":"","ast-disable-related-posts":"","theme-transparent-header-meta":"default","adv-header-id-meta":"","stick-header-meta":"default","header-above-stick-meta":"","header-main-stick-meta":"","header-below-stick-meta":"","astra-migrate-meta-layouts":"default","ast-page-background-enabled":"default","ast-page-background-meta":{"desktop":{"background-color":"","background-image":"","background-repeat":"repeat","background-position":"center center","background-size":"auto","background-attachment":"scroll","background-type":"","background-media":"","overlay-type":"","overlay-color":"","overlay-opacity":"","overlay-gradient":""},"tablet":{"background-color":"","background-image":"","background-repeat":"repeat","background-position":"center center","background-size":"auto","background-attachment":"scroll","background-type":"","background-media":"","overlay-type":"","overlay-color":"","overlay-opacity":"","overlay-gradient":""},"mobile":{"background-color":"","background-image":"","background-repeat":"repeat","background-position":"center center","background-size":"auto","background-attachment":"scroll","background-type":"","background-media":"","overlay-type":"","overlay-color":"","overlay-opacity":"","overlay-gradient":""}},"ast-content-background-meta":{"desktop":{"background-color":"var(--ast-global-color-5)","background-image":"","background-repeat":"repeat","background-position":"center center","background-size":"auto","background-attachment":"scroll","background-type":"","background-media":"","overlay-type":"","overlay-color":"","overlay-opacity":"","overlay-gradient":""},"tablet":{"background-color":"var(--ast-global-color-5)","background-image":"","background-repeat":"repeat","background-position":"center center","background-size":"auto","background-attachment":"scroll","background-type":"","background-media":"","overlay-type":"","overlay-color":"","overlay-opacity":"","overlay-gradient":""},"mobile":{"background-color":"var(--ast-global-color-5)","background-image":"","background-repeat":"repeat","background-position":"center center","background-size":"auto","background-attachment":"scroll","background-type":"","background-media":"","overlay-type":"","overlay-color":"","overlay-opacity":"","overlay-gradient":""}}},"product_brand":[],"product_cat":[143],"product_tag":[],"class_list":{"0":"post-8833","1":"product","2":"type-product","3":"status-publish","4":"has-post-thumbnail","6":"product_cat-jatekok","7":"desktop-align-center","8":"tablet-align-left","9":"mobile-align-center","10":"ast-product-gallery-layout-first-image-large","11":"ast-product-gallery-with-no-image","12":"ast-product-tabs-layout-horizontal","14":"first","15":"instock","16":"sale","17":"downloadable","18":"virtual","19":"sold-individually","20":"purchasable","21":"product-type-simple"},"acf":[],"_links":{"self":[{"href":"https:\/\/kastenkidz.com\/hu\/wp-json\/wp\/v2\/product\/8833","targetHints":{"allow":["GET"]}}],"collection":[{"href":"https:\/\/kastenkidz.com\/hu\/wp-json\/wp\/v2\/product"}],"about":[{"href":"https:\/\/kastenkidz.com\/hu\/wp-json\/wp\/v2\/types\/product"}],"replies":[{"embeddable":true,"href":"https:\/\/kastenkidz.com\/hu\/wp-json\/wp\/v2\/comments?post=8833"}],"wp:featuredmedia":[{"embeddable":true,"href":"https:\/\/kastenkidz.com\/hu\/wp-json\/wp\/v2\/media\/8835"}],"wp:attachment":[{"href":"https:\/\/kastenkidz.com\/hu\/wp-json\/wp\/v2\/media?parent=8833"}],"wp:term":[{"taxonomy":"product_brand","embeddable":true,"href":"https:\/\/kastenkidz.com\/hu\/wp-json\/wp\/v2\/product_brand?post=8833"},{"taxonomy":"product_cat","embeddable":true,"href":"https:\/\/kastenkidz.com\/hu\/wp-json\/wp\/v2\/product_cat?post=8833"},{"taxonomy":"product_tag","embeddable":true,"href":"https:\/\/kastenkidz.com\/hu\/wp-json\/wp\/v2\/product_tag?post=8833"}],"curies":[{"name":"wp","href":"https:\/\/api.w.org\/{rel}","templated":true}]}}