{"id":8819,"date":"2025-02-06T16:45:39","date_gmt":"2025-02-06T16:45:39","guid":{"rendered":"https:\/\/kastenkidz.com\/product\/van-nekem-egy-jatek-zoldsegek-es-bogyosok\/"},"modified":"2025-07-20T19:12:42","modified_gmt":"2025-07-20T19:12:42","slug":"van-nekem-egy-jatek-zoldsegek-es-bogyosok","status":"publish","type":"product","link":"https:\/\/kastenkidz.com\/hu\/term\u00e9k\/van-nekem-egy-jatek-zoldsegek-es-bogyosok\/","title":{"rendered":"\u201eVan nekem egy\u2026\u201d j\u00e1t\u00e9k z\u00f6lds\u00e9gekkel \u00e9s bogy\u00f3s gy\u00fcm\u00f6lcs\u00f6kkel"},"content":{"rendered":"<p>A \u201eVan nekem egy\u2026\u201d z\u00f6lds\u00e9ges\u2013gy\u00fcm\u00f6lcs\u00f6s j\u00e1t\u00e9k egyszerre j\u00e1t\u00e9k \u00e9s fejleszt\u0151eszk\u00f6z, amely seg\u00edt a gyerekeknek felismerni \u00e9s megtanulni a leggyakoribb z\u00f6lds\u00e9geket \u00e9s gy\u00fcm\u00f6lcs\u00f6ket.<br \/>\nJ\u00e1t\u00e9kszab\u00e1lyok: Osszuk ki a k\u00e1rty\u00e1kat a j\u00e1t\u00e9kosok k\u00f6z\u00f6tt. V\u00e1lasszunk ki egy gyereket, aki kezdi a j\u00e1t\u00e9kot. A j\u00e1t\u00e9kos hangosan kimondja: \u201eKinek van\u2026\u201d, \u00e9s megnevezi az als\u00f3 k\u00e9pen l\u00e1that\u00f3 t\u00e1rgyat (pl. uborka). Ezut\u00e1n a t\u00f6bbi j\u00e1t\u00e9kos megn\u00e9zi, szerepel-e n\u00e1luk az uborka. Az a gyermek, akinek a k\u00e1rty\u00e1j\u00e1n uborka van, felki\u00e1lt: \u201eNekem van ubork\u00e1m!\u201d, majd \u0151 k\u00e9rdezi meg a t\u00f6bbieket: \u201eKinek van\u2026\u201d a k\u00f6vetkez\u0151 k\u00e9pen l\u00e1that\u00f3 t\u00e1rgy (pl. anan\u00e1sz). A gyermek leteszi a k\u00e1rty\u00e1j\u00e1t, \u00e9s ha m\u00e1r nincs t\u00f6bb k\u00e1rty\u00e1ja, kiesik a j\u00e1t\u00e9kb\u00f3l. A t\u00f6bbiek keresik az anan\u00e1szt a k\u00e1rty\u00e1ikon, am\u00edg valaki \u00fajra meg nem tal\u00e1lja\u2026 A j\u00e1t\u00e9k addig tart, am\u00edg az \u00f6sszes k\u00e1rty\u00e1t el nem j\u00e1tssz\u00e1k.<\/p>\n<p>Tartalom: 24 Z\u00f6lds\u00e9ges \u00e9s gy\u00fcm\u00f6lcs\u00f6s k\u00e1rtya. <\/p>\n","protected":false},"excerpt":{"rendered":"<p>A \u201eVan nekem egy\u2026\u201d z\u00f6lds\u00e9ges\u2013gy\u00fcm\u00f6lcs\u00f6s j\u00e1t\u00e9k egyszerre j\u00e1t\u00e9k \u00e9s fejleszt\u0151eszk\u00f6z, amely seg\u00edt a gyerekeknek felismerni \u00e9s megtanulni a leggyakoribb z\u00f6lds\u00e9geket \u00e9s gy\u00fcm\u00f6lcs\u00f6ket. J\u00e1t\u00e9kszab\u00e1lyok: Osszuk ki a k\u00e1rty\u00e1kat a j\u00e1t\u00e9kosok k\u00f6z\u00f6tt. V\u00e1lasszunk ki egy gyereket, aki kezdi a j\u00e1t\u00e9kot. A j\u00e1t\u00e9kos hangosan kimondja: \u201eKinek van\u2026\u201d, \u00e9s megnevezi az als\u00f3 k\u00e9pen l\u00e1that\u00f3 t\u00e1rgyat (pl. uborka). Ezut\u00e1n a [&hellip;]<\/p>\n","protected":false},"featured_media":8821,"comment_status":"closed","ping_status":"closed","template":"","meta":{"_acf_changed":false,"site-sidebar-layout":"default","site-content-layout":"","ast-site-content-layout":"default","site-content-style":"default","site-sidebar-style":"default","ast-global-header-display":"","ast-banner-title-visibility":"","ast-main-header-display":"","ast-hfb-above-header-display":"","ast-hfb-below-header-display":"","ast-hfb-mobile-header-display":"","site-post-title":"","ast-breadcrumbs-content":"","ast-featured-img":"","footer-sml-layout":"","ast-disable-related-posts":"","theme-transparent-header-meta":"default","adv-header-id-meta":"","stick-header-meta":"default","header-above-stick-meta":"","header-main-stick-meta":"","header-below-stick-meta":"","astra-migrate-meta-layouts":"default","ast-page-background-enabled":"default","ast-page-background-meta":{"desktop":{"background-color":"","background-image":"","background-repeat":"repeat","background-position":"center center","background-size":"auto","background-attachment":"scroll","background-type":"","background-media":"","overlay-type":"","overlay-color":"","overlay-opacity":"","overlay-gradient":""},"tablet":{"background-color":"","background-image":"","background-repeat":"repeat","background-position":"center center","background-size":"auto","background-attachment":"scroll","background-type":"","background-media":"","overlay-type":"","overlay-color":"","overlay-opacity":"","overlay-gradient":""},"mobile":{"background-color":"","background-image":"","background-repeat":"repeat","background-position":"center center","background-size":"auto","background-attachment":"scroll","background-type":"","background-media":"","overlay-type":"","overlay-color":"","overlay-opacity":"","overlay-gradient":""}},"ast-content-background-meta":{"desktop":{"background-color":"var(--ast-global-color-5)","background-image":"","background-repeat":"repeat","background-position":"center center","background-size":"auto","background-attachment":"scroll","background-type":"","background-media":"","overlay-type":"","overlay-color":"","overlay-opacity":"","overlay-gradient":""},"tablet":{"background-color":"var(--ast-global-color-5)","background-image":"","background-repeat":"repeat","background-position":"center center","background-size":"auto","background-attachment":"scroll","background-type":"","background-media":"","overlay-type":"","overlay-color":"","overlay-opacity":"","overlay-gradient":""},"mobile":{"background-color":"var(--ast-global-color-5)","background-image":"","background-repeat":"repeat","background-position":"center center","background-size":"auto","background-attachment":"scroll","background-type":"","background-media":"","overlay-type":"","overlay-color":"","overlay-opacity":"","overlay-gradient":""}}},"product_brand":[],"product_cat":[143],"product_tag":[],"class_list":{"0":"post-8819","1":"product","2":"type-product","3":"status-publish","4":"has-post-thumbnail","6":"product_cat-jatekok","7":"desktop-align-center","8":"tablet-align-left","9":"mobile-align-center","10":"ast-product-gallery-layout-first-image-large","11":"ast-product-tabs-layout-horizontal","13":"first","14":"instock","15":"sale","16":"downloadable","17":"virtual","18":"sold-individually","19":"purchasable","20":"product-type-simple"},"acf":[],"_links":{"self":[{"href":"https:\/\/kastenkidz.com\/hu\/wp-json\/wp\/v2\/product\/8819","targetHints":{"allow":["GET"]}}],"collection":[{"href":"https:\/\/kastenkidz.com\/hu\/wp-json\/wp\/v2\/product"}],"about":[{"href":"https:\/\/kastenkidz.com\/hu\/wp-json\/wp\/v2\/types\/product"}],"replies":[{"embeddable":true,"href":"https:\/\/kastenkidz.com\/hu\/wp-json\/wp\/v2\/comments?post=8819"}],"wp:featuredmedia":[{"embeddable":true,"href":"https:\/\/kastenkidz.com\/hu\/wp-json\/wp\/v2\/media\/8821"}],"wp:attachment":[{"href":"https:\/\/kastenkidz.com\/hu\/wp-json\/wp\/v2\/media?parent=8819"}],"wp:term":[{"taxonomy":"product_brand","embeddable":true,"href":"https:\/\/kastenkidz.com\/hu\/wp-json\/wp\/v2\/product_brand?post=8819"},{"taxonomy":"product_cat","embeddable":true,"href":"https:\/\/kastenkidz.com\/hu\/wp-json\/wp\/v2\/product_cat?post=8819"},{"taxonomy":"product_tag","embeddable":true,"href":"https:\/\/kastenkidz.com\/hu\/wp-json\/wp\/v2\/product_tag?post=8819"}],"curies":[{"name":"wp","href":"https:\/\/api.w.org\/{rel}","templated":true}]}}