{"id":8805,"date":"2025-02-06T16:45:39","date_gmt":"2025-02-06T16:45:39","guid":{"rendered":"https:\/\/kastenkidz.com\/product\/erzelmek-felkismerese\/"},"modified":"2025-07-20T19:12:40","modified_gmt":"2025-07-20T19:12:40","slug":"erzelmek-felkismerese","status":"publish","type":"product","link":"https:\/\/kastenkidz.com\/hu\/term\u00e9k\/erzelmek-felkismerese\/","title":{"rendered":"\u00c9rzelmek felismer\u00e9se"},"content":{"rendered":"<p>Az \u00e9rzelemfelismer\u0151 j\u00e1t\u00e9k seg\u00edt a gyerekeknek jobban meg\u00e9rteni saj\u00e1t \u00e9s m\u00e1sok \u00e9rzelmeit.<br \/>\nLehets\u00e9ges j\u00e1t\u00e9kok:<br \/>\n1. Tal\u00e1ld ki az \u00e9rzelmet. H\u00fazz ki egy \u00e9rzelmet \u00e1br\u00e1zol\u00f3 k\u00e1rty\u00e1t, figyelmesen n\u00e9zd meg,<br \/>\n\u00e9s ha r\u00e1j\u00f6ssz, melyik \u00e9rzelem l\u00e1that\u00f3 rajta, mes\u00e9ld el, mikor \u00e9rezt\u00e9l hasonl\u00f3k\u00e9ppen.<br \/>\n2. J\u00e1tssz el egy \u00e9rzelmet szavak n\u00e9lk\u00fcl. Miut\u00e1n kih\u00fazt\u00e1l egy \u00e9rzelemk\u00e1rty\u00e1t, csendben olvasd el a rajta szerepl\u0151 \u00e9rzelem nev\u00e9t, pr\u00f3b\u00e1ld meg elj\u00e1tszani, \u00e9s a t\u00f6bbiek tal\u00e1lj\u00e1k ki, melyik \u00e9rzelemr\u0151l van sz\u00f3.<br \/>\nP\u00e1ros \u00e9s csoportos j\u00e1t\u00e9kra egyar\u00e1nt alkalmas.<\/p>\n<p>Tartalom: 24 db \u00e9rzelemk\u00e1rtya <\/p>\n","protected":false},"excerpt":{"rendered":"<p>Az \u00e9rzelemfelismer\u0151 j\u00e1t\u00e9k seg\u00edt a gyerekeknek jobban meg\u00e9rteni saj\u00e1t \u00e9s m\u00e1sok \u00e9rzelmeit. Lehets\u00e9ges j\u00e1t\u00e9kok: 1. Tal\u00e1ld ki az \u00e9rzelmet. H\u00fazz ki egy \u00e9rzelmet \u00e1br\u00e1zol\u00f3 k\u00e1rty\u00e1t, figyelmesen n\u00e9zd meg, \u00e9s ha r\u00e1j\u00f6ssz, melyik \u00e9rzelem l\u00e1that\u00f3 rajta, mes\u00e9ld el, mikor \u00e9rezt\u00e9l hasonl\u00f3k\u00e9ppen. 2. J\u00e1tssz el egy \u00e9rzelmet szavak n\u00e9lk\u00fcl. Miut\u00e1n kih\u00fazt\u00e1l egy \u00e9rzelemk\u00e1rty\u00e1t, csendben olvasd el a [&hellip;]<\/p>\n","protected":false},"featured_media":8807,"comment_status":"closed","ping_status":"closed","template":"","meta":{"_acf_changed":false,"site-sidebar-layout":"default","site-content-layout":"","ast-site-content-layout":"default","site-content-style":"default","site-sidebar-style":"default","ast-global-header-display":"","ast-banner-title-visibility":"","ast-main-header-display":"","ast-hfb-above-header-display":"","ast-hfb-below-header-display":"","ast-hfb-mobile-header-display":"","site-post-title":"","ast-breadcrumbs-content":"","ast-featured-img":"","footer-sml-layout":"","ast-disable-related-posts":"","theme-transparent-header-meta":"default","adv-header-id-meta":"","stick-header-meta":"default","header-above-stick-meta":"","header-main-stick-meta":"","header-below-stick-meta":"","astra-migrate-meta-layouts":"default","ast-page-background-enabled":"default","ast-page-background-meta":{"desktop":{"background-color":"","background-image":"","background-repeat":"repeat","background-position":"center center","background-size":"auto","background-attachment":"scroll","background-type":"","background-media":"","overlay-type":"","overlay-color":"","overlay-opacity":"","overlay-gradient":""},"tablet":{"background-color":"","background-image":"","background-repeat":"repeat","background-position":"center center","background-size":"auto","background-attachment":"scroll","background-type":"","background-media":"","overlay-type":"","overlay-color":"","overlay-opacity":"","overlay-gradient":""},"mobile":{"background-color":"","background-image":"","background-repeat":"repeat","background-position":"center center","background-size":"auto","background-attachment":"scroll","background-type":"","background-media":"","overlay-type":"","overlay-color":"","overlay-opacity":"","overlay-gradient":""}},"ast-content-background-meta":{"desktop":{"background-color":"var(--ast-global-color-5)","background-image":"","background-repeat":"repeat","background-position":"center center","background-size":"auto","background-attachment":"scroll","background-type":"","background-media":"","overlay-type":"","overlay-color":"","overlay-opacity":"","overlay-gradient":""},"tablet":{"background-color":"var(--ast-global-color-5)","background-image":"","background-repeat":"repeat","background-position":"center center","background-size":"auto","background-attachment":"scroll","background-type":"","background-media":"","overlay-type":"","overlay-color":"","overlay-opacity":"","overlay-gradient":""},"mobile":{"background-color":"var(--ast-global-color-5)","background-image":"","background-repeat":"repeat","background-position":"center center","background-size":"auto","background-attachment":"scroll","background-type":"","background-media":"","overlay-type":"","overlay-color":"","overlay-opacity":"","overlay-gradient":""}}},"product_brand":[],"product_cat":[147],"product_tag":[],"class_list":{"0":"post-8805","1":"product","2":"type-product","3":"status-publish","4":"has-post-thumbnail","6":"product_cat-kirakok-es-kartyak","7":"desktop-align-center","8":"tablet-align-left","9":"mobile-align-center","10":"ast-product-gallery-layout-first-image-large","11":"ast-product-tabs-layout-horizontal","13":"first","14":"instock","15":"sale","16":"downloadable","17":"virtual","18":"sold-individually","19":"purchasable","20":"product-type-simple"},"acf":[],"_links":{"self":[{"href":"https:\/\/kastenkidz.com\/hu\/wp-json\/wp\/v2\/product\/8805","targetHints":{"allow":["GET"]}}],"collection":[{"href":"https:\/\/kastenkidz.com\/hu\/wp-json\/wp\/v2\/product"}],"about":[{"href":"https:\/\/kastenkidz.com\/hu\/wp-json\/wp\/v2\/types\/product"}],"replies":[{"embeddable":true,"href":"https:\/\/kastenkidz.com\/hu\/wp-json\/wp\/v2\/comments?post=8805"}],"wp:featuredmedia":[{"embeddable":true,"href":"https:\/\/kastenkidz.com\/hu\/wp-json\/wp\/v2\/media\/8807"}],"wp:attachment":[{"href":"https:\/\/kastenkidz.com\/hu\/wp-json\/wp\/v2\/media?parent=8805"}],"wp:term":[{"taxonomy":"product_brand","embeddable":true,"href":"https:\/\/kastenkidz.com\/hu\/wp-json\/wp\/v2\/product_brand?post=8805"},{"taxonomy":"product_cat","embeddable":true,"href":"https:\/\/kastenkidz.com\/hu\/wp-json\/wp\/v2\/product_cat?post=8805"},{"taxonomy":"product_tag","embeddable":true,"href":"https:\/\/kastenkidz.com\/hu\/wp-json\/wp\/v2\/product_tag?post=8805"}],"curies":[{"name":"wp","href":"https:\/\/api.w.org\/{rel}","templated":true}]}}