{"id":8783,"date":"2025-02-06T16:45:39","date_gmt":"2025-02-06T16:45:39","guid":{"rendered":"https:\/\/kastenkidz.com\/product\/forma-es-szinfelismero-jatek\/"},"modified":"2025-07-20T19:12:38","modified_gmt":"2025-07-20T19:12:38","slug":"forma-es-szinfelismero-jatek","status":"publish","type":"product","link":"https:\/\/kastenkidz.com\/hu\/term\u00e9k\/forma-es-szinfelismero-jatek\/","title":{"rendered":"Forma- \u00e9s sz\u00ednfelismer\u0151 j\u00e1t\u00e9k"},"content":{"rendered":"<p>Egy vid\u00e1m \u00e9s motiv\u00e1l\u00f3 t\u00e1rsasj\u00e1t\u00e9k a legkisebbeknek!   Ez az izgalmas j\u00e1t\u00e9k seg\u00edt a gyerekeknek elsaj\u00e1t\u00edtani \u00e9s gyakorolni a sz\u00edneket, geometriai form\u00e1kat \u00e9s szimb\u00f3lumokat.<br \/>\nA gyerekek im\u00e1dni fogj\u00e1k megetetni a c\u00e1p\u00e1t azzal, hogy a megfelel\u0151 halakat p\u00e1ros\u00edtj\u00e1k a k\u00e1rty\u00e1kon szerepl\u0151 form\u00e1kkal \u00e9s sz\u00ednekkel. J\u00e1t\u00e9kos \u00e9s \u00e9lvezetes m\u00f3dja a fontos k\u00e9szs\u00e9gek fejleszt\u00e9s\u00e9nek.<br \/>\nJ\u00f3 sz\u00f3rakoz\u00e1st a hal\u00e1szathoz! <\/p>\n","protected":false},"excerpt":{"rendered":"<p>Egy vid\u00e1m \u00e9s motiv\u00e1l\u00f3 t\u00e1rsasj\u00e1t\u00e9k a legkisebbeknek! Ez az izgalmas j\u00e1t\u00e9k seg\u00edt a gyerekeknek elsaj\u00e1t\u00edtani \u00e9s gyakorolni a sz\u00edneket, geometriai form\u00e1kat \u00e9s szimb\u00f3lumokat. A gyerekek im\u00e1dni fogj\u00e1k megetetni a c\u00e1p\u00e1t azzal, hogy a megfelel\u0151 halakat p\u00e1ros\u00edtj\u00e1k a k\u00e1rty\u00e1kon szerepl\u0151 form\u00e1kkal \u00e9s sz\u00ednekkel. J\u00e1t\u00e9kos \u00e9s \u00e9lvezetes m\u00f3dja a fontos k\u00e9szs\u00e9gek fejleszt\u00e9s\u00e9nek. J\u00f3 sz\u00f3rakoz\u00e1st a hal\u00e1szathoz!<\/p>\n","protected":false},"featured_media":8785,"comment_status":"closed","ping_status":"closed","template":"","meta":{"_acf_changed":false,"site-sidebar-layout":"default","site-content-layout":"","ast-site-content-layout":"default","site-content-style":"default","site-sidebar-style":"default","ast-global-header-display":"","ast-banner-title-visibility":"","ast-main-header-display":"","ast-hfb-above-header-display":"","ast-hfb-below-header-display":"","ast-hfb-mobile-header-display":"","site-post-title":"","ast-breadcrumbs-content":"","ast-featured-img":"","footer-sml-layout":"","ast-disable-related-posts":"","theme-transparent-header-meta":"default","adv-header-id-meta":"","stick-header-meta":"default","header-above-stick-meta":"","header-main-stick-meta":"","header-below-stick-meta":"","astra-migrate-meta-layouts":"default","ast-page-background-enabled":"default","ast-page-background-meta":{"desktop":{"background-color":"","background-image":"","background-repeat":"repeat","background-position":"center center","background-size":"auto","background-attachment":"scroll","background-type":"","background-media":"","overlay-type":"","overlay-color":"","overlay-opacity":"","overlay-gradient":""},"tablet":{"background-color":"","background-image":"","background-repeat":"repeat","background-position":"center center","background-size":"auto","background-attachment":"scroll","background-type":"","background-media":"","overlay-type":"","overlay-color":"","overlay-opacity":"","overlay-gradient":""},"mobile":{"background-color":"","background-image":"","background-repeat":"repeat","background-position":"center center","background-size":"auto","background-attachment":"scroll","background-type":"","background-media":"","overlay-type":"","overlay-color":"","overlay-opacity":"","overlay-gradient":""}},"ast-content-background-meta":{"desktop":{"background-color":"var(--ast-global-color-5)","background-image":"","background-repeat":"repeat","background-position":"center center","background-size":"auto","background-attachment":"scroll","background-type":"","background-media":"","overlay-type":"","overlay-color":"","overlay-opacity":"","overlay-gradient":""},"tablet":{"background-color":"var(--ast-global-color-5)","background-image":"","background-repeat":"repeat","background-position":"center center","background-size":"auto","background-attachment":"scroll","background-type":"","background-media":"","overlay-type":"","overlay-color":"","overlay-opacity":"","overlay-gradient":""},"mobile":{"background-color":"var(--ast-global-color-5)","background-image":"","background-repeat":"repeat","background-position":"center center","background-size":"auto","background-attachment":"scroll","background-type":"","background-media":"","overlay-type":"","overlay-color":"","overlay-opacity":"","overlay-gradient":""}}},"product_brand":[],"product_cat":[143],"product_tag":[],"class_list":{"0":"post-8783","1":"product","2":"type-product","3":"status-publish","4":"has-post-thumbnail","6":"product_cat-jatekok","7":"desktop-align-center","8":"tablet-align-left","9":"mobile-align-center","10":"ast-product-gallery-layout-first-image-large","11":"ast-product-gallery-with-no-image","12":"ast-product-tabs-layout-horizontal","14":"first","15":"instock","16":"sale","17":"downloadable","18":"virtual","19":"sold-individually","20":"purchasable","21":"product-type-simple"},"acf":[],"_links":{"self":[{"href":"https:\/\/kastenkidz.com\/hu\/wp-json\/wp\/v2\/product\/8783","targetHints":{"allow":["GET"]}}],"collection":[{"href":"https:\/\/kastenkidz.com\/hu\/wp-json\/wp\/v2\/product"}],"about":[{"href":"https:\/\/kastenkidz.com\/hu\/wp-json\/wp\/v2\/types\/product"}],"replies":[{"embeddable":true,"href":"https:\/\/kastenkidz.com\/hu\/wp-json\/wp\/v2\/comments?post=8783"}],"wp:featuredmedia":[{"embeddable":true,"href":"https:\/\/kastenkidz.com\/hu\/wp-json\/wp\/v2\/media\/8785"}],"wp:attachment":[{"href":"https:\/\/kastenkidz.com\/hu\/wp-json\/wp\/v2\/media?parent=8783"}],"wp:term":[{"taxonomy":"product_brand","embeddable":true,"href":"https:\/\/kastenkidz.com\/hu\/wp-json\/wp\/v2\/product_brand?post=8783"},{"taxonomy":"product_cat","embeddable":true,"href":"https:\/\/kastenkidz.com\/hu\/wp-json\/wp\/v2\/product_cat?post=8783"},{"taxonomy":"product_tag","embeddable":true,"href":"https:\/\/kastenkidz.com\/hu\/wp-json\/wp\/v2\/product_tag?post=8783"}],"curies":[{"name":"wp","href":"https:\/\/api.w.org\/{rel}","templated":true}]}}