{"id":8769,"date":"2025-02-06T16:45:39","date_gmt":"2025-02-06T16:45:39","guid":{"rendered":"https:\/\/kastenkidz.com\/product\/oktatoeszkoz-kozos-vagy-magan\/"},"modified":"2025-07-20T19:12:36","modified_gmt":"2025-07-20T19:12:36","slug":"oktatoeszkoz-kozos-vagy-magan","status":"publish","type":"product","link":"https:\/\/kastenkidz.com\/hu\/term\u00e9k\/oktatoeszkoz-kozos-vagy-magan\/","title":{"rendered":"Oktat\u00f3eszk\u00f6z: \u201eK\u00f6z\u00f6s vagy mag\u00e1n\u201d"},"content":{"rendered":"<p>Ez az oktat\u00f3eszk\u00f6z seg\u00edt a gyermeknek megtanulni megk\u00fcl\u00f6nb\u00f6ztetni a k\u00f6z\u00f6s (nyilv\u00e1nos) \u00e9s mag\u00e1njelleg\u0171 t\u00e1rgyakat \u00e9s helyeket, a csal\u00e1dtagokat \u00e9s az ismer\u0151s\u00f6ket, valamint a k\u00f6z\u00f6ss\u00e9g\u00e9rt dolgoz\u00f3 embereket azokt\u00f3l, akik csak saj\u00e1t \u00e9rdekb\u0151l cselekszenek.<br \/>\nA k\u00f6nnyebb elsaj\u00e1t\u00edt\u00e1s \u00e9rdek\u00e9ben a gyermek nyilakkal \u00f6sszek\u00f6theti a k\u00e9peket a helyes v\u00e1laszokkal.<br \/>\nBesz\u00e9lgessetek a \u201eK\u00d6Z\u00d6S \u00c9S MAG\u00c1N\u201d fogalm\u00e1r\u00f3l (megosztott \u00e9s szem\u00e9lyes t\u00e1rgyak, helysz\u00ednek), valamint a k\u00fcl\u00f6nb\u00f6z\u0151 emberek csoportjair\u00f3l (hogyan viselkedj\u00fcnk vel\u00fck, milyen szab\u00e1lyok vonatkoznak a kommunik\u00e1ci\u00f3ra).<\/p>\n<p>Tartalom: 4 lap. <\/p>\n","protected":false},"excerpt":{"rendered":"<p>Ez az oktat\u00f3eszk\u00f6z seg\u00edt a gyermeknek megtanulni megk\u00fcl\u00f6nb\u00f6ztetni a k\u00f6z\u00f6s (nyilv\u00e1nos) \u00e9s mag\u00e1njelleg\u0171 t\u00e1rgyakat \u00e9s helyeket, a csal\u00e1dtagokat \u00e9s az ismer\u0151s\u00f6ket, valamint a k\u00f6z\u00f6ss\u00e9g\u00e9rt dolgoz\u00f3 embereket azokt\u00f3l, akik csak saj\u00e1t \u00e9rdekb\u0151l cselekszenek. A k\u00f6nnyebb elsaj\u00e1t\u00edt\u00e1s \u00e9rdek\u00e9ben a gyermek nyilakkal \u00f6sszek\u00f6theti a k\u00e9peket a helyes v\u00e1laszokkal. Besz\u00e9lgessetek a \u201eK\u00d6Z\u00d6S \u00c9S MAG\u00c1N\u201d fogalm\u00e1r\u00f3l (megosztott \u00e9s szem\u00e9lyes t\u00e1rgyak, [&hellip;]<\/p>\n","protected":false},"featured_media":8771,"comment_status":"closed","ping_status":"closed","template":"","meta":{"_acf_changed":false,"site-sidebar-layout":"default","site-content-layout":"","ast-site-content-layout":"default","site-content-style":"default","site-sidebar-style":"default","ast-global-header-display":"","ast-banner-title-visibility":"","ast-main-header-display":"","ast-hfb-above-header-display":"","ast-hfb-below-header-display":"","ast-hfb-mobile-header-display":"","site-post-title":"","ast-breadcrumbs-content":"","ast-featured-img":"","footer-sml-layout":"","ast-disable-related-posts":"","theme-transparent-header-meta":"default","adv-header-id-meta":"","stick-header-meta":"default","header-above-stick-meta":"","header-main-stick-meta":"","header-below-stick-meta":"","astra-migrate-meta-layouts":"default","ast-page-background-enabled":"default","ast-page-background-meta":{"desktop":{"background-color":"","background-image":"","background-repeat":"repeat","background-position":"center center","background-size":"auto","background-attachment":"scroll","background-type":"","background-media":"","overlay-type":"","overlay-color":"","overlay-opacity":"","overlay-gradient":""},"tablet":{"background-color":"","background-image":"","background-repeat":"repeat","background-position":"center center","background-size":"auto","background-attachment":"scroll","background-type":"","background-media":"","overlay-type":"","overlay-color":"","overlay-opacity":"","overlay-gradient":""},"mobile":{"background-color":"","background-image":"","background-repeat":"repeat","background-position":"center center","background-size":"auto","background-attachment":"scroll","background-type":"","background-media":"","overlay-type":"","overlay-color":"","overlay-opacity":"","overlay-gradient":""}},"ast-content-background-meta":{"desktop":{"background-color":"var(--ast-global-color-5)","background-image":"","background-repeat":"repeat","background-position":"center center","background-size":"auto","background-attachment":"scroll","background-type":"","background-media":"","overlay-type":"","overlay-color":"","overlay-opacity":"","overlay-gradient":""},"tablet":{"background-color":"var(--ast-global-color-5)","background-image":"","background-repeat":"repeat","background-position":"center center","background-size":"auto","background-attachment":"scroll","background-type":"","background-media":"","overlay-type":"","overlay-color":"","overlay-opacity":"","overlay-gradient":""},"mobile":{"background-color":"var(--ast-global-color-5)","background-image":"","background-repeat":"repeat","background-position":"center center","background-size":"auto","background-attachment":"scroll","background-type":"","background-media":"","overlay-type":"","overlay-color":"","overlay-opacity":"","overlay-gradient":""}}},"product_brand":[],"product_cat":[148],"product_tag":[],"class_list":{"0":"post-8769","1":"product","2":"type-product","3":"status-publish","4":"has-post-thumbnail","6":"product_cat-szortirozas","7":"desktop-align-center","8":"tablet-align-left","9":"mobile-align-center","10":"ast-product-gallery-layout-first-image-large","11":"ast-product-tabs-layout-horizontal","13":"first","14":"instock","15":"sale","16":"downloadable","17":"virtual","18":"sold-individually","19":"purchasable","20":"product-type-simple"},"acf":[],"_links":{"self":[{"href":"https:\/\/kastenkidz.com\/hu\/wp-json\/wp\/v2\/product\/8769","targetHints":{"allow":["GET"]}}],"collection":[{"href":"https:\/\/kastenkidz.com\/hu\/wp-json\/wp\/v2\/product"}],"about":[{"href":"https:\/\/kastenkidz.com\/hu\/wp-json\/wp\/v2\/types\/product"}],"replies":[{"embeddable":true,"href":"https:\/\/kastenkidz.com\/hu\/wp-json\/wp\/v2\/comments?post=8769"}],"wp:featuredmedia":[{"embeddable":true,"href":"https:\/\/kastenkidz.com\/hu\/wp-json\/wp\/v2\/media\/8771"}],"wp:attachment":[{"href":"https:\/\/kastenkidz.com\/hu\/wp-json\/wp\/v2\/media?parent=8769"}],"wp:term":[{"taxonomy":"product_brand","embeddable":true,"href":"https:\/\/kastenkidz.com\/hu\/wp-json\/wp\/v2\/product_brand?post=8769"},{"taxonomy":"product_cat","embeddable":true,"href":"https:\/\/kastenkidz.com\/hu\/wp-json\/wp\/v2\/product_cat?post=8769"},{"taxonomy":"product_tag","embeddable":true,"href":"https:\/\/kastenkidz.com\/hu\/wp-json\/wp\/v2\/product_tag?post=8769"}],"curies":[{"name":"wp","href":"https:\/\/api.w.org\/{rel}","templated":true}]}}