{"id":8747,"date":"2025-02-06T16:45:39","date_gmt":"2025-02-06T16:45:39","guid":{"rendered":"https:\/\/kastenkidz.com\/product\/mesefiguras-koronak\/"},"modified":"2025-07-26T09:44:27","modified_gmt":"2025-07-26T09:44:27","slug":"mesefiguras-koronak","status":"publish","type":"product","link":"https:\/\/kastenkidz.com\/hu\/term\u00e9k\/mesefiguras-koronak\/","title":{"rendered":"Mesefigur\u00e1s koron\u00e1k"},"content":{"rendered":"<p>Keltsd \u00e9letre a mes\u00e9ket ezekkel a vid\u00e1m \u00e1larc-koron\u00e1kkal! \u2728 Csak nyomtasd ki, v\u00e1gd ki, ragaszd \u00f6ssze \u2013 \u00e9s m\u00e1ris kezd\u0151dhet a j\u00e1t\u00e9k a kedvenc meseh\u0151s\u00f6kkel! A karal\u00e1b\u00e9t\u00f3l a nagypap\u00e1n, Pirosk\u00e1n \u00e9s a h\u00e1rom kismalacon \u00e1t a s\u00e1rk\u00e1nyig, ez a k\u00e9szlet b\u0151s\u00e9ges lehet\u0151s\u00e9get ny\u00fajt a kreativit\u00e1s \u00e9s a k\u00e9pzelet kibontakoztat\u00e1s\u00e1ra. Szerezd be a koron\u00e1kat m\u00e9g ma, \u00e9s kezd\u0151dj\u00f6n a mesemond\u00e1s!<br \/>\n\u2b50\ufe0f Szerepl\u0151k a mes\u00e9kb\u0151l:<br \/>\nTarl\u00f3r\u00e9pa; Nagypapa; Nagymama; Unoka; Kutya; Macska; Eg\u00e9r; H\u00e1rom kismalac; Farkas; Piroska; Anya; Vad\u00e1sz; S\u00e1rk\u00e1ny; Hercegn\u0151; Herceg; T\u00f6rpe; Boszork\u00e1ny; T\u00e9lap\u00f3; Piroska; Medve; R\u00f3ka; Ny\u00fal; S\u00fcn; Ty\u00fak; Kakas; Csibe; Teh\u00e9n; Kecske; Gyerek; Aranyhal; B\u00e9ka.<\/p>\n<p>Tartalom: 34 oldal.<\/p>\n","protected":false},"excerpt":{"rendered":"<p>Keltsd \u00e9letre a mes\u00e9ket ezekkel a vid\u00e1m \u00e1larc-koron\u00e1kkal! \u2728 Csak nyomtasd ki, v\u00e1gd ki, ragaszd \u00f6ssze \u2013 \u00e9s m\u00e1ris kezd\u0151dhet a j\u00e1t\u00e9k a kedvenc meseh\u0151s\u00f6kkel! A karal\u00e1b\u00e9t\u00f3l a nagypap\u00e1n, Pirosk\u00e1n \u00e9s a h\u00e1rom kismalacon \u00e1t a s\u00e1rk\u00e1nyig, ez a k\u00e9szlet b\u0151s\u00e9ges lehet\u0151s\u00e9get ny\u00fajt a kreativit\u00e1s \u00e9s a k\u00e9pzelet kibontakoztat\u00e1s\u00e1ra. Szerezd be a koron\u00e1kat m\u00e9g ma, [&hellip;]<\/p>\n","protected":false},"featured_media":8749,"comment_status":"closed","ping_status":"closed","template":"","meta":{"_acf_changed":false,"site-sidebar-layout":"default","site-content-layout":"","ast-site-content-layout":"default","site-content-style":"default","site-sidebar-style":"default","ast-global-header-display":"","ast-banner-title-visibility":"","ast-main-header-display":"","ast-hfb-above-header-display":"","ast-hfb-below-header-display":"","ast-hfb-mobile-header-display":"","site-post-title":"","ast-breadcrumbs-content":"","ast-featured-img":"","footer-sml-layout":"","ast-disable-related-posts":"","theme-transparent-header-meta":"default","adv-header-id-meta":"","stick-header-meta":"default","header-above-stick-meta":"","header-main-stick-meta":"","header-below-stick-meta":"","astra-migrate-meta-layouts":"set","ast-page-background-enabled":"default","ast-page-background-meta":{"desktop":{"background-color":"","background-image":"","background-repeat":"repeat","background-position":"center center","background-size":"auto","background-attachment":"scroll","background-type":"","background-media":"","overlay-type":"","overlay-color":"","overlay-opacity":"","overlay-gradient":""},"tablet":{"background-color":"","background-image":"","background-repeat":"repeat","background-position":"center center","background-size":"auto","background-attachment":"scroll","background-type":"","background-media":"","overlay-type":"","overlay-color":"","overlay-opacity":"","overlay-gradient":""},"mobile":{"background-color":"","background-image":"","background-repeat":"repeat","background-position":"center center","background-size":"auto","background-attachment":"scroll","background-type":"","background-media":"","overlay-type":"","overlay-color":"","overlay-opacity":"","overlay-gradient":""}},"ast-content-background-meta":{"desktop":{"background-color":"var(--ast-global-color-5)","background-image":"","background-repeat":"repeat","background-position":"center center","background-size":"auto","background-attachment":"scroll","background-type":"","background-media":"","overlay-type":"","overlay-color":"","overlay-opacity":"","overlay-gradient":""},"tablet":{"background-color":"var(--ast-global-color-5)","background-image":"","background-repeat":"repeat","background-position":"center center","background-size":"auto","background-attachment":"scroll","background-type":"","background-media":"","overlay-type":"","overlay-color":"","overlay-opacity":"","overlay-gradient":""},"mobile":{"background-color":"var(--ast-global-color-5)","background-image":"","background-repeat":"repeat","background-position":"center center","background-size":"auto","background-attachment":"scroll","background-type":"","background-media":"","overlay-type":"","overlay-color":"","overlay-opacity":"","overlay-gradient":""}}},"product_brand":[],"product_cat":[143],"product_tag":[],"class_list":{"0":"post-8747","1":"product","2":"type-product","3":"status-publish","4":"has-post-thumbnail","6":"product_cat-jatekok","7":"desktop-align-center","8":"tablet-align-left","9":"mobile-align-center","10":"ast-product-gallery-layout-first-image-large","11":"ast-product-tabs-layout-horizontal","13":"first","14":"instock","15":"sale","16":"downloadable","17":"virtual","18":"sold-individually","19":"purchasable","20":"product-type-simple"},"acf":[],"_links":{"self":[{"href":"https:\/\/kastenkidz.com\/hu\/wp-json\/wp\/v2\/product\/8747","targetHints":{"allow":["GET"]}}],"collection":[{"href":"https:\/\/kastenkidz.com\/hu\/wp-json\/wp\/v2\/product"}],"about":[{"href":"https:\/\/kastenkidz.com\/hu\/wp-json\/wp\/v2\/types\/product"}],"replies":[{"embeddable":true,"href":"https:\/\/kastenkidz.com\/hu\/wp-json\/wp\/v2\/comments?post=8747"}],"wp:featuredmedia":[{"embeddable":true,"href":"https:\/\/kastenkidz.com\/hu\/wp-json\/wp\/v2\/media\/8749"}],"wp:attachment":[{"href":"https:\/\/kastenkidz.com\/hu\/wp-json\/wp\/v2\/media?parent=8747"}],"wp:term":[{"taxonomy":"product_brand","embeddable":true,"href":"https:\/\/kastenkidz.com\/hu\/wp-json\/wp\/v2\/product_brand?post=8747"},{"taxonomy":"product_cat","embeddable":true,"href":"https:\/\/kastenkidz.com\/hu\/wp-json\/wp\/v2\/product_cat?post=8747"},{"taxonomy":"product_tag","embeddable":true,"href":"https:\/\/kastenkidz.com\/hu\/wp-json\/wp\/v2\/product_tag?post=8747"}],"curies":[{"name":"wp","href":"https:\/\/api.w.org\/{rel}","templated":true}]}}