{"id":8733,"date":"2025-02-06T16:45:39","date_gmt":"2025-02-06T16:45:39","guid":{"rendered":"https:\/\/kastenkidz.com\/product\/matematikai-feladatok-ovodasoknak\/"},"modified":"2025-07-26T09:41:58","modified_gmt":"2025-07-26T09:41:58","slug":"matematikai-feladatok-ovodasoknak","status":"publish","type":"product","link":"https:\/\/kastenkidz.com\/hu\/term\u00e9k\/matematikai-feladatok-ovodasoknak\/","title":{"rendered":"Matematikai feladatok \u00f3vod\u00e1soknak"},"content":{"rendered":"<p>Er\u0151s\u00edtsd gyermeked matematikai k\u00e9szs\u00e9geit ezzel a sz\u00f3rakoztat\u00f3 feladatgy\u0171jtem\u00e9nnyel! \u2795\u2796A j\u00e1t\u00e9kos feladatok seg\u00edts\u00e9g\u00e9vel a gyerekek:<br \/>\n\u00d6sszehasonl\u00edtja a t\u00e1rgyak csoportjait<br \/>\nMeg\u00e9rti a sz\u00e1mok fel\u00e9p\u00edt\u00e9s\u00e9t.<br \/>\nMegtanulja az alapfogalmakat: \u201et\u00f6bb\u201d, \u201ekevesebb\u201d, \u201eugyanannyi\u201d<br \/>\nGyakorolja az \u00f6sszead\u00e1st \u00e9s kivon\u00e1st<br \/>\nFelismeri a matematikai jeleket<br \/>\nT\u00f6k\u00e9letes eszk\u00f6z a biztos matematikai alapok elsaj\u00e1t\u00edt\u00e1s\u00e1hoz! Szerezd be a munkaf\u00fczetet m\u00e9g ma!<\/p>\n<p>Tartalom: 20 oldal \u2013 20 feladat.<\/p>\n","protected":false},"excerpt":{"rendered":"<p>Er\u0151s\u00edtsd gyermeked matematikai k\u00e9szs\u00e9geit ezzel a sz\u00f3rakoztat\u00f3 feladatgy\u0171jtem\u00e9nnyel! \u2795\u2796A j\u00e1t\u00e9kos feladatok seg\u00edts\u00e9g\u00e9vel a gyerekek: \u00d6sszehasonl\u00edtja a t\u00e1rgyak csoportjait Meg\u00e9rti a sz\u00e1mok fel\u00e9p\u00edt\u00e9s\u00e9t. Megtanulja az alapfogalmakat: \u201et\u00f6bb\u201d, \u201ekevesebb\u201d, \u201eugyanannyi\u201d Gyakorolja az \u00f6sszead\u00e1st \u00e9s kivon\u00e1st Felismeri a matematikai jeleket T\u00f6k\u00e9letes eszk\u00f6z a biztos matematikai alapok elsaj\u00e1t\u00edt\u00e1s\u00e1hoz! Szerezd be a munkaf\u00fczetet m\u00e9g ma! Tartalom: 20 oldal \u2013 20 [&hellip;]<\/p>\n","protected":false},"featured_media":8735,"comment_status":"closed","ping_status":"closed","template":"","meta":{"_acf_changed":false,"site-sidebar-layout":"default","site-content-layout":"","ast-site-content-layout":"default","site-content-style":"default","site-sidebar-style":"default","ast-global-header-display":"","ast-banner-title-visibility":"","ast-main-header-display":"","ast-hfb-above-header-display":"","ast-hfb-below-header-display":"","ast-hfb-mobile-header-display":"","site-post-title":"","ast-breadcrumbs-content":"","ast-featured-img":"","footer-sml-layout":"","ast-disable-related-posts":"","theme-transparent-header-meta":"default","adv-header-id-meta":"","stick-header-meta":"default","header-above-stick-meta":"","header-main-stick-meta":"","header-below-stick-meta":"","astra-migrate-meta-layouts":"set","ast-page-background-enabled":"default","ast-page-background-meta":{"desktop":{"background-color":"","background-image":"","background-repeat":"repeat","background-position":"center center","background-size":"auto","background-attachment":"scroll","background-type":"","background-media":"","overlay-type":"","overlay-color":"","overlay-opacity":"","overlay-gradient":""},"tablet":{"background-color":"","background-image":"","background-repeat":"repeat","background-position":"center center","background-size":"auto","background-attachment":"scroll","background-type":"","background-media":"","overlay-type":"","overlay-color":"","overlay-opacity":"","overlay-gradient":""},"mobile":{"background-color":"","background-image":"","background-repeat":"repeat","background-position":"center center","background-size":"auto","background-attachment":"scroll","background-type":"","background-media":"","overlay-type":"","overlay-color":"","overlay-opacity":"","overlay-gradient":""}},"ast-content-background-meta":{"desktop":{"background-color":"var(--ast-global-color-5)","background-image":"","background-repeat":"repeat","background-position":"center center","background-size":"auto","background-attachment":"scroll","background-type":"","background-media":"","overlay-type":"","overlay-color":"","overlay-opacity":"","overlay-gradient":""},"tablet":{"background-color":"var(--ast-global-color-5)","background-image":"","background-repeat":"repeat","background-position":"center center","background-size":"auto","background-attachment":"scroll","background-type":"","background-media":"","overlay-type":"","overlay-color":"","overlay-opacity":"","overlay-gradient":""},"mobile":{"background-color":"var(--ast-global-color-5)","background-image":"","background-repeat":"repeat","background-position":"center center","background-size":"auto","background-attachment":"scroll","background-type":"","background-media":"","overlay-type":"","overlay-color":"","overlay-opacity":"","overlay-gradient":""}}},"product_brand":[],"product_cat":[145],"product_tag":[],"class_list":{"0":"post-8733","1":"product","2":"type-product","3":"status-publish","4":"has-post-thumbnail","6":"product_cat-matematika-hu","7":"desktop-align-center","8":"tablet-align-left","9":"mobile-align-center","10":"ast-product-gallery-layout-first-image-large","11":"ast-product-tabs-layout-horizontal","13":"first","14":"instock","15":"sale","16":"downloadable","17":"virtual","18":"sold-individually","19":"purchasable","20":"product-type-simple"},"acf":[],"_links":{"self":[{"href":"https:\/\/kastenkidz.com\/hu\/wp-json\/wp\/v2\/product\/8733","targetHints":{"allow":["GET"]}}],"collection":[{"href":"https:\/\/kastenkidz.com\/hu\/wp-json\/wp\/v2\/product"}],"about":[{"href":"https:\/\/kastenkidz.com\/hu\/wp-json\/wp\/v2\/types\/product"}],"replies":[{"embeddable":true,"href":"https:\/\/kastenkidz.com\/hu\/wp-json\/wp\/v2\/comments?post=8733"}],"wp:featuredmedia":[{"embeddable":true,"href":"https:\/\/kastenkidz.com\/hu\/wp-json\/wp\/v2\/media\/8735"}],"wp:attachment":[{"href":"https:\/\/kastenkidz.com\/hu\/wp-json\/wp\/v2\/media?parent=8733"}],"wp:term":[{"taxonomy":"product_brand","embeddable":true,"href":"https:\/\/kastenkidz.com\/hu\/wp-json\/wp\/v2\/product_brand?post=8733"},{"taxonomy":"product_cat","embeddable":true,"href":"https:\/\/kastenkidz.com\/hu\/wp-json\/wp\/v2\/product_cat?post=8733"},{"taxonomy":"product_tag","embeddable":true,"href":"https:\/\/kastenkidz.com\/hu\/wp-json\/wp\/v2\/product_tag?post=8733"}],"curies":[{"name":"wp","href":"https:\/\/api.w.org\/{rel}","templated":true}]}}