{"id":8719,"date":"2025-02-06T16:45:39","date_gmt":"2025-02-06T16:45:39","guid":{"rendered":"https:\/\/kastenkidz.com\/product\/allatok-otthonai-a-vilagban\/"},"modified":"2025-07-20T19:12:26","modified_gmt":"2025-07-20T19:12:26","slug":"allatok-otthonai-a-vilagban","status":"publish","type":"product","link":"https:\/\/kastenkidz.com\/hu\/term\u00e9k\/allatok-otthonai-a-vilagban\/","title":{"rendered":"\u00c1llatok otthonai a vil\u00e1gban"},"content":{"rendered":"<p>Az \u201e\u00c1llatok otthonai a vil\u00e1gban\u201d c\u00edm\u0171 j\u00e1t\u00e9k sz\u00ednes, sz\u00f3rakoztat\u00f3 bevezet\u00e9st ny\u00fajt az \u00e1llatok \u00e9l\u0151helyeinek vil\u00e1g\u00e1ba. A gyermek megtanulja felismerni, hogy az \u00e1llatok hol \u00e9lnek: h\u00e1zi\u00e1llatok, v\u00edzi \u00e9l\u0151l\u00e9nyek, erdei, tr\u00f3pusi \u2013 dzsungelbeli, sivatagi \u00e9s antarktiszi \u00e1llatok.<br \/>\nV\u00e1gd ki az \u00e1llatokat, \u00e9s keresd meg sz\u00e1mukra a megfelel\u0151 otthont!<\/p>\n<p>Tartalom: 10 lap. <\/p>\n","protected":false},"excerpt":{"rendered":"<p>Az \u201e\u00c1llatok otthonai a vil\u00e1gban\u201d c\u00edm\u0171 j\u00e1t\u00e9k sz\u00ednes, sz\u00f3rakoztat\u00f3 bevezet\u00e9st ny\u00fajt az \u00e1llatok \u00e9l\u0151helyeinek vil\u00e1g\u00e1ba. A gyermek megtanulja felismerni, hogy az \u00e1llatok hol \u00e9lnek: h\u00e1zi\u00e1llatok, v\u00edzi \u00e9l\u0151l\u00e9nyek, erdei, tr\u00f3pusi \u2013 dzsungelbeli, sivatagi \u00e9s antarktiszi \u00e1llatok. V\u00e1gd ki az \u00e1llatokat, \u00e9s keresd meg sz\u00e1mukra a megfelel\u0151 otthont! Tartalom: 10 lap.<\/p>\n","protected":false},"featured_media":8721,"comment_status":"closed","ping_status":"closed","template":"","meta":{"_acf_changed":false,"site-sidebar-layout":"default","site-content-layout":"","ast-site-content-layout":"default","site-content-style":"default","site-sidebar-style":"default","ast-global-header-display":"","ast-banner-title-visibility":"","ast-main-header-display":"","ast-hfb-above-header-display":"","ast-hfb-below-header-display":"","ast-hfb-mobile-header-display":"","site-post-title":"","ast-breadcrumbs-content":"","ast-featured-img":"","footer-sml-layout":"","ast-disable-related-posts":"","theme-transparent-header-meta":"default","adv-header-id-meta":"","stick-header-meta":"default","header-above-stick-meta":"","header-main-stick-meta":"","header-below-stick-meta":"","astra-migrate-meta-layouts":"default","ast-page-background-enabled":"default","ast-page-background-meta":{"desktop":{"background-color":"","background-image":"","background-repeat":"repeat","background-position":"center center","background-size":"auto","background-attachment":"scroll","background-type":"","background-media":"","overlay-type":"","overlay-color":"","overlay-opacity":"","overlay-gradient":""},"tablet":{"background-color":"","background-image":"","background-repeat":"repeat","background-position":"center center","background-size":"auto","background-attachment":"scroll","background-type":"","background-media":"","overlay-type":"","overlay-color":"","overlay-opacity":"","overlay-gradient":""},"mobile":{"background-color":"","background-image":"","background-repeat":"repeat","background-position":"center center","background-size":"auto","background-attachment":"scroll","background-type":"","background-media":"","overlay-type":"","overlay-color":"","overlay-opacity":"","overlay-gradient":""}},"ast-content-background-meta":{"desktop":{"background-color":"var(--ast-global-color-5)","background-image":"","background-repeat":"repeat","background-position":"center center","background-size":"auto","background-attachment":"scroll","background-type":"","background-media":"","overlay-type":"","overlay-color":"","overlay-opacity":"","overlay-gradient":""},"tablet":{"background-color":"var(--ast-global-color-5)","background-image":"","background-repeat":"repeat","background-position":"center center","background-size":"auto","background-attachment":"scroll","background-type":"","background-media":"","overlay-type":"","overlay-color":"","overlay-opacity":"","overlay-gradient":""},"mobile":{"background-color":"var(--ast-global-color-5)","background-image":"","background-repeat":"repeat","background-position":"center center","background-size":"auto","background-attachment":"scroll","background-type":"","background-media":"","overlay-type":"","overlay-color":"","overlay-opacity":"","overlay-gradient":""}}},"product_brand":[],"product_cat":[148],"product_tag":[],"class_list":{"0":"post-8719","1":"product","2":"type-product","3":"status-publish","4":"has-post-thumbnail","6":"product_cat-szortirozas","7":"desktop-align-center","8":"tablet-align-left","9":"mobile-align-center","10":"ast-product-gallery-layout-first-image-large","11":"ast-product-tabs-layout-horizontal","13":"first","14":"instock","15":"sale","16":"downloadable","17":"virtual","18":"sold-individually","19":"purchasable","20":"product-type-simple"},"acf":[],"_links":{"self":[{"href":"https:\/\/kastenkidz.com\/hu\/wp-json\/wp\/v2\/product\/8719","targetHints":{"allow":["GET"]}}],"collection":[{"href":"https:\/\/kastenkidz.com\/hu\/wp-json\/wp\/v2\/product"}],"about":[{"href":"https:\/\/kastenkidz.com\/hu\/wp-json\/wp\/v2\/types\/product"}],"replies":[{"embeddable":true,"href":"https:\/\/kastenkidz.com\/hu\/wp-json\/wp\/v2\/comments?post=8719"}],"wp:featuredmedia":[{"embeddable":true,"href":"https:\/\/kastenkidz.com\/hu\/wp-json\/wp\/v2\/media\/8721"}],"wp:attachment":[{"href":"https:\/\/kastenkidz.com\/hu\/wp-json\/wp\/v2\/media?parent=8719"}],"wp:term":[{"taxonomy":"product_brand","embeddable":true,"href":"https:\/\/kastenkidz.com\/hu\/wp-json\/wp\/v2\/product_brand?post=8719"},{"taxonomy":"product_cat","embeddable":true,"href":"https:\/\/kastenkidz.com\/hu\/wp-json\/wp\/v2\/product_cat?post=8719"},{"taxonomy":"product_tag","embeddable":true,"href":"https:\/\/kastenkidz.com\/hu\/wp-json\/wp\/v2\/product_tag?post=8719"}],"curies":[{"name":"wp","href":"https:\/\/api.w.org\/{rel}","templated":true}]}}