{"id":8705,"date":"2025-02-06T16:45:39","date_gmt":"2025-02-06T16:45:39","guid":{"rendered":"https:\/\/kastenkidz.com\/product\/memoria-es-nyelvi-keszsegeket-fejleszto-jatek\/"},"modified":"2025-07-20T19:12:24","modified_gmt":"2025-07-20T19:12:24","slug":"memoria-es-nyelvi-keszsegeket-fejleszto-jatek","status":"publish","type":"product","link":"https:\/\/kastenkidz.com\/hu\/term\u00e9k\/memoria-es-nyelvi-keszsegeket-fejleszto-jatek\/","title":{"rendered":"Mem\u00f3ria- \u00e9s nyelvi k\u00e9szs\u00e9geket fejleszt\u0151 j\u00e1t\u00e9k"},"content":{"rendered":"<p>J\u00e1tszva tanul\u00e1s Pukasszal, a kiskuty\u00e1val \u2013 egy vid\u00e1m mem\u00f3ria- \u00e9s nyelvfejleszt\u0151 j\u00e1t\u00e9kkal!<br \/>\nA k\u00e9pk\u00e1rty\u00e1k k\u00fcl\u00f6nb\u00f6z\u0151 helyzeteket \u00e1br\u00e1zolnak, ahol Pukas, a csontja \u00e9s a vir\u00e1ga tal\u00e1lhat\u00f3 \u2013 p\u00e9ld\u00e1ul valamin, mellette vagy alatta. A j\u00e1t\u00e9kosok r\u00f6viden megfigyelik a k\u00e1rty\u00e1t, majd megpr\u00f3b\u00e1lj\u00e1k \u00fajraalkotni a jelenetet, \u00e9s hangosan elmondani, mit l\u00e1ttak. Kiv\u00e1l\u00f3an fejleszti a mem\u00f3ri\u00e1t, a nyelvi k\u00e9szs\u00e9geket \u00e9s a r\u00e9szletekre val\u00f3 odafigyel\u00e9st!  <\/p>\n<p>Tartalom:<br \/>\n1 f\u0151 j\u00e1t\u00e9klap,<br \/>\n3 szerepl\u0151 (kutya, vir\u00e1g, csont),<br \/>\n24 k\u00e1rtya. <\/p>\n","protected":false},"excerpt":{"rendered":"<p>J\u00e1tszva tanul\u00e1s Pukasszal, a kiskuty\u00e1val \u2013 egy vid\u00e1m mem\u00f3ria- \u00e9s nyelvfejleszt\u0151 j\u00e1t\u00e9kkal! A k\u00e9pk\u00e1rty\u00e1k k\u00fcl\u00f6nb\u00f6z\u0151 helyzeteket \u00e1br\u00e1zolnak, ahol Pukas, a csontja \u00e9s a vir\u00e1ga tal\u00e1lhat\u00f3 \u2013 p\u00e9ld\u00e1ul valamin, mellette vagy alatta. A j\u00e1t\u00e9kosok r\u00f6viden megfigyelik a k\u00e1rty\u00e1t, majd megpr\u00f3b\u00e1lj\u00e1k \u00fajraalkotni a jelenetet, \u00e9s hangosan elmondani, mit l\u00e1ttak. Kiv\u00e1l\u00f3an fejleszti a mem\u00f3ri\u00e1t, a nyelvi k\u00e9szs\u00e9geket \u00e9s [&hellip;]<\/p>\n","protected":false},"featured_media":8707,"comment_status":"closed","ping_status":"closed","template":"","meta":{"_acf_changed":false,"site-sidebar-layout":"default","site-content-layout":"","ast-site-content-layout":"default","site-content-style":"default","site-sidebar-style":"default","ast-global-header-display":"","ast-banner-title-visibility":"","ast-main-header-display":"","ast-hfb-above-header-display":"","ast-hfb-below-header-display":"","ast-hfb-mobile-header-display":"","site-post-title":"","ast-breadcrumbs-content":"","ast-featured-img":"","footer-sml-layout":"","ast-disable-related-posts":"","theme-transparent-header-meta":"default","adv-header-id-meta":"","stick-header-meta":"default","header-above-stick-meta":"","header-main-stick-meta":"","header-below-stick-meta":"","astra-migrate-meta-layouts":"default","ast-page-background-enabled":"default","ast-page-background-meta":{"desktop":{"background-color":"","background-image":"","background-repeat":"repeat","background-position":"center center","background-size":"auto","background-attachment":"scroll","background-type":"","background-media":"","overlay-type":"","overlay-color":"","overlay-opacity":"","overlay-gradient":""},"tablet":{"background-color":"","background-image":"","background-repeat":"repeat","background-position":"center center","background-size":"auto","background-attachment":"scroll","background-type":"","background-media":"","overlay-type":"","overlay-color":"","overlay-opacity":"","overlay-gradient":""},"mobile":{"background-color":"","background-image":"","background-repeat":"repeat","background-position":"center center","background-size":"auto","background-attachment":"scroll","background-type":"","background-media":"","overlay-type":"","overlay-color":"","overlay-opacity":"","overlay-gradient":""}},"ast-content-background-meta":{"desktop":{"background-color":"var(--ast-global-color-5)","background-image":"","background-repeat":"repeat","background-position":"center center","background-size":"auto","background-attachment":"scroll","background-type":"","background-media":"","overlay-type":"","overlay-color":"","overlay-opacity":"","overlay-gradient":""},"tablet":{"background-color":"var(--ast-global-color-5)","background-image":"","background-repeat":"repeat","background-position":"center center","background-size":"auto","background-attachment":"scroll","background-type":"","background-media":"","overlay-type":"","overlay-color":"","overlay-opacity":"","overlay-gradient":""},"mobile":{"background-color":"var(--ast-global-color-5)","background-image":"","background-repeat":"repeat","background-position":"center center","background-size":"auto","background-attachment":"scroll","background-type":"","background-media":"","overlay-type":"","overlay-color":"","overlay-opacity":"","overlay-gradient":""}}},"product_brand":[],"product_cat":[143,146],"product_tag":[],"class_list":{"0":"post-8705","1":"product","2":"type-product","3":"status-publish","4":"has-post-thumbnail","6":"product_cat-jatekok","7":"product_cat-memoria-es-figyelem","8":"desktop-align-center","9":"tablet-align-left","10":"mobile-align-center","11":"ast-product-gallery-layout-first-image-large","12":"ast-product-tabs-layout-horizontal","14":"first","15":"instock","16":"sale","17":"downloadable","18":"virtual","19":"sold-individually","20":"purchasable","21":"product-type-simple"},"acf":[],"_links":{"self":[{"href":"https:\/\/kastenkidz.com\/hu\/wp-json\/wp\/v2\/product\/8705","targetHints":{"allow":["GET"]}}],"collection":[{"href":"https:\/\/kastenkidz.com\/hu\/wp-json\/wp\/v2\/product"}],"about":[{"href":"https:\/\/kastenkidz.com\/hu\/wp-json\/wp\/v2\/types\/product"}],"replies":[{"embeddable":true,"href":"https:\/\/kastenkidz.com\/hu\/wp-json\/wp\/v2\/comments?post=8705"}],"wp:featuredmedia":[{"embeddable":true,"href":"https:\/\/kastenkidz.com\/hu\/wp-json\/wp\/v2\/media\/8707"}],"wp:attachment":[{"href":"https:\/\/kastenkidz.com\/hu\/wp-json\/wp\/v2\/media?parent=8705"}],"wp:term":[{"taxonomy":"product_brand","embeddable":true,"href":"https:\/\/kastenkidz.com\/hu\/wp-json\/wp\/v2\/product_brand?post=8705"},{"taxonomy":"product_cat","embeddable":true,"href":"https:\/\/kastenkidz.com\/hu\/wp-json\/wp\/v2\/product_cat?post=8705"},{"taxonomy":"product_tag","embeddable":true,"href":"https:\/\/kastenkidz.com\/hu\/wp-json\/wp\/v2\/product_tag?post=8705"}],"curies":[{"name":"wp","href":"https:\/\/api.w.org\/{rel}","templated":true}]}}