{"id":8677,"date":"2025-02-06T16:45:39","date_gmt":"2025-02-06T16:45:39","guid":{"rendered":"https:\/\/kastenkidz.com\/product\/biztonsagos-vagy-veszelyes\/"},"modified":"2025-07-20T19:12:21","modified_gmt":"2025-07-20T19:12:21","slug":"biztonsagos-vagy-veszelyes","status":"publish","type":"product","link":"https:\/\/kastenkidz.com\/hu\/term\u00e9k\/biztonsagos-vagy-veszelyes\/","title":{"rendered":"Biztons\u00e1gos vagy vesz\u00e9lyes?"},"content":{"rendered":"<p>\u274e\u2705 Tan\u00edtsd meg gyermekednek a biztons\u00e1g alapjait a \u201eBiztons\u00e1gos vagy vesz\u00e9lyes?\u201d j\u00e1t\u00e9kkal!  \u26a0\ufe0f Ez az oktat\u00e1si eszk\u00f6z seg\u00edt a gyerekeknek felismerni a vesz\u00e9lyes helyzeteket, \u00e9s megtanulni, hogyan reag\u00e1ljanak helyesen. Fejleszti a biztons\u00e1gtudatoss\u00e1got, az \u00f6n\u00e1ll\u00f3 gondolkod\u00e1st \u00e9s a helyzetfelismer\u00e9st. Kiv\u00e1l\u00f3 alap a biztons\u00e1gos viselked\u00e9sr\u0151l sz\u00f3l\u00f3 besz\u00e9lget\u00e9sekhez. \u274e\u2705<\/p>\n<p>Tartalom: \u201eBiztons\u00e1gos \u00e9s vesz\u00e9lyes\u201d poszterek \u2013 2 lap, Biztons\u00e1gos \u00e9s vesz\u00e9lyes helyzeteket bemutat\u00f3 k\u00e1rty\u00e1k \u2013 2 lap, Biztons\u00e1gos viselked\u00e9si szab\u00e1lyokat \u00f6sszefoglal\u00f3 eml\u00e9keztet\u0151 \u2013 1 lap <\/p>\n","protected":false},"excerpt":{"rendered":"<p>\u274e\u2705 Tan\u00edtsd meg gyermekednek a biztons\u00e1g alapjait a \u201eBiztons\u00e1gos vagy vesz\u00e9lyes?\u201d j\u00e1t\u00e9kkal! \u26a0\ufe0f Ez az oktat\u00e1si eszk\u00f6z seg\u00edt a gyerekeknek felismerni a vesz\u00e9lyes helyzeteket, \u00e9s megtanulni, hogyan reag\u00e1ljanak helyesen. Fejleszti a biztons\u00e1gtudatoss\u00e1got, az \u00f6n\u00e1ll\u00f3 gondolkod\u00e1st \u00e9s a helyzetfelismer\u00e9st. Kiv\u00e1l\u00f3 alap a biztons\u00e1gos viselked\u00e9sr\u0151l sz\u00f3l\u00f3 besz\u00e9lget\u00e9sekhez. \u274e\u2705 Tartalom: \u201eBiztons\u00e1gos \u00e9s vesz\u00e9lyes\u201d poszterek \u2013 2 lap, Biztons\u00e1gos [&hellip;]<\/p>\n","protected":false},"featured_media":8679,"comment_status":"closed","ping_status":"closed","template":"","meta":{"_acf_changed":false,"site-sidebar-layout":"default","site-content-layout":"","ast-site-content-layout":"default","site-content-style":"default","site-sidebar-style":"default","ast-global-header-display":"","ast-banner-title-visibility":"","ast-main-header-display":"","ast-hfb-above-header-display":"","ast-hfb-below-header-display":"","ast-hfb-mobile-header-display":"","site-post-title":"","ast-breadcrumbs-content":"","ast-featured-img":"","footer-sml-layout":"","ast-disable-related-posts":"","theme-transparent-header-meta":"default","adv-header-id-meta":"","stick-header-meta":"default","header-above-stick-meta":"","header-main-stick-meta":"","header-below-stick-meta":"","astra-migrate-meta-layouts":"default","ast-page-background-enabled":"default","ast-page-background-meta":{"desktop":{"background-color":"","background-image":"","background-repeat":"repeat","background-position":"center center","background-size":"auto","background-attachment":"scroll","background-type":"","background-media":"","overlay-type":"","overlay-color":"","overlay-opacity":"","overlay-gradient":""},"tablet":{"background-color":"","background-image":"","background-repeat":"repeat","background-position":"center center","background-size":"auto","background-attachment":"scroll","background-type":"","background-media":"","overlay-type":"","overlay-color":"","overlay-opacity":"","overlay-gradient":""},"mobile":{"background-color":"","background-image":"","background-repeat":"repeat","background-position":"center center","background-size":"auto","background-attachment":"scroll","background-type":"","background-media":"","overlay-type":"","overlay-color":"","overlay-opacity":"","overlay-gradient":""}},"ast-content-background-meta":{"desktop":{"background-color":"var(--ast-global-color-5)","background-image":"","background-repeat":"repeat","background-position":"center center","background-size":"auto","background-attachment":"scroll","background-type":"","background-media":"","overlay-type":"","overlay-color":"","overlay-opacity":"","overlay-gradient":""},"tablet":{"background-color":"var(--ast-global-color-5)","background-image":"","background-repeat":"repeat","background-position":"center center","background-size":"auto","background-attachment":"scroll","background-type":"","background-media":"","overlay-type":"","overlay-color":"","overlay-opacity":"","overlay-gradient":""},"mobile":{"background-color":"var(--ast-global-color-5)","background-image":"","background-repeat":"repeat","background-position":"center center","background-size":"auto","background-attachment":"scroll","background-type":"","background-media":"","overlay-type":"","overlay-color":"","overlay-opacity":"","overlay-gradient":""}}},"product_brand":[],"product_cat":[148],"product_tag":[],"class_list":{"0":"post-8677","1":"product","2":"type-product","3":"status-publish","4":"has-post-thumbnail","6":"product_cat-szortirozas","7":"desktop-align-center","8":"tablet-align-left","9":"mobile-align-center","10":"ast-product-gallery-layout-first-image-large","11":"ast-product-tabs-layout-horizontal","13":"first","14":"instock","15":"sale","16":"downloadable","17":"virtual","18":"sold-individually","19":"purchasable","20":"product-type-simple"},"acf":[],"_links":{"self":[{"href":"https:\/\/kastenkidz.com\/hu\/wp-json\/wp\/v2\/product\/8677","targetHints":{"allow":["GET"]}}],"collection":[{"href":"https:\/\/kastenkidz.com\/hu\/wp-json\/wp\/v2\/product"}],"about":[{"href":"https:\/\/kastenkidz.com\/hu\/wp-json\/wp\/v2\/types\/product"}],"replies":[{"embeddable":true,"href":"https:\/\/kastenkidz.com\/hu\/wp-json\/wp\/v2\/comments?post=8677"}],"wp:featuredmedia":[{"embeddable":true,"href":"https:\/\/kastenkidz.com\/hu\/wp-json\/wp\/v2\/media\/8679"}],"wp:attachment":[{"href":"https:\/\/kastenkidz.com\/hu\/wp-json\/wp\/v2\/media?parent=8677"}],"wp:term":[{"taxonomy":"product_brand","embeddable":true,"href":"https:\/\/kastenkidz.com\/hu\/wp-json\/wp\/v2\/product_brand?post=8677"},{"taxonomy":"product_cat","embeddable":true,"href":"https:\/\/kastenkidz.com\/hu\/wp-json\/wp\/v2\/product_cat?post=8677"},{"taxonomy":"product_tag","embeddable":true,"href":"https:\/\/kastenkidz.com\/hu\/wp-json\/wp\/v2\/product_tag?post=8677"}],"curies":[{"name":"wp","href":"https:\/\/api.w.org\/{rel}","templated":true}]}}