{"id":8641,"date":"2025-02-06T16:45:36","date_gmt":"2025-02-06T16:45:36","guid":{"rendered":"https:\/\/kastenkidz.com\/product\/logikai-gondolkodast-fejleszto-kirako\/"},"modified":"2025-07-20T19:12:14","modified_gmt":"2025-07-20T19:12:14","slug":"logikai-gondolkodast-fejleszto-kirako","status":"publish","type":"product","link":"https:\/\/kastenkidz.com\/hu\/term\u00e9k\/logikai-gondolkodast-fejleszto-kirako\/","title":{"rendered":"Logikai gondolkod\u00e1st fejleszt\u0151 kirak\u00f3"},"content":{"rendered":"<p>Fejleszd gyermeked logikai gondolkod\u00e1s\u00e1t ezzel a sz\u00f3rakoztat\u00f3 kirak\u00f3j\u00e1t\u00e9kkal!  A gyerekek olyan kapcsol\u00f3d\u00f3 elemeket fognak \u00f6sszep\u00e1ros\u00edtani, mint p\u00e9ld\u00e1ul m\u00e9hecske, vir\u00e1g \u00e9s m\u00e9hsejt \u2013 \u00edgy gyakorolj\u00e1k az \u00f6sszef\u00fcgg\u00e9sek felismer\u00e9s\u00e9t \u00e9s a k\u00f6vetkeztet\u00e9sek levon\u00e1s\u00e1t. Remek lehet\u0151s\u00e9g a probl\u00e9mamegold\u00f3 k\u00e9szs\u00e9g fejleszt\u00e9s\u00e9re \u00e9s a k\u00edv\u00e1ncsis\u00e1g \u00f6szt\u00f6nz\u00e9s\u00e9re!   <\/p>\n<p>Tartalom: 20 logikai feladv\u00e1ny, 60 kirak\u00f3k\u00e1rtya. <\/p>\n","protected":false},"excerpt":{"rendered":"<p>Fejleszd gyermeked logikai gondolkod\u00e1s\u00e1t ezzel a sz\u00f3rakoztat\u00f3 kirak\u00f3j\u00e1t\u00e9kkal! A gyerekek olyan kapcsol\u00f3d\u00f3 elemeket fognak \u00f6sszep\u00e1ros\u00edtani, mint p\u00e9ld\u00e1ul m\u00e9hecske, vir\u00e1g \u00e9s m\u00e9hsejt \u2013 \u00edgy gyakorolj\u00e1k az \u00f6sszef\u00fcgg\u00e9sek felismer\u00e9s\u00e9t \u00e9s a k\u00f6vetkeztet\u00e9sek levon\u00e1s\u00e1t. Remek lehet\u0151s\u00e9g a probl\u00e9mamegold\u00f3 k\u00e9szs\u00e9g fejleszt\u00e9s\u00e9re \u00e9s a k\u00edv\u00e1ncsis\u00e1g \u00f6szt\u00f6nz\u00e9s\u00e9re! Tartalom: 20 logikai feladv\u00e1ny, 60 kirak\u00f3k\u00e1rtya.<\/p>\n","protected":false},"featured_media":8643,"comment_status":"closed","ping_status":"closed","template":"","meta":{"_acf_changed":false,"site-sidebar-layout":"default","site-content-layout":"","ast-site-content-layout":"default","site-content-style":"default","site-sidebar-style":"default","ast-global-header-display":"","ast-banner-title-visibility":"","ast-main-header-display":"","ast-hfb-above-header-display":"","ast-hfb-below-header-display":"","ast-hfb-mobile-header-display":"","site-post-title":"","ast-breadcrumbs-content":"","ast-featured-img":"","footer-sml-layout":"","ast-disable-related-posts":"","theme-transparent-header-meta":"default","adv-header-id-meta":"","stick-header-meta":"default","header-above-stick-meta":"","header-main-stick-meta":"","header-below-stick-meta":"","astra-migrate-meta-layouts":"default","ast-page-background-enabled":"default","ast-page-background-meta":{"desktop":{"background-color":"","background-image":"","background-repeat":"repeat","background-position":"center center","background-size":"auto","background-attachment":"scroll","background-type":"","background-media":"","overlay-type":"","overlay-color":"","overlay-opacity":"","overlay-gradient":""},"tablet":{"background-color":"","background-image":"","background-repeat":"repeat","background-position":"center center","background-size":"auto","background-attachment":"scroll","background-type":"","background-media":"","overlay-type":"","overlay-color":"","overlay-opacity":"","overlay-gradient":""},"mobile":{"background-color":"","background-image":"","background-repeat":"repeat","background-position":"center center","background-size":"auto","background-attachment":"scroll","background-type":"","background-media":"","overlay-type":"","overlay-color":"","overlay-opacity":"","overlay-gradient":""}},"ast-content-background-meta":{"desktop":{"background-color":"var(--ast-global-color-5)","background-image":"","background-repeat":"repeat","background-position":"center center","background-size":"auto","background-attachment":"scroll","background-type":"","background-media":"","overlay-type":"","overlay-color":"","overlay-opacity":"","overlay-gradient":""},"tablet":{"background-color":"var(--ast-global-color-5)","background-image":"","background-repeat":"repeat","background-position":"center center","background-size":"auto","background-attachment":"scroll","background-type":"","background-media":"","overlay-type":"","overlay-color":"","overlay-opacity":"","overlay-gradient":""},"mobile":{"background-color":"var(--ast-global-color-5)","background-image":"","background-repeat":"repeat","background-position":"center center","background-size":"auto","background-attachment":"scroll","background-type":"","background-media":"","overlay-type":"","overlay-color":"","overlay-opacity":"","overlay-gradient":""}}},"product_brand":[],"product_cat":[143,146],"product_tag":[],"class_list":{"0":"post-8641","1":"product","2":"type-product","3":"status-publish","4":"has-post-thumbnail","6":"product_cat-jatekok","7":"product_cat-memoria-es-figyelem","8":"desktop-align-center","9":"tablet-align-left","10":"mobile-align-center","11":"ast-product-gallery-layout-first-image-large","12":"ast-product-tabs-layout-horizontal","14":"first","15":"instock","16":"sale","17":"downloadable","18":"virtual","19":"sold-individually","20":"purchasable","21":"product-type-simple"},"acf":[],"_links":{"self":[{"href":"https:\/\/kastenkidz.com\/hu\/wp-json\/wp\/v2\/product\/8641","targetHints":{"allow":["GET"]}}],"collection":[{"href":"https:\/\/kastenkidz.com\/hu\/wp-json\/wp\/v2\/product"}],"about":[{"href":"https:\/\/kastenkidz.com\/hu\/wp-json\/wp\/v2\/types\/product"}],"replies":[{"embeddable":true,"href":"https:\/\/kastenkidz.com\/hu\/wp-json\/wp\/v2\/comments?post=8641"}],"wp:featuredmedia":[{"embeddable":true,"href":"https:\/\/kastenkidz.com\/hu\/wp-json\/wp\/v2\/media\/8643"}],"wp:attachment":[{"href":"https:\/\/kastenkidz.com\/hu\/wp-json\/wp\/v2\/media?parent=8641"}],"wp:term":[{"taxonomy":"product_brand","embeddable":true,"href":"https:\/\/kastenkidz.com\/hu\/wp-json\/wp\/v2\/product_brand?post=8641"},{"taxonomy":"product_cat","embeddable":true,"href":"https:\/\/kastenkidz.com\/hu\/wp-json\/wp\/v2\/product_cat?post=8641"},{"taxonomy":"product_tag","embeddable":true,"href":"https:\/\/kastenkidz.com\/hu\/wp-json\/wp\/v2\/product_tag?post=8641"}],"curies":[{"name":"wp","href":"https:\/\/api.w.org\/{rel}","templated":true}]}}