{"id":8613,"date":"2025-02-06T16:45:36","date_gmt":"2025-02-06T16:45:36","guid":{"rendered":"https:\/\/kastenkidz.com\/product\/oktatoeszkoz-az-evszakok\/"},"modified":"2025-07-26T09:48:36","modified_gmt":"2025-07-26T09:48:36","slug":"oktatoeszkoz-az-evszakok","status":"publish","type":"product","link":"https:\/\/kastenkidz.com\/hu\/term\u00e9k\/oktatoeszkoz-az-evszakok\/","title":{"rendered":"Oktat\u00f3eszk\u00f6z: az \u00e9vszakok"},"content":{"rendered":"<p>Ismertesd meg gyermekeddel az \u00e9vszakok csod\u00e1it ezzel az oktat\u00f3eszk\u00f6zzel! \u2744\ufe0f Az \u201e\u00c9vszakok\u201d k\u00e9szlet 44 k\u00e1rty\u00e1t tartalmaz \u2013 \u00e9vszakonk\u00e9nt 10 k\u00e1rty\u00e1t \u2013, amelyek gy\u00f6ny\u00f6r\u0171 k\u00e9peken mutatj\u00e1k be a term\u00e9szeti jelens\u00e9geket, \u00fcnnepeket \u00e9s sok m\u00e1st. A k\u00e1rty\u00e1k rendez\u00e9se k\u00f6zben a gyermek j\u00e1t\u00e9kosan tanulhatja meg az egyes \u00e9vszakok jellegzetess\u00e9geit. \u2603\ufe0f \u2614\ufe0f<\/p>\n<p>Tartalom: 44 k\u00e1rtya.<\/p>\n","protected":false},"excerpt":{"rendered":"<p>Ismertesd meg gyermekeddel az \u00e9vszakok csod\u00e1it ezzel az oktat\u00f3eszk\u00f6zzel! \u2744\ufe0f Az \u201e\u00c9vszakok\u201d k\u00e9szlet 44 k\u00e1rty\u00e1t tartalmaz \u2013 \u00e9vszakonk\u00e9nt 10 k\u00e1rty\u00e1t \u2013, amelyek gy\u00f6ny\u00f6r\u0171 k\u00e9peken mutatj\u00e1k be a term\u00e9szeti jelens\u00e9geket, \u00fcnnepeket \u00e9s sok m\u00e1st. A k\u00e1rty\u00e1k rendez\u00e9se k\u00f6zben a gyermek j\u00e1t\u00e9kosan tanulhatja meg az egyes \u00e9vszakok jellegzetess\u00e9geit. \u2603\ufe0f \u2614\ufe0f Tartalom: 44 k\u00e1rtya.<\/p>\n","protected":false},"featured_media":8615,"comment_status":"closed","ping_status":"closed","template":"","meta":{"_acf_changed":false,"site-sidebar-layout":"default","site-content-layout":"","ast-site-content-layout":"default","site-content-style":"default","site-sidebar-style":"default","ast-global-header-display":"","ast-banner-title-visibility":"","ast-main-header-display":"","ast-hfb-above-header-display":"","ast-hfb-below-header-display":"","ast-hfb-mobile-header-display":"","site-post-title":"","ast-breadcrumbs-content":"","ast-featured-img":"","footer-sml-layout":"","ast-disable-related-posts":"","theme-transparent-header-meta":"default","adv-header-id-meta":"","stick-header-meta":"default","header-above-stick-meta":"","header-main-stick-meta":"","header-below-stick-meta":"","astra-migrate-meta-layouts":"set","ast-page-background-enabled":"default","ast-page-background-meta":{"desktop":{"background-color":"","background-image":"","background-repeat":"repeat","background-position":"center center","background-size":"auto","background-attachment":"scroll","background-type":"","background-media":"","overlay-type":"","overlay-color":"","overlay-opacity":"","overlay-gradient":""},"tablet":{"background-color":"","background-image":"","background-repeat":"repeat","background-position":"center center","background-size":"auto","background-attachment":"scroll","background-type":"","background-media":"","overlay-type":"","overlay-color":"","overlay-opacity":"","overlay-gradient":""},"mobile":{"background-color":"","background-image":"","background-repeat":"repeat","background-position":"center center","background-size":"auto","background-attachment":"scroll","background-type":"","background-media":"","overlay-type":"","overlay-color":"","overlay-opacity":"","overlay-gradient":""}},"ast-content-background-meta":{"desktop":{"background-color":"var(--ast-global-color-5)","background-image":"","background-repeat":"repeat","background-position":"center center","background-size":"auto","background-attachment":"scroll","background-type":"","background-media":"","overlay-type":"","overlay-color":"","overlay-opacity":"","overlay-gradient":""},"tablet":{"background-color":"var(--ast-global-color-5)","background-image":"","background-repeat":"repeat","background-position":"center center","background-size":"auto","background-attachment":"scroll","background-type":"","background-media":"","overlay-type":"","overlay-color":"","overlay-opacity":"","overlay-gradient":""},"mobile":{"background-color":"var(--ast-global-color-5)","background-image":"","background-repeat":"repeat","background-position":"center center","background-size":"auto","background-attachment":"scroll","background-type":"","background-media":"","overlay-type":"","overlay-color":"","overlay-opacity":"","overlay-gradient":""}}},"product_brand":[],"product_cat":[147,148],"product_tag":[],"class_list":{"0":"post-8613","1":"product","2":"type-product","3":"status-publish","4":"has-post-thumbnail","6":"product_cat-kirakok-es-kartyak","7":"product_cat-szortirozas","8":"desktop-align-center","9":"tablet-align-left","10":"mobile-align-center","11":"ast-product-gallery-layout-first-image-large","12":"ast-product-tabs-layout-horizontal","14":"first","15":"instock","16":"sale","17":"downloadable","18":"virtual","19":"sold-individually","20":"purchasable","21":"product-type-simple"},"acf":[],"_links":{"self":[{"href":"https:\/\/kastenkidz.com\/hu\/wp-json\/wp\/v2\/product\/8613","targetHints":{"allow":["GET"]}}],"collection":[{"href":"https:\/\/kastenkidz.com\/hu\/wp-json\/wp\/v2\/product"}],"about":[{"href":"https:\/\/kastenkidz.com\/hu\/wp-json\/wp\/v2\/types\/product"}],"replies":[{"embeddable":true,"href":"https:\/\/kastenkidz.com\/hu\/wp-json\/wp\/v2\/comments?post=8613"}],"wp:featuredmedia":[{"embeddable":true,"href":"https:\/\/kastenkidz.com\/hu\/wp-json\/wp\/v2\/media\/8615"}],"wp:attachment":[{"href":"https:\/\/kastenkidz.com\/hu\/wp-json\/wp\/v2\/media?parent=8613"}],"wp:term":[{"taxonomy":"product_brand","embeddable":true,"href":"https:\/\/kastenkidz.com\/hu\/wp-json\/wp\/v2\/product_brand?post=8613"},{"taxonomy":"product_cat","embeddable":true,"href":"https:\/\/kastenkidz.com\/hu\/wp-json\/wp\/v2\/product_cat?post=8613"},{"taxonomy":"product_tag","embeddable":true,"href":"https:\/\/kastenkidz.com\/hu\/wp-json\/wp\/v2\/product_tag?post=8613"}],"curies":[{"name":"wp","href":"https:\/\/api.w.org\/{rel}","templated":true}]}}