{"id":8589,"date":"2025-02-06T16:45:36","date_gmt":"2025-02-06T16:45:36","guid":{"rendered":"https:\/\/kastenkidz.com\/product\/kodolt-allatok\/"},"modified":"2025-07-20T19:12:07","modified_gmt":"2025-07-20T19:12:07","slug":"kodolt-allatok","status":"publish","type":"product","link":"https:\/\/kastenkidz.com\/hu\/term\u00e9k\/kodolt-allatok\/","title":{"rendered":"K\u00f3dolt \u00e1llatok"},"content":{"rendered":"<p>Induljatok \u00e1llati kalandra ezzel a sz\u00f3rakoztat\u00f3 j\u00e1t\u00e9kkal!  \u27a1\ufe0f\u2b05\ufe0f\u2b06\ufe0f\u2b07\ufe0f A c\u00e9l az, hogy a nyilakat k\u00f6vetve megtal\u00e1ld az elt\u0171nt \u00e1llatokat a j\u00e1t\u00e9kk\u00e1rty\u00e1k seg\u00edts\u00e9g\u00e9vel. Csak v\u00e1lassz ki egy k\u00e1rty\u00e1t, keresd meg az \u00e1llatot az \u00e1llatt\u00e1bl\u00e1zatban, majd k\u00f6vesd a nyilakat, hogy megtal\u00e1ld a k\u00f6vetkez\u0151t. Remek lehet\u0151s\u00e9g a probl\u00e9mamegold\u00f3 gondolkod\u00e1s \u00e9s az \u00e1llatfelismer\u00e9s fejleszt\u00e9s\u00e9re!<\/p>\n<p>Tartalom: 7 lap A4-es form\u00e1tumban.<br \/>\n\u00c1llatt\u00e1bl\u00e1zat, 16 \u00e1llatos kirak\u00f3k\u00e1rtya, 16 nyilakkal ell\u00e1tott k\u00e1rtya. <\/p>\n","protected":false},"excerpt":{"rendered":"<p>Induljatok \u00e1llati kalandra ezzel a sz\u00f3rakoztat\u00f3 j\u00e1t\u00e9kkal! \u27a1\ufe0f\u2b05\ufe0f\u2b06\ufe0f\u2b07\ufe0f A c\u00e9l az, hogy a nyilakat k\u00f6vetve megtal\u00e1ld az elt\u0171nt \u00e1llatokat a j\u00e1t\u00e9kk\u00e1rty\u00e1k seg\u00edts\u00e9g\u00e9vel. Csak v\u00e1lassz ki egy k\u00e1rty\u00e1t, keresd meg az \u00e1llatot az \u00e1llatt\u00e1bl\u00e1zatban, majd k\u00f6vesd a nyilakat, hogy megtal\u00e1ld a k\u00f6vetkez\u0151t. Remek lehet\u0151s\u00e9g a probl\u00e9mamegold\u00f3 gondolkod\u00e1s \u00e9s az \u00e1llatfelismer\u00e9s fejleszt\u00e9s\u00e9re! Tartalom: 7 lap A4-es form\u00e1tumban. [&hellip;]<\/p>\n","protected":false},"featured_media":8591,"comment_status":"closed","ping_status":"closed","template":"","meta":{"_acf_changed":false,"site-sidebar-layout":"default","site-content-layout":"","ast-site-content-layout":"default","site-content-style":"default","site-sidebar-style":"default","ast-global-header-display":"","ast-banner-title-visibility":"","ast-main-header-display":"","ast-hfb-above-header-display":"","ast-hfb-below-header-display":"","ast-hfb-mobile-header-display":"","site-post-title":"","ast-breadcrumbs-content":"","ast-featured-img":"","footer-sml-layout":"","ast-disable-related-posts":"","theme-transparent-header-meta":"default","adv-header-id-meta":"","stick-header-meta":"default","header-above-stick-meta":"","header-main-stick-meta":"","header-below-stick-meta":"","astra-migrate-meta-layouts":"default","ast-page-background-enabled":"default","ast-page-background-meta":{"desktop":{"background-color":"","background-image":"","background-repeat":"repeat","background-position":"center center","background-size":"auto","background-attachment":"scroll","background-type":"","background-media":"","overlay-type":"","overlay-color":"","overlay-opacity":"","overlay-gradient":""},"tablet":{"background-color":"","background-image":"","background-repeat":"repeat","background-position":"center center","background-size":"auto","background-attachment":"scroll","background-type":"","background-media":"","overlay-type":"","overlay-color":"","overlay-opacity":"","overlay-gradient":""},"mobile":{"background-color":"","background-image":"","background-repeat":"repeat","background-position":"center center","background-size":"auto","background-attachment":"scroll","background-type":"","background-media":"","overlay-type":"","overlay-color":"","overlay-opacity":"","overlay-gradient":""}},"ast-content-background-meta":{"desktop":{"background-color":"var(--ast-global-color-5)","background-image":"","background-repeat":"repeat","background-position":"center center","background-size":"auto","background-attachment":"scroll","background-type":"","background-media":"","overlay-type":"","overlay-color":"","overlay-opacity":"","overlay-gradient":""},"tablet":{"background-color":"var(--ast-global-color-5)","background-image":"","background-repeat":"repeat","background-position":"center center","background-size":"auto","background-attachment":"scroll","background-type":"","background-media":"","overlay-type":"","overlay-color":"","overlay-opacity":"","overlay-gradient":""},"mobile":{"background-color":"var(--ast-global-color-5)","background-image":"","background-repeat":"repeat","background-position":"center center","background-size":"auto","background-attachment":"scroll","background-type":"","background-media":"","overlay-type":"","overlay-color":"","overlay-opacity":"","overlay-gradient":""}}},"product_brand":[],"product_cat":[146],"product_tag":[],"class_list":{"0":"post-8589","1":"product","2":"type-product","3":"status-publish","4":"has-post-thumbnail","6":"product_cat-memoria-es-figyelem","7":"desktop-align-center","8":"tablet-align-left","9":"mobile-align-center","10":"ast-product-gallery-layout-first-image-large","11":"ast-product-gallery-with-no-image","12":"ast-product-tabs-layout-horizontal","14":"first","15":"instock","16":"sale","17":"downloadable","18":"virtual","19":"sold-individually","20":"purchasable","21":"product-type-simple"},"acf":[],"_links":{"self":[{"href":"https:\/\/kastenkidz.com\/hu\/wp-json\/wp\/v2\/product\/8589","targetHints":{"allow":["GET"]}}],"collection":[{"href":"https:\/\/kastenkidz.com\/hu\/wp-json\/wp\/v2\/product"}],"about":[{"href":"https:\/\/kastenkidz.com\/hu\/wp-json\/wp\/v2\/types\/product"}],"replies":[{"embeddable":true,"href":"https:\/\/kastenkidz.com\/hu\/wp-json\/wp\/v2\/comments?post=8589"}],"wp:featuredmedia":[{"embeddable":true,"href":"https:\/\/kastenkidz.com\/hu\/wp-json\/wp\/v2\/media\/8591"}],"wp:attachment":[{"href":"https:\/\/kastenkidz.com\/hu\/wp-json\/wp\/v2\/media?parent=8589"}],"wp:term":[{"taxonomy":"product_brand","embeddable":true,"href":"https:\/\/kastenkidz.com\/hu\/wp-json\/wp\/v2\/product_brand?post=8589"},{"taxonomy":"product_cat","embeddable":true,"href":"https:\/\/kastenkidz.com\/hu\/wp-json\/wp\/v2\/product_cat?post=8589"},{"taxonomy":"product_tag","embeddable":true,"href":"https:\/\/kastenkidz.com\/hu\/wp-json\/wp\/v2\/product_tag?post=8589"}],"curies":[{"name":"wp","href":"https:\/\/api.w.org\/{rel}","templated":true}]}}