{"id":8575,"date":"2025-02-06T16:45:36","date_gmt":"2025-02-06T16:45:36","guid":{"rendered":"https:\/\/kastenkidz.com\/product\/jatek-valogasd-es-mondd\/"},"modified":"2025-12-11T17:45:53","modified_gmt":"2025-12-11T17:45:53","slug":"jatek-valogasd-es-mondd","status":"publish","type":"product","link":"https:\/\/kastenkidz.com\/hu\/term\u00e9k\/jatek-valogasd-es-mondd\/","title":{"rendered":"\u201eV\u00e1logasd sz\u00e9t \u00e9s mondd ki\u201d j\u00e1t\u00e9k"},"content":{"rendered":"<p>Tedd sz\u00f3rakoztat\u00f3v\u00e1 a tanul\u00e1st a \u201eV\u00e1logasd sz\u00e9t \u00e9s mondd ki\u201d j\u00e1t\u00e9kkal! A k\u00e9szlet 4 sz\u00ednes posztert tartalmaz (gy\u00fcm\u00f6lcs\u00f6k \u00e9s z\u00f6lds\u00e9gek, ruh\u00e1k, testr\u00e9szek, b\u00fatorok), valamint 36 k\u00e9pes k\u00e1rty\u00e1t. A szab\u00e1ly egyszer\u0171: a j\u00e1t\u00e9kos h\u00faz egy k\u00e1rty\u00e1t, hangosan kimondja a nev\u00e9t, majd a megfelel\u0151 h\u00e1zba helyezi. Kiv\u00e1l\u00f3 lehet\u0151s\u00e9g a sz\u00f3kincs gyakorl\u00e1s\u00e1ra \u00e9s a rendszerez\u00e9si k\u00e9szs\u00e9gek fejleszt\u00e9s\u00e9re!<br \/>\nAj\u00e1nlott kieg\u00e9sz\u00edt\u0151 feladatok:<br \/>\n\u2013 \u00edrd k\u00f6r\u00fcl a kih\u00fazott t\u00e1rgyat;<br \/>\n\u2013 alkoss vele egy mondatot;<br \/>\n\u2013 nevezd meg az \u00e1ltal\u00e1nos fogalmat, amelyhez tartozik.<\/p>\n<p>Tartalom: 6 lap A4-es form\u00e1tumban.<\/p>\n","protected":false},"excerpt":{"rendered":"<p>Tedd sz\u00f3rakoztat\u00f3v\u00e1 a tanul\u00e1st a \u201eV\u00e1logasd sz\u00e9t \u00e9s mondd ki\u201d j\u00e1t\u00e9kkal! A k\u00e9szlet 4 sz\u00ednes posztert tartalmaz (gy\u00fcm\u00f6lcs\u00f6k \u00e9s z\u00f6lds\u00e9gek, ruh\u00e1k, testr\u00e9szek, b\u00fatorok), valamint 36 k\u00e9pes k\u00e1rty\u00e1t. A szab\u00e1ly egyszer\u0171: a j\u00e1t\u00e9kos h\u00faz egy k\u00e1rty\u00e1t, hangosan kimondja a nev\u00e9t, majd a megfelel\u0151 h\u00e1zba helyezi. Kiv\u00e1l\u00f3 lehet\u0151s\u00e9g a sz\u00f3kincs gyakorl\u00e1s\u00e1ra \u00e9s a rendszerez\u00e9si k\u00e9szs\u00e9gek fejleszt\u00e9s\u00e9re! Aj\u00e1nlott [&hellip;]<\/p>\n","protected":false},"featured_media":8577,"comment_status":"closed","ping_status":"closed","template":"","meta":{"_acf_changed":false,"site-sidebar-layout":"default","site-content-layout":"","ast-site-content-layout":"default","site-content-style":"default","site-sidebar-style":"default","ast-global-header-display":"","ast-banner-title-visibility":"","ast-main-header-display":"","ast-hfb-above-header-display":"","ast-hfb-below-header-display":"","ast-hfb-mobile-header-display":"","site-post-title":"","ast-breadcrumbs-content":"","ast-featured-img":"","footer-sml-layout":"","ast-disable-related-posts":"","theme-transparent-header-meta":"default","adv-header-id-meta":"","stick-header-meta":"default","header-above-stick-meta":"","header-main-stick-meta":"","header-below-stick-meta":"","astra-migrate-meta-layouts":"set","ast-page-background-enabled":"default","ast-page-background-meta":{"desktop":{"background-color":"","background-image":"","background-repeat":"repeat","background-position":"center center","background-size":"auto","background-attachment":"scroll","background-type":"","background-media":"","overlay-type":"","overlay-color":"","overlay-opacity":"","overlay-gradient":""},"tablet":{"background-color":"","background-image":"","background-repeat":"repeat","background-position":"center center","background-size":"auto","background-attachment":"scroll","background-type":"","background-media":"","overlay-type":"","overlay-color":"","overlay-opacity":"","overlay-gradient":""},"mobile":{"background-color":"","background-image":"","background-repeat":"repeat","background-position":"center center","background-size":"auto","background-attachment":"scroll","background-type":"","background-media":"","overlay-type":"","overlay-color":"","overlay-opacity":"","overlay-gradient":""}},"ast-content-background-meta":{"desktop":{"background-color":"var(--ast-global-color-5)","background-image":"","background-repeat":"repeat","background-position":"center center","background-size":"auto","background-attachment":"scroll","background-type":"","background-media":"","overlay-type":"","overlay-color":"","overlay-opacity":"","overlay-gradient":""},"tablet":{"background-color":"var(--ast-global-color-5)","background-image":"","background-repeat":"repeat","background-position":"center center","background-size":"auto","background-attachment":"scroll","background-type":"","background-media":"","overlay-type":"","overlay-color":"","overlay-opacity":"","overlay-gradient":""},"mobile":{"background-color":"var(--ast-global-color-5)","background-image":"","background-repeat":"repeat","background-position":"center center","background-size":"auto","background-attachment":"scroll","background-type":"","background-media":"","overlay-type":"","overlay-color":"","overlay-opacity":"","overlay-gradient":""}}},"product_brand":[],"product_cat":[144,148],"product_tag":[],"class_list":{"0":"post-8575","1":"product","2":"type-product","3":"status-publish","4":"has-post-thumbnail","6":"product_cat-nyelv","7":"product_cat-szortirozas","8":"desktop-align-center","9":"tablet-align-left","10":"mobile-align-center","11":"ast-product-gallery-layout-first-image-large","12":"ast-product-tabs-layout-horizontal","14":"first","15":"instock","16":"sale","17":"downloadable","18":"virtual","19":"sold-individually","20":"purchasable","21":"product-type-simple"},"acf":[],"_links":{"self":[{"href":"https:\/\/kastenkidz.com\/hu\/wp-json\/wp\/v2\/product\/8575","targetHints":{"allow":["GET"]}}],"collection":[{"href":"https:\/\/kastenkidz.com\/hu\/wp-json\/wp\/v2\/product"}],"about":[{"href":"https:\/\/kastenkidz.com\/hu\/wp-json\/wp\/v2\/types\/product"}],"replies":[{"embeddable":true,"href":"https:\/\/kastenkidz.com\/hu\/wp-json\/wp\/v2\/comments?post=8575"}],"wp:featuredmedia":[{"embeddable":true,"href":"https:\/\/kastenkidz.com\/hu\/wp-json\/wp\/v2\/media\/8577"}],"wp:attachment":[{"href":"https:\/\/kastenkidz.com\/hu\/wp-json\/wp\/v2\/media?parent=8575"}],"wp:term":[{"taxonomy":"product_brand","embeddable":true,"href":"https:\/\/kastenkidz.com\/hu\/wp-json\/wp\/v2\/product_brand?post=8575"},{"taxonomy":"product_cat","embeddable":true,"href":"https:\/\/kastenkidz.com\/hu\/wp-json\/wp\/v2\/product_cat?post=8575"},{"taxonomy":"product_tag","embeddable":true,"href":"https:\/\/kastenkidz.com\/hu\/wp-json\/wp\/v2\/product_tag?post=8575"}],"curies":[{"name":"wp","href":"https:\/\/api.w.org\/{rel}","templated":true}]}}