{"id":8567,"date":"2025-02-06T16:45:36","date_gmt":"2025-02-06T16:45:36","guid":{"rendered":"https:\/\/kastenkidz.com\/product\/szines-kirako-macik\/"},"modified":"2025-07-20T19:12:05","modified_gmt":"2025-07-20T19:12:05","slug":"szines-kirako-macik","status":"publish","type":"product","link":"https:\/\/kastenkidz.com\/hu\/term\u00e9k\/szines-kirako-macik\/","title":{"rendered":"Sz\u00ednes kirak\u00f3 macik"},"content":{"rendered":"<p>Keltsd fel gyermeked \u00e9rdekl\u0151d\u00e9s\u00e9t a sz\u00ednek ir\u00e1nt ezzel a vid\u00e1m sz\u00ednszort\u00edroz\u00f3 j\u00e1t\u00e9kkal!   Minden maci egy adott sz\u00edn\u0171, a gyerekeknek pedig a hozz\u00e1 ill\u0151 sz\u00ednpalett\u00e1t kell hozz\u00e1rendelni\u00fck. Sz\u00f3rakoztat\u00f3 m\u00f3don tan\u00edtja a sz\u00ednek felismer\u00e9s\u00e9t \u00e9s rendszerez\u00e9s\u00e9t, mik\u00f6zben fejleszti a megfigyel\u0151k\u00e9pess\u00e9get!  <\/p>\n<p>Tartalom: 6 lap A4-es form\u00e1tumban.<br \/>\n18 sz\u00ednes macis k\u00e1rtya, 18 sz\u00ednpalett\u00e1s k\u00e1rtya <\/p>\n","protected":false},"excerpt":{"rendered":"<p>Keltsd fel gyermeked \u00e9rdekl\u0151d\u00e9s\u00e9t a sz\u00ednek ir\u00e1nt ezzel a vid\u00e1m sz\u00ednszort\u00edroz\u00f3 j\u00e1t\u00e9kkal! Minden maci egy adott sz\u00edn\u0171, a gyerekeknek pedig a hozz\u00e1 ill\u0151 sz\u00ednpalett\u00e1t kell hozz\u00e1rendelni\u00fck. Sz\u00f3rakoztat\u00f3 m\u00f3don tan\u00edtja a sz\u00ednek felismer\u00e9s\u00e9t \u00e9s rendszerez\u00e9s\u00e9t, mik\u00f6zben fejleszti a megfigyel\u0151k\u00e9pess\u00e9get! Tartalom: 6 lap A4-es form\u00e1tumban. 18 sz\u00ednes macis k\u00e1rtya, 18 sz\u00ednpalett\u00e1s k\u00e1rtya<\/p>\n","protected":false},"featured_media":8569,"comment_status":"closed","ping_status":"closed","template":"","meta":{"_acf_changed":false,"site-sidebar-layout":"default","site-content-layout":"","ast-site-content-layout":"default","site-content-style":"default","site-sidebar-style":"default","ast-global-header-display":"","ast-banner-title-visibility":"","ast-main-header-display":"","ast-hfb-above-header-display":"","ast-hfb-below-header-display":"","ast-hfb-mobile-header-display":"","site-post-title":"","ast-breadcrumbs-content":"","ast-featured-img":"","footer-sml-layout":"","ast-disable-related-posts":"","theme-transparent-header-meta":"default","adv-header-id-meta":"","stick-header-meta":"default","header-above-stick-meta":"","header-main-stick-meta":"","header-below-stick-meta":"","astra-migrate-meta-layouts":"default","ast-page-background-enabled":"default","ast-page-background-meta":{"desktop":{"background-color":"","background-image":"","background-repeat":"repeat","background-position":"center center","background-size":"auto","background-attachment":"scroll","background-type":"","background-media":"","overlay-type":"","overlay-color":"","overlay-opacity":"","overlay-gradient":""},"tablet":{"background-color":"","background-image":"","background-repeat":"repeat","background-position":"center center","background-size":"auto","background-attachment":"scroll","background-type":"","background-media":"","overlay-type":"","overlay-color":"","overlay-opacity":"","overlay-gradient":""},"mobile":{"background-color":"","background-image":"","background-repeat":"repeat","background-position":"center center","background-size":"auto","background-attachment":"scroll","background-type":"","background-media":"","overlay-type":"","overlay-color":"","overlay-opacity":"","overlay-gradient":""}},"ast-content-background-meta":{"desktop":{"background-color":"var(--ast-global-color-5)","background-image":"","background-repeat":"repeat","background-position":"center center","background-size":"auto","background-attachment":"scroll","background-type":"","background-media":"","overlay-type":"","overlay-color":"","overlay-opacity":"","overlay-gradient":""},"tablet":{"background-color":"var(--ast-global-color-5)","background-image":"","background-repeat":"repeat","background-position":"center center","background-size":"auto","background-attachment":"scroll","background-type":"","background-media":"","overlay-type":"","overlay-color":"","overlay-opacity":"","overlay-gradient":""},"mobile":{"background-color":"var(--ast-global-color-5)","background-image":"","background-repeat":"repeat","background-position":"center center","background-size":"auto","background-attachment":"scroll","background-type":"","background-media":"","overlay-type":"","overlay-color":"","overlay-opacity":"","overlay-gradient":""}}},"product_brand":[],"product_cat":[143,146],"product_tag":[],"class_list":{"0":"post-8567","1":"product","2":"type-product","3":"status-publish","4":"has-post-thumbnail","6":"product_cat-jatekok","7":"product_cat-memoria-es-figyelem","8":"desktop-align-center","9":"tablet-align-left","10":"mobile-align-center","11":"ast-product-gallery-layout-first-image-large","12":"ast-product-gallery-with-no-image","13":"ast-product-tabs-layout-horizontal","15":"first","16":"instock","17":"sale","18":"downloadable","19":"virtual","20":"sold-individually","21":"purchasable","22":"product-type-simple"},"acf":[],"_links":{"self":[{"href":"https:\/\/kastenkidz.com\/hu\/wp-json\/wp\/v2\/product\/8567","targetHints":{"allow":["GET"]}}],"collection":[{"href":"https:\/\/kastenkidz.com\/hu\/wp-json\/wp\/v2\/product"}],"about":[{"href":"https:\/\/kastenkidz.com\/hu\/wp-json\/wp\/v2\/types\/product"}],"replies":[{"embeddable":true,"href":"https:\/\/kastenkidz.com\/hu\/wp-json\/wp\/v2\/comments?post=8567"}],"wp:featuredmedia":[{"embeddable":true,"href":"https:\/\/kastenkidz.com\/hu\/wp-json\/wp\/v2\/media\/8569"}],"wp:attachment":[{"href":"https:\/\/kastenkidz.com\/hu\/wp-json\/wp\/v2\/media?parent=8567"}],"wp:term":[{"taxonomy":"product_brand","embeddable":true,"href":"https:\/\/kastenkidz.com\/hu\/wp-json\/wp\/v2\/product_brand?post=8567"},{"taxonomy":"product_cat","embeddable":true,"href":"https:\/\/kastenkidz.com\/hu\/wp-json\/wp\/v2\/product_cat?post=8567"},{"taxonomy":"product_tag","embeddable":true,"href":"https:\/\/kastenkidz.com\/hu\/wp-json\/wp\/v2\/product_tag?post=8567"}],"curies":[{"name":"wp","href":"https:\/\/api.w.org\/{rel}","templated":true}]}}