{"id":8495,"date":"2025-02-06T16:45:36","date_gmt":"2025-02-06T16:45:36","guid":{"rendered":"https:\/\/kastenkidz.com\/product\/vonal-es-alakrajzolas\/"},"modified":"2025-07-20T19:11:55","modified_gmt":"2025-07-20T19:11:55","slug":"vonal-es-alakrajzolas","status":"publish","type":"product","link":"https:\/\/kastenkidz.com\/hu\/term\u00e9k\/vonal-es-alakrajzolas\/","title":{"rendered":"Vonal- \u00e9s alakrajzol\u00e1s"},"content":{"rendered":"<p>A \u201eVonal- \u00e9s alakrajzol\u00e1s\u201d elnevez\u00e9s\u0171 feladat k\u00e9t r\u00e9szb\u0151l \u00e1ll. Az els\u0151 r\u00e9szben h\u00e1rom sz\u00ednes dob\u00f3kocka \u00e9s egy rajzlap tal\u00e1lhat\u00f3, amelyre vonalakat, form\u00e1kat \u00e9s \u00e1br\u00e1kat kell rajzolni. A m\u00e1sodik r\u00e9szhez egy feh\u00e9r dob\u00f3kocka tartozik k\u00fcl\u00f6nf\u00e9le vonalakkal, valamint egy lap egy vicces arccal.<\/p>\n<p>Nyomtasd ki az \u00f6sszes feladatlapot! V\u00e1gd ki a dob\u00f3kock\u00e1kat, \u00e9s ragaszd \u00f6ssze \u0151ket, hogy kockak\u00e9nt haszn\u00e1lhat\u00f3k legyenek. 1. Feladat Az els\u0151 feladat sor\u00e1n a gyerekek dobnak a dob\u00f3kock\u00e1val, majd a kidobott \u00e1br\u00e1t berajzolj\u00e1k a feladatlap els\u0151 sor\u00e1ba. Ezut\u00e1n \u00fajra dobnak, \u00e9s kit\u00f6ltik a k\u00f6vetkez\u0151 sort \u2013 addig folytatj\u00e1k, am\u00edg minden sor tele nem lesz. Ha \u00faj feladatlapot kapnak, kicser\u00e9lik a dob\u00f3kock\u00e1kat, \u00e9s folytatj\u00e1k a rajzol\u00e1st. 2. Feladat A m\u00e1sodik feladatban a gyerekeknek frizur\u00e1t kell rajzolniuk egy vid\u00e1m arcnak.<\/p>\n<p>Tartalom: 5 sablon dob\u00f3kock\u00e1hoz; rajzlap vonalakkal, form\u00e1kkal \u00e9s \u00e1br\u00e1kkal; vicces arc. <\/p>\n","protected":false},"excerpt":{"rendered":"<p>A \u201eVonal- \u00e9s alakrajzol\u00e1s\u201d elnevez\u00e9s\u0171 feladat k\u00e9t r\u00e9szb\u0151l \u00e1ll. Az els\u0151 r\u00e9szben h\u00e1rom sz\u00ednes dob\u00f3kocka \u00e9s egy rajzlap tal\u00e1lhat\u00f3, amelyre vonalakat, form\u00e1kat \u00e9s \u00e1br\u00e1kat kell rajzolni. A m\u00e1sodik r\u00e9szhez egy feh\u00e9r dob\u00f3kocka tartozik k\u00fcl\u00f6nf\u00e9le vonalakkal, valamint egy lap egy vicces arccal. Nyomtasd ki az \u00f6sszes feladatlapot! V\u00e1gd ki a dob\u00f3kock\u00e1kat, \u00e9s ragaszd \u00f6ssze \u0151ket, hogy [&hellip;]<\/p>\n","protected":false},"featured_media":8497,"comment_status":"closed","ping_status":"closed","template":"","meta":{"_acf_changed":false,"site-sidebar-layout":"default","site-content-layout":"","ast-site-content-layout":"default","site-content-style":"default","site-sidebar-style":"default","ast-global-header-display":"","ast-banner-title-visibility":"","ast-main-header-display":"","ast-hfb-above-header-display":"","ast-hfb-below-header-display":"","ast-hfb-mobile-header-display":"","site-post-title":"","ast-breadcrumbs-content":"","ast-featured-img":"","footer-sml-layout":"","ast-disable-related-posts":"","theme-transparent-header-meta":"default","adv-header-id-meta":"","stick-header-meta":"default","header-above-stick-meta":"","header-main-stick-meta":"","header-below-stick-meta":"","astra-migrate-meta-layouts":"default","ast-page-background-enabled":"default","ast-page-background-meta":{"desktop":{"background-color":"","background-image":"","background-repeat":"repeat","background-position":"center center","background-size":"auto","background-attachment":"scroll","background-type":"","background-media":"","overlay-type":"","overlay-color":"","overlay-opacity":"","overlay-gradient":""},"tablet":{"background-color":"","background-image":"","background-repeat":"repeat","background-position":"center center","background-size":"auto","background-attachment":"scroll","background-type":"","background-media":"","overlay-type":"","overlay-color":"","overlay-opacity":"","overlay-gradient":""},"mobile":{"background-color":"","background-image":"","background-repeat":"repeat","background-position":"center center","background-size":"auto","background-attachment":"scroll","background-type":"","background-media":"","overlay-type":"","overlay-color":"","overlay-opacity":"","overlay-gradient":""}},"ast-content-background-meta":{"desktop":{"background-color":"var(--ast-global-color-5)","background-image":"","background-repeat":"repeat","background-position":"center center","background-size":"auto","background-attachment":"scroll","background-type":"","background-media":"","overlay-type":"","overlay-color":"","overlay-opacity":"","overlay-gradient":""},"tablet":{"background-color":"var(--ast-global-color-5)","background-image":"","background-repeat":"repeat","background-position":"center center","background-size":"auto","background-attachment":"scroll","background-type":"","background-media":"","overlay-type":"","overlay-color":"","overlay-opacity":"","overlay-gradient":""},"mobile":{"background-color":"var(--ast-global-color-5)","background-image":"","background-repeat":"repeat","background-position":"center center","background-size":"auto","background-attachment":"scroll","background-type":"","background-media":"","overlay-type":"","overlay-color":"","overlay-opacity":"","overlay-gradient":""}}},"product_brand":[],"product_cat":[146],"product_tag":[],"class_list":{"0":"post-8495","1":"product","2":"type-product","3":"status-publish","4":"has-post-thumbnail","6":"product_cat-memoria-es-figyelem","7":"desktop-align-center","8":"tablet-align-left","9":"mobile-align-center","10":"ast-product-gallery-layout-first-image-large","11":"ast-product-tabs-layout-horizontal","13":"first","14":"instock","15":"sale","16":"downloadable","17":"virtual","18":"sold-individually","19":"purchasable","20":"product-type-simple"},"acf":[],"_links":{"self":[{"href":"https:\/\/kastenkidz.com\/hu\/wp-json\/wp\/v2\/product\/8495","targetHints":{"allow":["GET"]}}],"collection":[{"href":"https:\/\/kastenkidz.com\/hu\/wp-json\/wp\/v2\/product"}],"about":[{"href":"https:\/\/kastenkidz.com\/hu\/wp-json\/wp\/v2\/types\/product"}],"replies":[{"embeddable":true,"href":"https:\/\/kastenkidz.com\/hu\/wp-json\/wp\/v2\/comments?post=8495"}],"wp:featuredmedia":[{"embeddable":true,"href":"https:\/\/kastenkidz.com\/hu\/wp-json\/wp\/v2\/media\/8497"}],"wp:attachment":[{"href":"https:\/\/kastenkidz.com\/hu\/wp-json\/wp\/v2\/media?parent=8495"}],"wp:term":[{"taxonomy":"product_brand","embeddable":true,"href":"https:\/\/kastenkidz.com\/hu\/wp-json\/wp\/v2\/product_brand?post=8495"},{"taxonomy":"product_cat","embeddable":true,"href":"https:\/\/kastenkidz.com\/hu\/wp-json\/wp\/v2\/product_cat?post=8495"},{"taxonomy":"product_tag","embeddable":true,"href":"https:\/\/kastenkidz.com\/hu\/wp-json\/wp\/v2\/product_tag?post=8495"}],"curies":[{"name":"wp","href":"https:\/\/api.w.org\/{rel}","templated":true}]}}