{"id":8487,"date":"2025-02-06T16:45:36","date_gmt":"2025-02-06T16:45:36","guid":{"rendered":"https:\/\/kastenkidz.com\/product\/talalos-kerdesek-a-legkisebbeknek\/"},"modified":"2025-07-20T19:11:54","modified_gmt":"2025-07-20T19:11:54","slug":"talalos-kerdesek-a-legkisebbeknek","status":"publish","type":"product","link":"https:\/\/kastenkidz.com\/hu\/term\u00e9k\/talalos-kerdesek-a-legkisebbeknek\/","title":{"rendered":"Tal\u00e1ld ki! \u2013 tal\u00e1l\u00f3s k\u00e9rd\u00e9sek a legkisebbeknek"},"content":{"rendered":"<p>\u00c1llatos tal\u00e1l\u00f3s k\u00e9rd\u00e9sek egyszer\u0171 megfogalmaz\u00e1sban \u2013 kifejezetten a legkisebbeknek. Minden tal\u00e1l\u00f3s k\u00e9rd\u00e9s t\u00f6bb nyomb\u00f3l \u00e1ll: az egyik k\u00f6nnyen elvezet a megfejt\u00e9shez, a m\u00e1sik \u00e9rdekes tudnival\u00f3kat \u00e1rul el az adott \u00e1llatr\u00f3l. A j\u00e1t\u00e9k sor\u00e1n az \u00e1llatk\u00e1rty\u00e1kat j\u00f3l l\u00e1that\u00f3an elhelyezz\u00fck (pl. az asztalon), a pedag\u00f3gus pedig felolvassa a tal\u00e1l\u00f3s k\u00e9rd\u00e9seket. A l\u00e1that\u00f3 v\u00e1laszok megk\u00f6nny\u00edtik \u00e9s \u00e9lvezetesebb\u00e9 teszik a gondolkod\u00e1st. A sz\u00f3rakoz\u00e1s garant\u00e1lt!<\/p>\n<p>Tartalom: 24 tal\u00e1l\u00f3s k\u00e9rd\u00e9s k\u00e1rtya \u00e9s 24 v\u00e1laszk\u00e1rtya \u00e1llatokkal \u2013 \u00f6sszesen 48 k\u00e1rtya, 4 db A4-es lapon <\/p>\n","protected":false},"excerpt":{"rendered":"<p>\u00c1llatos tal\u00e1l\u00f3s k\u00e9rd\u00e9sek egyszer\u0171 megfogalmaz\u00e1sban \u2013 kifejezetten a legkisebbeknek. Minden tal\u00e1l\u00f3s k\u00e9rd\u00e9s t\u00f6bb nyomb\u00f3l \u00e1ll: az egyik k\u00f6nnyen elvezet a megfejt\u00e9shez, a m\u00e1sik \u00e9rdekes tudnival\u00f3kat \u00e1rul el az adott \u00e1llatr\u00f3l. A j\u00e1t\u00e9k sor\u00e1n az \u00e1llatk\u00e1rty\u00e1kat j\u00f3l l\u00e1that\u00f3an elhelyezz\u00fck (pl. az asztalon), a pedag\u00f3gus pedig felolvassa a tal\u00e1l\u00f3s k\u00e9rd\u00e9seket. A l\u00e1that\u00f3 v\u00e1laszok megk\u00f6nny\u00edtik \u00e9s \u00e9lvezetesebb\u00e9 teszik [&hellip;]<\/p>\n","protected":false},"featured_media":8489,"comment_status":"closed","ping_status":"closed","template":"","meta":{"_acf_changed":false,"site-sidebar-layout":"default","site-content-layout":"","ast-site-content-layout":"default","site-content-style":"default","site-sidebar-style":"default","ast-global-header-display":"","ast-banner-title-visibility":"","ast-main-header-display":"","ast-hfb-above-header-display":"","ast-hfb-below-header-display":"","ast-hfb-mobile-header-display":"","site-post-title":"","ast-breadcrumbs-content":"","ast-featured-img":"","footer-sml-layout":"","ast-disable-related-posts":"","theme-transparent-header-meta":"default","adv-header-id-meta":"","stick-header-meta":"default","header-above-stick-meta":"","header-main-stick-meta":"","header-below-stick-meta":"","astra-migrate-meta-layouts":"default","ast-page-background-enabled":"default","ast-page-background-meta":{"desktop":{"background-color":"","background-image":"","background-repeat":"repeat","background-position":"center center","background-size":"auto","background-attachment":"scroll","background-type":"","background-media":"","overlay-type":"","overlay-color":"","overlay-opacity":"","overlay-gradient":""},"tablet":{"background-color":"","background-image":"","background-repeat":"repeat","background-position":"center center","background-size":"auto","background-attachment":"scroll","background-type":"","background-media":"","overlay-type":"","overlay-color":"","overlay-opacity":"","overlay-gradient":""},"mobile":{"background-color":"","background-image":"","background-repeat":"repeat","background-position":"center center","background-size":"auto","background-attachment":"scroll","background-type":"","background-media":"","overlay-type":"","overlay-color":"","overlay-opacity":"","overlay-gradient":""}},"ast-content-background-meta":{"desktop":{"background-color":"var(--ast-global-color-5)","background-image":"","background-repeat":"repeat","background-position":"center center","background-size":"auto","background-attachment":"scroll","background-type":"","background-media":"","overlay-type":"","overlay-color":"","overlay-opacity":"","overlay-gradient":""},"tablet":{"background-color":"var(--ast-global-color-5)","background-image":"","background-repeat":"repeat","background-position":"center center","background-size":"auto","background-attachment":"scroll","background-type":"","background-media":"","overlay-type":"","overlay-color":"","overlay-opacity":"","overlay-gradient":""},"mobile":{"background-color":"var(--ast-global-color-5)","background-image":"","background-repeat":"repeat","background-position":"center center","background-size":"auto","background-attachment":"scroll","background-type":"","background-media":"","overlay-type":"","overlay-color":"","overlay-opacity":"","overlay-gradient":""}}},"product_brand":[],"product_cat":[143],"product_tag":[],"class_list":{"0":"post-8487","1":"product","2":"type-product","3":"status-publish","4":"has-post-thumbnail","6":"product_cat-jatekok","7":"desktop-align-center","8":"tablet-align-left","9":"mobile-align-center","10":"ast-product-gallery-layout-first-image-large","11":"ast-product-gallery-with-no-image","12":"ast-product-tabs-layout-horizontal","14":"first","15":"instock","16":"sale","17":"downloadable","18":"virtual","19":"sold-individually","20":"purchasable","21":"product-type-simple"},"acf":[],"_links":{"self":[{"href":"https:\/\/kastenkidz.com\/hu\/wp-json\/wp\/v2\/product\/8487","targetHints":{"allow":["GET"]}}],"collection":[{"href":"https:\/\/kastenkidz.com\/hu\/wp-json\/wp\/v2\/product"}],"about":[{"href":"https:\/\/kastenkidz.com\/hu\/wp-json\/wp\/v2\/types\/product"}],"replies":[{"embeddable":true,"href":"https:\/\/kastenkidz.com\/hu\/wp-json\/wp\/v2\/comments?post=8487"}],"wp:featuredmedia":[{"embeddable":true,"href":"https:\/\/kastenkidz.com\/hu\/wp-json\/wp\/v2\/media\/8489"}],"wp:attachment":[{"href":"https:\/\/kastenkidz.com\/hu\/wp-json\/wp\/v2\/media?parent=8487"}],"wp:term":[{"taxonomy":"product_brand","embeddable":true,"href":"https:\/\/kastenkidz.com\/hu\/wp-json\/wp\/v2\/product_brand?post=8487"},{"taxonomy":"product_cat","embeddable":true,"href":"https:\/\/kastenkidz.com\/hu\/wp-json\/wp\/v2\/product_cat?post=8487"},{"taxonomy":"product_tag","embeddable":true,"href":"https:\/\/kastenkidz.com\/hu\/wp-json\/wp\/v2\/product_tag?post=8487"}],"curies":[{"name":"wp","href":"https:\/\/api.w.org\/{rel}","templated":true}]}}