{"id":8445,"date":"2025-02-06T16:45:36","date_gmt":"2025-02-06T16:45:36","guid":{"rendered":"https:\/\/kastenkidz.com\/product\/serpenyos-jatek\/"},"modified":"2025-07-20T19:11:49","modified_gmt":"2025-07-20T19:11:49","slug":"serpenyos-jatek","status":"publish","type":"product","link":"https:\/\/kastenkidz.com\/hu\/term\u00e9k\/serpenyos-jatek\/","title":{"rendered":"Serpeny\u0151s j\u00e1t\u00e9k"},"content":{"rendered":"<p>\u200d \u200d  K\u00e9sz\u00fclj fel egy vid\u00e1m, p\u00f6rg\u0151s z\u00f6lds\u00e9ges j\u00e1t\u00e9kra!   T\u00f6k\u00e9letes 2\u20134 j\u00e1t\u00e9kos sz\u00e1m\u00e1ra, mindenkinek saj\u00e1t serpeny\u0151vel. A j\u00e1t\u00e9kosok felv\u00e1ltva ford\u00edtj\u00e1k fel a z\u00f6lds\u00e9ges k\u00e1rty\u00e1kat, \u00e9s ellen\u0151rzik, hogy az adott z\u00f6lds\u00e9g szerepel-e a saj\u00e1t serpeny\u0151j\u00fckben. Aki el\u0151sz\u00f6r \u00e9szreveszi, megkopogtatja a serpeny\u0151j\u00e9t, \u00e9s hangosan kimondja a z\u00f6lds\u00e9g nev\u00e9t \u2013 p\u00e9ld\u00e1ul: \u201eAz \u00e9n paradicsomom!\u201d Az nyer, aki els\u0151k\u00e9nt \u00f6sszegy\u0171jti az \u00f6sszes saj\u00e1t z\u00f6lds\u00e9g\u00e9t! Remek j\u00e1t\u00e9k a gyors gondolkod\u00e1s fejleszt\u00e9s\u00e9re \u00e9s bar\u00e1ti sz\u00f3rakoz\u00e1sra.  <\/p>\n<p>Tartalom: 28 z\u00f6lds\u00e9ges k\u00e1rtya, 4 serpeny\u0151. <\/p>\n","protected":false},"excerpt":{"rendered":"<p>\u200d \u200d K\u00e9sz\u00fclj fel egy vid\u00e1m, p\u00f6rg\u0151s z\u00f6lds\u00e9ges j\u00e1t\u00e9kra! T\u00f6k\u00e9letes 2\u20134 j\u00e1t\u00e9kos sz\u00e1m\u00e1ra, mindenkinek saj\u00e1t serpeny\u0151vel. A j\u00e1t\u00e9kosok felv\u00e1ltva ford\u00edtj\u00e1k fel a z\u00f6lds\u00e9ges k\u00e1rty\u00e1kat, \u00e9s ellen\u0151rzik, hogy az adott z\u00f6lds\u00e9g szerepel-e a saj\u00e1t serpeny\u0151j\u00fckben. Aki el\u0151sz\u00f6r \u00e9szreveszi, megkopogtatja a serpeny\u0151j\u00e9t, \u00e9s hangosan kimondja a z\u00f6lds\u00e9g nev\u00e9t \u2013 p\u00e9ld\u00e1ul: \u201eAz \u00e9n paradicsomom!\u201d Az nyer, aki els\u0151k\u00e9nt [&hellip;]<\/p>\n","protected":false},"featured_media":8447,"comment_status":"closed","ping_status":"closed","template":"","meta":{"_acf_changed":false,"site-sidebar-layout":"default","site-content-layout":"","ast-site-content-layout":"default","site-content-style":"default","site-sidebar-style":"default","ast-global-header-display":"","ast-banner-title-visibility":"","ast-main-header-display":"","ast-hfb-above-header-display":"","ast-hfb-below-header-display":"","ast-hfb-mobile-header-display":"","site-post-title":"","ast-breadcrumbs-content":"","ast-featured-img":"","footer-sml-layout":"","ast-disable-related-posts":"","theme-transparent-header-meta":"default","adv-header-id-meta":"","stick-header-meta":"default","header-above-stick-meta":"","header-main-stick-meta":"","header-below-stick-meta":"","astra-migrate-meta-layouts":"default","ast-page-background-enabled":"default","ast-page-background-meta":{"desktop":{"background-color":"","background-image":"","background-repeat":"repeat","background-position":"center center","background-size":"auto","background-attachment":"scroll","background-type":"","background-media":"","overlay-type":"","overlay-color":"","overlay-opacity":"","overlay-gradient":""},"tablet":{"background-color":"","background-image":"","background-repeat":"repeat","background-position":"center center","background-size":"auto","background-attachment":"scroll","background-type":"","background-media":"","overlay-type":"","overlay-color":"","overlay-opacity":"","overlay-gradient":""},"mobile":{"background-color":"","background-image":"","background-repeat":"repeat","background-position":"center center","background-size":"auto","background-attachment":"scroll","background-type":"","background-media":"","overlay-type":"","overlay-color":"","overlay-opacity":"","overlay-gradient":""}},"ast-content-background-meta":{"desktop":{"background-color":"var(--ast-global-color-5)","background-image":"","background-repeat":"repeat","background-position":"center center","background-size":"auto","background-attachment":"scroll","background-type":"","background-media":"","overlay-type":"","overlay-color":"","overlay-opacity":"","overlay-gradient":""},"tablet":{"background-color":"var(--ast-global-color-5)","background-image":"","background-repeat":"repeat","background-position":"center center","background-size":"auto","background-attachment":"scroll","background-type":"","background-media":"","overlay-type":"","overlay-color":"","overlay-opacity":"","overlay-gradient":""},"mobile":{"background-color":"var(--ast-global-color-5)","background-image":"","background-repeat":"repeat","background-position":"center center","background-size":"auto","background-attachment":"scroll","background-type":"","background-media":"","overlay-type":"","overlay-color":"","overlay-opacity":"","overlay-gradient":""}}},"product_brand":[],"product_cat":[143],"product_tag":[],"class_list":{"0":"post-8445","1":"product","2":"type-product","3":"status-publish","4":"has-post-thumbnail","6":"product_cat-jatekok","7":"desktop-align-center","8":"tablet-align-left","9":"mobile-align-center","10":"ast-product-gallery-layout-first-image-large","11":"ast-product-tabs-layout-horizontal","13":"first","14":"instock","15":"sale","16":"downloadable","17":"virtual","18":"sold-individually","19":"purchasable","20":"product-type-simple"},"acf":[],"_links":{"self":[{"href":"https:\/\/kastenkidz.com\/hu\/wp-json\/wp\/v2\/product\/8445","targetHints":{"allow":["GET"]}}],"collection":[{"href":"https:\/\/kastenkidz.com\/hu\/wp-json\/wp\/v2\/product"}],"about":[{"href":"https:\/\/kastenkidz.com\/hu\/wp-json\/wp\/v2\/types\/product"}],"replies":[{"embeddable":true,"href":"https:\/\/kastenkidz.com\/hu\/wp-json\/wp\/v2\/comments?post=8445"}],"wp:featuredmedia":[{"embeddable":true,"href":"https:\/\/kastenkidz.com\/hu\/wp-json\/wp\/v2\/media\/8447"}],"wp:attachment":[{"href":"https:\/\/kastenkidz.com\/hu\/wp-json\/wp\/v2\/media?parent=8445"}],"wp:term":[{"taxonomy":"product_brand","embeddable":true,"href":"https:\/\/kastenkidz.com\/hu\/wp-json\/wp\/v2\/product_brand?post=8445"},{"taxonomy":"product_cat","embeddable":true,"href":"https:\/\/kastenkidz.com\/hu\/wp-json\/wp\/v2\/product_cat?post=8445"},{"taxonomy":"product_tag","embeddable":true,"href":"https:\/\/kastenkidz.com\/hu\/wp-json\/wp\/v2\/product_tag?post=8445"}],"curies":[{"name":"wp","href":"https:\/\/api.w.org\/{rel}","templated":true}]}}