{"id":8431,"date":"2025-02-06T16:45:36","date_gmt":"2025-02-06T16:45:36","guid":{"rendered":"https:\/\/kastenkidz.com\/product\/mit-esznek-az-allatok\/"},"modified":"2025-07-20T19:11:48","modified_gmt":"2025-07-20T19:11:48","slug":"mit-esznek-az-allatok","status":"publish","type":"product","link":"https:\/\/kastenkidz.com\/hu\/term\u00e9k\/mit-esznek-az-allatok\/","title":{"rendered":"Mit esznek az \u00e1llatok?"},"content":{"rendered":"<p>Ismertesd meg gyermekeddel az \u00e1llatok t\u00e1pl\u00e1lkoz\u00e1s\u00e1nak izgalmas vil\u00e1g\u00e1t!   Ez a j\u00e1t\u00e9kos taneszk\u00f6z lehet\u0151v\u00e9 teszi, hogy a gyerekek p\u00e1ros\u00edts\u00e1k az \u00e1llatokat a megfelel\u0151 t\u00e1pl\u00e1l\u00e9kkal \u2013 egyszer\u0171en \u00f6sszeragasztj\u00e1k az \u00e1llat- \u00e9s az \u00e9lelemk\u00e1rty\u00e1kat. Ezut\u00e1n zsebl\u00e1mp\u00e1val megvil\u00e1g\u00edthatj\u00e1k alulr\u00f3l a k\u00e1rty\u00e1t \u2013 egy l\u00e1tv\u00e1nyos tanul\u00e1si \u00e9lm\u00e9ny\u00e9rt!<\/p>\n<p>Tartalom: 18 db A4-es lap <\/p>\n","protected":false},"excerpt":{"rendered":"<p>Ismertesd meg gyermekeddel az \u00e1llatok t\u00e1pl\u00e1lkoz\u00e1s\u00e1nak izgalmas vil\u00e1g\u00e1t! Ez a j\u00e1t\u00e9kos taneszk\u00f6z lehet\u0151v\u00e9 teszi, hogy a gyerekek p\u00e1ros\u00edts\u00e1k az \u00e1llatokat a megfelel\u0151 t\u00e1pl\u00e1l\u00e9kkal \u2013 egyszer\u0171en \u00f6sszeragasztj\u00e1k az \u00e1llat- \u00e9s az \u00e9lelemk\u00e1rty\u00e1kat. Ezut\u00e1n zsebl\u00e1mp\u00e1val megvil\u00e1g\u00edthatj\u00e1k alulr\u00f3l a k\u00e1rty\u00e1t \u2013 egy l\u00e1tv\u00e1nyos tanul\u00e1si \u00e9lm\u00e9ny\u00e9rt! Tartalom: 18 db A4-es lap<\/p>\n","protected":false},"featured_media":8433,"comment_status":"closed","ping_status":"closed","template":"","meta":{"_acf_changed":false,"site-sidebar-layout":"default","site-content-layout":"","ast-site-content-layout":"default","site-content-style":"default","site-sidebar-style":"default","ast-global-header-display":"","ast-banner-title-visibility":"","ast-main-header-display":"","ast-hfb-above-header-display":"","ast-hfb-below-header-display":"","ast-hfb-mobile-header-display":"","site-post-title":"","ast-breadcrumbs-content":"","ast-featured-img":"","footer-sml-layout":"","ast-disable-related-posts":"","theme-transparent-header-meta":"default","adv-header-id-meta":"","stick-header-meta":"default","header-above-stick-meta":"","header-main-stick-meta":"","header-below-stick-meta":"","astra-migrate-meta-layouts":"default","ast-page-background-enabled":"default","ast-page-background-meta":{"desktop":{"background-color":"","background-image":"","background-repeat":"repeat","background-position":"center center","background-size":"auto","background-attachment":"scroll","background-type":"","background-media":"","overlay-type":"","overlay-color":"","overlay-opacity":"","overlay-gradient":""},"tablet":{"background-color":"","background-image":"","background-repeat":"repeat","background-position":"center center","background-size":"auto","background-attachment":"scroll","background-type":"","background-media":"","overlay-type":"","overlay-color":"","overlay-opacity":"","overlay-gradient":""},"mobile":{"background-color":"","background-image":"","background-repeat":"repeat","background-position":"center center","background-size":"auto","background-attachment":"scroll","background-type":"","background-media":"","overlay-type":"","overlay-color":"","overlay-opacity":"","overlay-gradient":""}},"ast-content-background-meta":{"desktop":{"background-color":"var(--ast-global-color-5)","background-image":"","background-repeat":"repeat","background-position":"center center","background-size":"auto","background-attachment":"scroll","background-type":"","background-media":"","overlay-type":"","overlay-color":"","overlay-opacity":"","overlay-gradient":""},"tablet":{"background-color":"var(--ast-global-color-5)","background-image":"","background-repeat":"repeat","background-position":"center center","background-size":"auto","background-attachment":"scroll","background-type":"","background-media":"","overlay-type":"","overlay-color":"","overlay-opacity":"","overlay-gradient":""},"mobile":{"background-color":"var(--ast-global-color-5)","background-image":"","background-repeat":"repeat","background-position":"center center","background-size":"auto","background-attachment":"scroll","background-type":"","background-media":"","overlay-type":"","overlay-color":"","overlay-opacity":"","overlay-gradient":""}}},"product_brand":[],"product_cat":[143],"product_tag":[],"class_list":{"0":"post-8431","1":"product","2":"type-product","3":"status-publish","4":"has-post-thumbnail","6":"product_cat-jatekok","7":"desktop-align-center","8":"tablet-align-left","9":"mobile-align-center","10":"ast-product-gallery-layout-first-image-large","11":"ast-product-tabs-layout-horizontal","13":"first","14":"instock","15":"sale","16":"downloadable","17":"virtual","18":"sold-individually","19":"purchasable","20":"product-type-simple"},"acf":[],"_links":{"self":[{"href":"https:\/\/kastenkidz.com\/hu\/wp-json\/wp\/v2\/product\/8431","targetHints":{"allow":["GET"]}}],"collection":[{"href":"https:\/\/kastenkidz.com\/hu\/wp-json\/wp\/v2\/product"}],"about":[{"href":"https:\/\/kastenkidz.com\/hu\/wp-json\/wp\/v2\/types\/product"}],"replies":[{"embeddable":true,"href":"https:\/\/kastenkidz.com\/hu\/wp-json\/wp\/v2\/comments?post=8431"}],"wp:featuredmedia":[{"embeddable":true,"href":"https:\/\/kastenkidz.com\/hu\/wp-json\/wp\/v2\/media\/8433"}],"wp:attachment":[{"href":"https:\/\/kastenkidz.com\/hu\/wp-json\/wp\/v2\/media?parent=8431"}],"wp:term":[{"taxonomy":"product_brand","embeddable":true,"href":"https:\/\/kastenkidz.com\/hu\/wp-json\/wp\/v2\/product_brand?post=8431"},{"taxonomy":"product_cat","embeddable":true,"href":"https:\/\/kastenkidz.com\/hu\/wp-json\/wp\/v2\/product_cat?post=8431"},{"taxonomy":"product_tag","embeddable":true,"href":"https:\/\/kastenkidz.com\/hu\/wp-json\/wp\/v2\/product_tag?post=8431"}],"curies":[{"name":"wp","href":"https:\/\/api.w.org\/{rel}","templated":true}]}}